{"id":3752,"date":"2025-10-05T19:38:16","date_gmt":"2025-10-05T19:38:16","guid":{"rendered":"https:\/\/daltec.ch\/?post_type=product&#038;p=3752"},"modified":"2025-10-05T19:40:58","modified_gmt":"2025-10-05T19:40:58","slug":"neuer-aufbau-auf-altes-auto","status":"publish","type":"product","link":"https:\/\/daltec.ch\/fr\/product\/neuer-aufbau-auf-altes-auto","title":{"rendered":"Neuer Aufbau auf altes Auto"},"content":{"rendered":"<p>Si vous souhaitez augmenter la flexibilit\u00e9 de votre entreprise de transport ou de votre service de livraison, vous devriez regarder de plus pr\u00e8s les superstructures de la soci\u00e9t\u00e9 Daltec. Caisses en aluminium ou panneaux sandwich, plateaux, b\u00e2ches, bennes, tous avec des dimensions variables. Equip\u00e9 en plus d'une b\u00e2che \u00e0 enroulement, d'un syst\u00e8me de rideaux, de trappes lat\u00e9rales, d'escaliers, de rampes d'acc\u00e8s, d'une plate-forme \u00e9l\u00e9vatrice ou d'une grue, chaque ch\u00e2ssis devient votre transporteur optimal. Le syst\u00e8me de chargement traversant Daltec permet de charger le v\u00e9hicule tracteur sans le d\u00e9crocher. Comme nos superstructures sont fabriqu\u00e9es sur mesure, il n'existe pas de liste de prix correspondante.<\/p>\n<h4><\/h4>","protected":false},"excerpt":{"rendered":"<h5><em>Prix sur demande<\/em><\/h5>\n<h4>Donn\u00e9es techniques:<\/h4>\n<table class=\"table\">\n<tbody>\n<tr>\n<th>Longueur int\u00e9rieure<\/th>\n<td>0 <small>mm<\/small><\/td>\n<\/tr>\n<tr>\n<th>Largeur int\u00e9rieure<\/th>\n<td>0<small>mm<\/small><\/td>\n<\/tr>\n<tr>\n<th>Hauteur int\u00e9rieure<\/th>\n<td><small>0 mm<\/small><\/td>\n<\/tr>\n<tr>\n<th>Essieux<\/th>\n<td>0<small><\/small><\/td>\n<\/tr>\n<tr>\n<th>Poids total<\/th>\n<td>0 <small>kg<\/small><\/td>\n<\/tr>\n<tr>\n<th>Charge utile<\/th>\n<td>0<small> kg<\/small><\/td>\n<\/tr>\n<tr>\n<th>Roues<\/th>\n<td><\/td>\n<\/tr>\n<\/tbody>\n<\/table>","protected":false},"featured_media":3747,"comment_status":"open","ping_status":"closed","template":"","meta":{"_acf_changed":false},"product_brand":[],"product_cat":[34],"product_tag":[],"class_list":{"0":"post-3752","1":"product","2":"type-product","3":"status-publish","4":"has-post-thumbnail","6":"product_cat-fahrzeugbau-anhaenger","8":"first","9":"instock","10":"featured","11":"shipping-taxable","12":"product-type-simple"},"acf":[],"yoast_head":"<!-- This site is optimized with the Yoast SEO plugin v27.4 - https:\/\/yoast.com\/product\/yoast-seo-wordpress\/ -->\n<title>Neuer Aufbau auf altes Auto - Daltec<\/title>\n<meta name=\"description\" content=\"Neuer Aufbau auf altes Auto\" \/>\n<meta name=\"robots\" content=\"index, follow, max-snippet:-1, max-image-preview:large, max-video-preview:-1\" \/>\n<link rel=\"canonical\" href=\"https:\/\/daltec.ch\/fr\/product\/neuer-aufbau-auf-altes-auto\/\" \/>\n<meta property=\"og:locale\" content=\"fr_FR\" \/>\n<meta property=\"og:type\" content=\"article\" \/>\n<meta property=\"og:title\" content=\"Neuer Aufbau auf altes Auto - Daltec\" \/>\n<meta property=\"og:description\" content=\"Neuer Aufbau auf altes Auto\" \/>\n<meta property=\"og:url\" content=\"https:\/\/daltec.ch\/fr\/product\/neuer-aufbau-auf-altes-auto\/\" \/>\n<meta property=\"og:site_name\" content=\"Daltec\" \/>\n<meta property=\"article:publisher\" content=\"https:\/\/www.facebook.com\/DaltecAG\" \/>\n<meta property=\"article:modified_time\" content=\"2025-10-05T19:40:58+00:00\" \/>\n<meta property=\"og:image\" content=\"https:\/\/daltec.ch\/wp-content\/uploads\/2025\/10\/WhatsApp-Bild-2025-10-03-um-07.53.38_c546983b-1.jpg\" \/>\n\t<meta property=\"og:image:width\" content=\"1600\" \/>\n\t<meta property=\"og:image:height\" content=\"1200\" \/>\n\t<meta property=\"og:image:type\" content=\"image\/jpeg\" \/>\n<meta name=\"twitter:card\" content=\"summary_large_image\" \/>\n<meta name=\"twitter:label1\" content=\"Dur\u00e9e de lecture estim\u00e9e\" \/>\n\t<meta name=\"twitter:data1\" content=\"1 minute\" \/>\n<script type=\"application\/ld+json\" class=\"yoast-schema-graph\">{\"@context\":\"https:\\\/\\\/schema.org\",\"@graph\":[{\"@type\":\"WebPage\",\"@id\":\"https:\\\/\\\/daltec.ch\\\/product\\\/neuer-aufbau-auf-altes-auto\",\"url\":\"https:\\\/\\\/daltec.ch\\\/product\\\/neuer-aufbau-auf-altes-auto\",\"name\":\"Neuer Aufbau auf altes Auto - Daltec\",\"isPartOf\":{\"@id\":\"https:\\\/\\\/daltec.ch\\\/fr\\\/#website\"},\"primaryImageOfPage\":{\"@id\":\"https:\\\/\\\/daltec.ch\\\/product\\\/neuer-aufbau-auf-altes-auto#primaryimage\"},\"image\":{\"@id\":\"https:\\\/\\\/daltec.ch\\\/product\\\/neuer-aufbau-auf-altes-auto#primaryimage\"},\"thumbnailUrl\":\"https:\\\/\\\/daltec.ch\\\/wp-content\\\/uploads\\\/2025\\\/10\\\/WhatsApp-Bild-2025-10-03-um-07.53.38_c546983b-1.jpg\",\"datePublished\":\"2025-10-05T19:38:16+00:00\",\"dateModified\":\"2025-10-05T19:40:58+00:00\",\"description\":\"Neuer Aufbau auf altes Auto\",\"breadcrumb\":{\"@id\":\"https:\\\/\\\/daltec.ch\\\/product\\\/neuer-aufbau-auf-altes-auto#breadcrumb\"},\"inLanguage\":\"fr-FR\",\"potentialAction\":[{\"@type\":\"ReadAction\",\"target\":[\"https:\\\/\\\/daltec.ch\\\/product\\\/neuer-aufbau-auf-altes-auto\"]}]},{\"@type\":\"ImageObject\",\"inLanguage\":\"fr-FR\",\"@id\":\"https:\\\/\\\/daltec.ch\\\/product\\\/neuer-aufbau-auf-altes-auto#primaryimage\",\"url\":\"https:\\\/\\\/daltec.ch\\\/wp-content\\\/uploads\\\/2025\\\/10\\\/WhatsApp-Bild-2025-10-03-um-07.53.38_c546983b-1.jpg\",\"contentUrl\":\"https:\\\/\\\/daltec.ch\\\/wp-content\\\/uploads\\\/2025\\\/10\\\/WhatsApp-Bild-2025-10-03-um-07.53.38_c546983b-1.jpg\",\"width\":1600,\"height\":1200},{\"@type\":\"BreadcrumbList\",\"@id\":\"https:\\\/\\\/daltec.ch\\\/product\\\/neuer-aufbau-auf-altes-auto#breadcrumb\",\"itemListElement\":[{\"@type\":\"ListItem\",\"position\":1,\"name\":\"Startseite\",\"item\":\"https:\\\/\\\/daltec.ch\\\/\"},{\"@type\":\"ListItem\",\"position\":2,\"name\":\"anhaenger\",\"item\":\"https:\\\/\\\/daltec.ch\\\/anhaenger\"},{\"@type\":\"ListItem\",\"position\":3,\"name\":\"Neuer Aufbau auf altes Auto\"}]},{\"@type\":\"WebSite\",\"@id\":\"https:\\\/\\\/daltec.ch\\\/fr\\\/#website\",\"url\":\"https:\\\/\\\/daltec.ch\\\/fr\\\/\",\"name\":\"Daltec Trailers\",\"description\":\"\",\"publisher\":{\"@id\":\"https:\\\/\\\/daltec.ch\\\/fr\\\/#organization\"},\"potentialAction\":[{\"@type\":\"SearchAction\",\"target\":{\"@type\":\"EntryPoint\",\"urlTemplate\":\"https:\\\/\\\/daltec.ch\\\/fr\\\/?s={search_term_string}\"},\"query-input\":{\"@type\":\"PropertyValueSpecification\",\"valueRequired\":true,\"valueName\":\"search_term_string\"}}],\"inLanguage\":\"fr-FR\"},{\"@type\":\"Organization\",\"@id\":\"https:\\\/\\\/daltec.ch\\\/fr\\\/#organization\",\"name\":\"Daltec AG\",\"url\":\"https:\\\/\\\/daltec.ch\\\/fr\\\/\",\"logo\":{\"@type\":\"ImageObject\",\"inLanguage\":\"fr-FR\",\"@id\":\"https:\\\/\\\/daltec.ch\\\/fr\\\/#\\\/schema\\\/logo\\\/image\\\/\",\"url\":\"https:\\\/\\\/daltec.ch\\\/wp-content\\\/uploads\\\/2025\\\/08\\\/dlteclogo.webp\",\"contentUrl\":\"https:\\\/\\\/daltec.ch\\\/wp-content\\\/uploads\\\/2025\\\/08\\\/dlteclogo.webp\",\"width\":500,\"height\":195,\"caption\":\"Daltec AG\"},\"image\":{\"@id\":\"https:\\\/\\\/daltec.ch\\\/fr\\\/#\\\/schema\\\/logo\\\/image\\\/\"},\"sameAs\":[\"https:\\\/\\\/www.facebook.com\\\/DaltecAG\"]}]}<\/script>\n<!-- \/ Yoast SEO plugin. -->","yoast_head_json":{"title":"Neuer Aufbau auf altes Auto - Daltec","description":"Neuer Aufbau auf altes Auto","robots":{"index":"index","follow":"follow","max-snippet":"max-snippet:-1","max-image-preview":"max-image-preview:large","max-video-preview":"max-video-preview:-1"},"canonical":"https:\/\/daltec.ch\/fr\/product\/neuer-aufbau-auf-altes-auto\/","og_locale":"fr_FR","og_type":"article","og_title":"Neuer Aufbau auf altes Auto - Daltec","og_description":"Neuer Aufbau auf altes Auto","og_url":"https:\/\/daltec.ch\/fr\/product\/neuer-aufbau-auf-altes-auto\/","og_site_name":"Daltec","article_publisher":"https:\/\/www.facebook.com\/DaltecAG","article_modified_time":"2025-10-05T19:40:58+00:00","og_image":[{"width":1600,"height":1200,"url":"https:\/\/daltec.ch\/wp-content\/uploads\/2025\/10\/WhatsApp-Bild-2025-10-03-um-07.53.38_c546983b-1.jpg","type":"image\/jpeg"}],"twitter_card":"summary_large_image","twitter_misc":{"Dur\u00e9e de lecture estim\u00e9e":"1 minute"},"schema":{"@context":"https:\/\/schema.org","@graph":[{"@type":"WebPage","@id":"https:\/\/daltec.ch\/product\/neuer-aufbau-auf-altes-auto","url":"https:\/\/daltec.ch\/product\/neuer-aufbau-auf-altes-auto","name":"Neuer Aufbau auf altes Auto - Daltec","isPartOf":{"@id":"https:\/\/daltec.ch\/fr\/#website"},"primaryImageOfPage":{"@id":"https:\/\/daltec.ch\/product\/neuer-aufbau-auf-altes-auto#primaryimage"},"image":{"@id":"https:\/\/daltec.ch\/product\/neuer-aufbau-auf-altes-auto#primaryimage"},"thumbnailUrl":"https:\/\/daltec.ch\/wp-content\/uploads\/2025\/10\/WhatsApp-Bild-2025-10-03-um-07.53.38_c546983b-1.jpg","datePublished":"2025-10-05T19:38:16+00:00","dateModified":"2025-10-05T19:40:58+00:00","description":"Neuer Aufbau auf altes Auto","breadcrumb":{"@id":"https:\/\/daltec.ch\/product\/neuer-aufbau-auf-altes-auto#breadcrumb"},"inLanguage":"fr-FR","potentialAction":[{"@type":"ReadAction","target":["https:\/\/daltec.ch\/product\/neuer-aufbau-auf-altes-auto"]}]},{"@type":"ImageObject","inLanguage":"fr-FR","@id":"https:\/\/daltec.ch\/product\/neuer-aufbau-auf-altes-auto#primaryimage","url":"https:\/\/daltec.ch\/wp-content\/uploads\/2025\/10\/WhatsApp-Bild-2025-10-03-um-07.53.38_c546983b-1.jpg","contentUrl":"https:\/\/daltec.ch\/wp-content\/uploads\/2025\/10\/WhatsApp-Bild-2025-10-03-um-07.53.38_c546983b-1.jpg","width":1600,"height":1200},{"@type":"BreadcrumbList","@id":"https:\/\/daltec.ch\/product\/neuer-aufbau-auf-altes-auto#breadcrumb","itemListElement":[{"@type":"ListItem","position":1,"name":"Startseite","item":"https:\/\/daltec.ch\/"},{"@type":"ListItem","position":2,"name":"anhaenger","item":"https:\/\/daltec.ch\/anhaenger"},{"@type":"ListItem","position":3,"name":"Neuer Aufbau auf altes Auto"}]},{"@type":"WebSite","@id":"https:\/\/daltec.ch\/fr\/#website","url":"https:\/\/daltec.ch\/fr\/","name":"Daltec Trailers","description":"","publisher":{"@id":"https:\/\/daltec.ch\/fr\/#organization"},"potentialAction":[{"@type":"SearchAction","target":{"@type":"EntryPoint","urlTemplate":"https:\/\/daltec.ch\/fr\/?s={search_term_string}"},"query-input":{"@type":"PropertyValueSpecification","valueRequired":true,"valueName":"search_term_string"}}],"inLanguage":"fr-FR"},{"@type":"Organization","@id":"https:\/\/daltec.ch\/fr\/#organization","name":"Daltec AG","url":"https:\/\/daltec.ch\/fr\/","logo":{"@type":"ImageObject","inLanguage":"fr-FR","@id":"https:\/\/daltec.ch\/fr\/#\/schema\/logo\/image\/","url":"https:\/\/daltec.ch\/wp-content\/uploads\/2025\/08\/dlteclogo.webp","contentUrl":"https:\/\/daltec.ch\/wp-content\/uploads\/2025\/08\/dlteclogo.webp","width":500,"height":195,"caption":"Daltec AG"},"image":{"@id":"https:\/\/daltec.ch\/fr\/#\/schema\/logo\/image\/"},"sameAs":["https:\/\/www.facebook.com\/DaltecAG"]}]}},"_links":{"self":[{"href":"https:\/\/daltec.ch\/fr\/wp-json\/wp\/v2\/product\/3752","targetHints":{"allow":["GET"]}}],"collection":[{"href":"https:\/\/daltec.ch\/fr\/wp-json\/wp\/v2\/product"}],"about":[{"href":"https:\/\/daltec.ch\/fr\/wp-json\/wp\/v2\/types\/product"}],"replies":[{"embeddable":true,"href":"https:\/\/daltec.ch\/fr\/wp-json\/wp\/v2\/comments?post=3752"}],"wp:featuredmedia":[{"embeddable":true,"href":"https:\/\/daltec.ch\/fr\/wp-json\/wp\/v2\/media\/3747"}],"wp:attachment":[{"href":"https:\/\/daltec.ch\/fr\/wp-json\/wp\/v2\/media?parent=3752"}],"wp:term":[{"taxonomy":"product_brand","embeddable":true,"href":"https:\/\/daltec.ch\/fr\/wp-json\/wp\/v2\/product_brand?post=3752"},{"taxonomy":"product_cat","embeddable":true,"href":"https:\/\/daltec.ch\/fr\/wp-json\/wp\/v2\/product_cat?post=3752"},{"taxonomy":"product_tag","embeddable":true,"href":"https:\/\/daltec.ch\/fr\/wp-json\/wp\/v2\/product_tag?post=3752"}],"curies":[{"name":"wp","href":"https:\/\/api.w.org\/{rel}","templated":true}]}}