{"id":3816,"date":"2025-10-23T19:30:31","date_gmt":"2025-10-23T19:30:31","guid":{"rendered":"https:\/\/daltec.ch\/?post_type=product&#038;p=3816"},"modified":"2025-12-27T19:21:45","modified_gmt":"2025-12-27T19:21:45","slug":"daltec-kuehlanhaenger-cargo-35-fk-neuwertig","status":"publish","type":"product","link":"https:\/\/daltec.ch\/fr\/product\/daltec-kuehlanhaenger-cargo-35-fk-neuwertig","title":{"rendered":"Daltec Cargo 35 BK\/FK neuwertig"},"content":{"rendered":"<p>Daltec Cargo 35 FK<br \/>\nGesamtgewicht: 3500 Kg<br \/>\nNutzlast: 2450 Kg<br \/>\nInnenmasse 4000x2050x2000mm<br \/>\nK\u00fchlanh\u00e4nger mit K\u00fchlger\u00e4t Govi 2500 f\u00fcr Temperaturgef\u00fchrte Lebensmitteltransporte<br \/>\n+2 Grad<br \/>\nKoffer 50 mm Isoliert inklusive Dach und Boden. Fl\u00fcgelt\u00fcre hinten Personent\u00fcre rechte Seite.<\/p>\n<p>Preis CHF 17\u2018700.- inkl MwSt<br \/>\nMit 2\u00a0Jahre\u00a0Garantie<\/p>\n<p>Daltec Cargo 35 FK<br \/>\nPoids total : 3500 kg<br \/>\nCharge utile : 2450 kg<br \/>\nDimensions int\u00e9rieures 4000 x 2050 x 2000 mm<br \/>\nRemorque frigorifique avec groupe frigorifique Govi 2500 pour le transport de denr\u00e9es alimentaires \u00e0 temp\u00e9rature contr\u00f4l\u00e9e<br \/>\n+2 degr\u00e9s<br \/>\nCaisse isol\u00e9e de 50 mm, y compris le toit et le plancher. Porte battante \u00e0 l&#8217;arri\u00e8re, porte pour personnes \u00e0 droite.<\/p>\n<p>Prix CHF 17 700.- TVA comprise<br \/>\nAvec 2 ans de garantie<\/p>","protected":false},"excerpt":{"rendered":"<h4>Donn\u00e9es techniques:<\/h4>\n<table class=\"table\">\n<tbody>\n<tr>\n<th>Longueur int\u00e9rieure<\/th>\n<td>4000 mm<\/td>\n<\/tr>\n<tr>\n<th>Largeur int\u00e9rieure<\/th>\n<td><span style=\"font-size: 18px;\"><small> 2050 mm<\/small><\/span><\/td>\n<\/tr>\n<tr>\n<th>Hauteur int\u00e9rieure<\/th>\n<td><small>\u00a0<span style=\"font-size: 16px;\">2000 mm<\/span><\/small><\/td>\n<\/tr>\n<tr>\n<th>Essieux<\/th>\n<td>2<\/td>\n<\/tr>\n<tr>\n<th>Avec freins<\/th>\n<td>ja<\/td>\n<\/tr>\n<tr>\n<th>Poids total<\/th>\n<td>3500 Kg<\/td>\n<\/tr>\n<tr>\n<th>Charge utile<\/th>\n<td>\u00a02450 Kg<\/td>\n<\/tr>\n<tr>\n<th>Roues<\/th>\n<td><\/td>\n<\/tr>\n<tr>\n<th>Dimensions ext\u00e9rieures<\/th>\n<td><\/td>\n<\/tr>\n<\/tbody>\n<\/table>\n<h4><\/h4>\n<h4><\/h4>","protected":false},"featured_media":3817,"comment_status":"open","ping_status":"closed","template":"","meta":{"_acf_changed":false},"product_brand":[],"product_cat":[37],"product_tag":[],"class_list":{"0":"post-3816","1":"product","2":"type-product","3":"status-publish","4":"has-post-thumbnail","6":"product_cat-occasionen-anhaenger","8":"first","9":"instock","10":"featured","11":"shipping-taxable","12":"purchasable","13":"product-type-simple"},"acf":[],"yoast_head":"<!-- This site is optimized with the Yoast SEO plugin v27.2 - https:\/\/yoast.com\/product\/yoast-seo-wordpress\/ -->\n<title>Daltec Cargo 35 BK\/FK neuwertig - Daltec<\/title>\n<meta name=\"description\" content=\"Baumaschinentransportanh\u00e4nger NEU ab Lager lieferbar.Gesamtgewicht 3500 KgNutzlast 2740 KgDaltec Cargo 35 FKGesamtgewicht: 3500 KgNutzlast: 2450 KGInnenmasse 4000x2050x2000mmK\u00fchlanh\u00e4nger mit K\u00fchlger\u00e4t Govi 2500 f\u00fcr Temperaturgef\u00fchrte Lebensmitteltransporte +2 Grad Koffer 50 mm Isoliert\" \/>\n<meta name=\"robots\" content=\"index, follow, max-snippet:-1, max-image-preview:large, max-video-preview:-1\" \/>\n<link rel=\"canonical\" href=\"https:\/\/daltec.ch\/fr\/product\/daltec-kuehlanhaenger-cargo-35-fk-neuwertig\/\" \/>\n<meta property=\"og:locale\" content=\"fr_FR\" \/>\n<meta property=\"og:type\" content=\"article\" \/>\n<meta property=\"og:title\" content=\"Daltec Cargo 35 BK\/FK neuwertig - Daltec\" \/>\n<meta property=\"og:description\" content=\"Baumaschinentransportanh\u00e4nger NEU ab Lager lieferbar.Gesamtgewicht 3500 KgNutzlast 2740 KgDaltec Cargo 35 FKGesamtgewicht: 3500 KgNutzlast: 2450 KGInnenmasse 4000x2050x2000mmK\u00fchlanh\u00e4nger mit K\u00fchlger\u00e4t Govi 2500 f\u00fcr Temperaturgef\u00fchrte Lebensmitteltransporte +2 Grad Koffer 50 mm Isoliert\" \/>\n<meta property=\"og:url\" content=\"https:\/\/daltec.ch\/fr\/product\/daltec-kuehlanhaenger-cargo-35-fk-neuwertig\/\" \/>\n<meta property=\"og:site_name\" content=\"Daltec\" \/>\n<meta property=\"article:publisher\" content=\"https:\/\/www.facebook.com\/DaltecAG\" \/>\n<meta property=\"article:modified_time\" content=\"2025-12-27T19:21:45+00:00\" \/>\n<meta property=\"og:image\" content=\"https:\/\/daltec.ch\/wp-content\/uploads\/2025\/10\/WhatsApp-Bild-2025-10-23-um-17.18.01_18e078e7.jpg\" \/>\n\t<meta property=\"og:image:width\" content=\"1200\" \/>\n\t<meta property=\"og:image:height\" content=\"1600\" \/>\n\t<meta property=\"og:image:type\" content=\"image\/jpeg\" \/>\n<meta name=\"twitter:card\" content=\"summary_large_image\" \/>\n<meta name=\"twitter:label1\" content=\"Dur\u00e9e de lecture estim\u00e9e\" \/>\n\t<meta name=\"twitter:data1\" content=\"1 minute\" \/>\n<script type=\"application\/ld+json\" class=\"yoast-schema-graph\">{\"@context\":\"https:\/\/schema.org\",\"@graph\":[{\"@type\":\"WebPage\",\"@id\":\"https:\/\/daltec.ch\/product\/daltec-kuehlanhaenger-cargo-35-fk-neuwertig\",\"url\":\"https:\/\/daltec.ch\/product\/daltec-kuehlanhaenger-cargo-35-fk-neuwertig\",\"name\":\"Daltec Cargo 35 BK\/FK neuwertig - Daltec\",\"isPartOf\":{\"@id\":\"https:\/\/daltec.ch\/fr\/#website\"},\"primaryImageOfPage\":{\"@id\":\"https:\/\/daltec.ch\/product\/daltec-kuehlanhaenger-cargo-35-fk-neuwertig#primaryimage\"},\"image\":{\"@id\":\"https:\/\/daltec.ch\/product\/daltec-kuehlanhaenger-cargo-35-fk-neuwertig#primaryimage\"},\"thumbnailUrl\":\"https:\/\/daltec.ch\/wp-content\/uploads\/2025\/10\/WhatsApp-Bild-2025-10-23-um-17.18.01_18e078e7.jpg\",\"datePublished\":\"2025-10-23T19:30:31+00:00\",\"dateModified\":\"2025-12-27T19:21:45+00:00\",\"description\":\"Baumaschinentransportanh\u00e4nger NEU ab Lager lieferbar.Gesamtgewicht 3500 KgNutzlast 2740 KgDaltec Cargo 35 FKGesamtgewicht: 3500 KgNutzlast: 2450 KGInnenmasse 4000x2050x2000mmK\u00fchlanh\u00e4nger mit K\u00fchlger\u00e4t Govi 2500 f\u00fcr Temperaturgef\u00fchrte Lebensmitteltransporte +2 Grad Koffer 50 mm Isoliert\",\"breadcrumb\":{\"@id\":\"https:\/\/daltec.ch\/product\/daltec-kuehlanhaenger-cargo-35-fk-neuwertig#breadcrumb\"},\"inLanguage\":\"fr-FR\",\"potentialAction\":[{\"@type\":\"ReadAction\",\"target\":[\"https:\/\/daltec.ch\/product\/daltec-kuehlanhaenger-cargo-35-fk-neuwertig\"]}]},{\"@type\":\"ImageObject\",\"inLanguage\":\"fr-FR\",\"@id\":\"https:\/\/daltec.ch\/product\/daltec-kuehlanhaenger-cargo-35-fk-neuwertig#primaryimage\",\"url\":\"https:\/\/daltec.ch\/wp-content\/uploads\/2025\/10\/WhatsApp-Bild-2025-10-23-um-17.18.01_18e078e7.jpg\",\"contentUrl\":\"https:\/\/daltec.ch\/wp-content\/uploads\/2025\/10\/WhatsApp-Bild-2025-10-23-um-17.18.01_18e078e7.jpg\",\"width\":1200,\"height\":1600},{\"@type\":\"BreadcrumbList\",\"@id\":\"https:\/\/daltec.ch\/product\/daltec-kuehlanhaenger-cargo-35-fk-neuwertig#breadcrumb\",\"itemListElement\":[{\"@type\":\"ListItem\",\"position\":1,\"name\":\"Startseite\",\"item\":\"https:\/\/daltec.ch\/\"},{\"@type\":\"ListItem\",\"position\":2,\"name\":\"anhaenger\",\"item\":\"https:\/\/daltec.ch\/anhaenger\"},{\"@type\":\"ListItem\",\"position\":3,\"name\":\"Daltec Cargo 35 BK\/FK neuwertig\"}]},{\"@type\":\"WebSite\",\"@id\":\"https:\/\/daltec.ch\/fr\/#website\",\"url\":\"https:\/\/daltec.ch\/fr\/\",\"name\":\"Daltec Trailers\",\"description\":\"\",\"publisher\":{\"@id\":\"https:\/\/daltec.ch\/fr\/#organization\"},\"potentialAction\":[{\"@type\":\"SearchAction\",\"target\":{\"@type\":\"EntryPoint\",\"urlTemplate\":\"https:\/\/daltec.ch\/fr\/?s={search_term_string}\"},\"query-input\":{\"@type\":\"PropertyValueSpecification\",\"valueRequired\":true,\"valueName\":\"search_term_string\"}}],\"inLanguage\":\"fr-FR\"},{\"@type\":\"Organization\",\"@id\":\"https:\/\/daltec.ch\/fr\/#organization\",\"name\":\"Daltec AG\",\"url\":\"https:\/\/daltec.ch\/fr\/\",\"logo\":{\"@type\":\"ImageObject\",\"inLanguage\":\"fr-FR\",\"@id\":\"https:\/\/daltec.ch\/fr\/#\/schema\/logo\/image\/\",\"url\":\"https:\/\/daltec.ch\/wp-content\/uploads\/2025\/08\/dlteclogo.webp\",\"contentUrl\":\"https:\/\/daltec.ch\/wp-content\/uploads\/2025\/08\/dlteclogo.webp\",\"width\":500,\"height\":195,\"caption\":\"Daltec AG\"},\"image\":{\"@id\":\"https:\/\/daltec.ch\/fr\/#\/schema\/logo\/image\/\"},\"sameAs\":[\"https:\/\/www.facebook.com\/DaltecAG\"]}]}<\/script>\n<!-- \/ Yoast SEO plugin. -->","yoast_head_json":{"title":"Daltec Cargo 35 BK\/FK neuwertig - Daltec","description":"Baumaschinentransportanh\u00e4nger NEU ab Lager lieferbar.Gesamtgewicht 3500 KgNutzlast 2740 KgDaltec Cargo 35 FKGesamtgewicht: 3500 KgNutzlast: 2450 KGInnenmasse 4000x2050x2000mmK\u00fchlanh\u00e4nger mit K\u00fchlger\u00e4t Govi 2500 f\u00fcr Temperaturgef\u00fchrte Lebensmitteltransporte +2 Grad Koffer 50 mm Isoliert","robots":{"index":"index","follow":"follow","max-snippet":"max-snippet:-1","max-image-preview":"max-image-preview:large","max-video-preview":"max-video-preview:-1"},"canonical":"https:\/\/daltec.ch\/fr\/product\/daltec-kuehlanhaenger-cargo-35-fk-neuwertig\/","og_locale":"fr_FR","og_type":"article","og_title":"Daltec Cargo 35 BK\/FK neuwertig - Daltec","og_description":"Baumaschinentransportanh\u00e4nger NEU ab Lager lieferbar.Gesamtgewicht 3500 KgNutzlast 2740 KgDaltec Cargo 35 FKGesamtgewicht: 3500 KgNutzlast: 2450 KGInnenmasse 4000x2050x2000mmK\u00fchlanh\u00e4nger mit K\u00fchlger\u00e4t Govi 2500 f\u00fcr Temperaturgef\u00fchrte Lebensmitteltransporte +2 Grad Koffer 50 mm Isoliert","og_url":"https:\/\/daltec.ch\/fr\/product\/daltec-kuehlanhaenger-cargo-35-fk-neuwertig\/","og_site_name":"Daltec","article_publisher":"https:\/\/www.facebook.com\/DaltecAG","article_modified_time":"2025-12-27T19:21:45+00:00","og_image":[{"width":1200,"height":1600,"url":"https:\/\/daltec.ch\/wp-content\/uploads\/2025\/10\/WhatsApp-Bild-2025-10-23-um-17.18.01_18e078e7.jpg","type":"image\/jpeg"}],"twitter_card":"summary_large_image","twitter_misc":{"Dur\u00e9e de lecture estim\u00e9e":"1 minute"},"schema":{"@context":"https:\/\/schema.org","@graph":[{"@type":"WebPage","@id":"https:\/\/daltec.ch\/product\/daltec-kuehlanhaenger-cargo-35-fk-neuwertig","url":"https:\/\/daltec.ch\/product\/daltec-kuehlanhaenger-cargo-35-fk-neuwertig","name":"Daltec Cargo 35 BK\/FK neuwertig - Daltec","isPartOf":{"@id":"https:\/\/daltec.ch\/fr\/#website"},"primaryImageOfPage":{"@id":"https:\/\/daltec.ch\/product\/daltec-kuehlanhaenger-cargo-35-fk-neuwertig#primaryimage"},"image":{"@id":"https:\/\/daltec.ch\/product\/daltec-kuehlanhaenger-cargo-35-fk-neuwertig#primaryimage"},"thumbnailUrl":"https:\/\/daltec.ch\/wp-content\/uploads\/2025\/10\/WhatsApp-Bild-2025-10-23-um-17.18.01_18e078e7.jpg","datePublished":"2025-10-23T19:30:31+00:00","dateModified":"2025-12-27T19:21:45+00:00","description":"Baumaschinentransportanh\u00e4nger NEU ab Lager lieferbar.Gesamtgewicht 3500 KgNutzlast 2740 KgDaltec Cargo 35 FKGesamtgewicht: 3500 KgNutzlast: 2450 KGInnenmasse 4000x2050x2000mmK\u00fchlanh\u00e4nger mit K\u00fchlger\u00e4t Govi 2500 f\u00fcr Temperaturgef\u00fchrte Lebensmitteltransporte +2 Grad Koffer 50 mm Isoliert","breadcrumb":{"@id":"https:\/\/daltec.ch\/product\/daltec-kuehlanhaenger-cargo-35-fk-neuwertig#breadcrumb"},"inLanguage":"fr-FR","potentialAction":[{"@type":"ReadAction","target":["https:\/\/daltec.ch\/product\/daltec-kuehlanhaenger-cargo-35-fk-neuwertig"]}]},{"@type":"ImageObject","inLanguage":"fr-FR","@id":"https:\/\/daltec.ch\/product\/daltec-kuehlanhaenger-cargo-35-fk-neuwertig#primaryimage","url":"https:\/\/daltec.ch\/wp-content\/uploads\/2025\/10\/WhatsApp-Bild-2025-10-23-um-17.18.01_18e078e7.jpg","contentUrl":"https:\/\/daltec.ch\/wp-content\/uploads\/2025\/10\/WhatsApp-Bild-2025-10-23-um-17.18.01_18e078e7.jpg","width":1200,"height":1600},{"@type":"BreadcrumbList","@id":"https:\/\/daltec.ch\/product\/daltec-kuehlanhaenger-cargo-35-fk-neuwertig#breadcrumb","itemListElement":[{"@type":"ListItem","position":1,"name":"Startseite","item":"https:\/\/daltec.ch\/"},{"@type":"ListItem","position":2,"name":"anhaenger","item":"https:\/\/daltec.ch\/anhaenger"},{"@type":"ListItem","position":3,"name":"Daltec Cargo 35 BK\/FK neuwertig"}]},{"@type":"WebSite","@id":"https:\/\/daltec.ch\/fr\/#website","url":"https:\/\/daltec.ch\/fr\/","name":"Daltec Trailers","description":"","publisher":{"@id":"https:\/\/daltec.ch\/fr\/#organization"},"potentialAction":[{"@type":"SearchAction","target":{"@type":"EntryPoint","urlTemplate":"https:\/\/daltec.ch\/fr\/?s={search_term_string}"},"query-input":{"@type":"PropertyValueSpecification","valueRequired":true,"valueName":"search_term_string"}}],"inLanguage":"fr-FR"},{"@type":"Organization","@id":"https:\/\/daltec.ch\/fr\/#organization","name":"Daltec AG","url":"https:\/\/daltec.ch\/fr\/","logo":{"@type":"ImageObject","inLanguage":"fr-FR","@id":"https:\/\/daltec.ch\/fr\/#\/schema\/logo\/image\/","url":"https:\/\/daltec.ch\/wp-content\/uploads\/2025\/08\/dlteclogo.webp","contentUrl":"https:\/\/daltec.ch\/wp-content\/uploads\/2025\/08\/dlteclogo.webp","width":500,"height":195,"caption":"Daltec AG"},"image":{"@id":"https:\/\/daltec.ch\/fr\/#\/schema\/logo\/image\/"},"sameAs":["https:\/\/www.facebook.com\/DaltecAG"]}]}},"_links":{"self":[{"href":"https:\/\/daltec.ch\/fr\/wp-json\/wp\/v2\/product\/3816","targetHints":{"allow":["GET"]}}],"collection":[{"href":"https:\/\/daltec.ch\/fr\/wp-json\/wp\/v2\/product"}],"about":[{"href":"https:\/\/daltec.ch\/fr\/wp-json\/wp\/v2\/types\/product"}],"replies":[{"embeddable":true,"href":"https:\/\/daltec.ch\/fr\/wp-json\/wp\/v2\/comments?post=3816"}],"wp:featuredmedia":[{"embeddable":true,"href":"https:\/\/daltec.ch\/fr\/wp-json\/wp\/v2\/media\/3817"}],"wp:attachment":[{"href":"https:\/\/daltec.ch\/fr\/wp-json\/wp\/v2\/media?parent=3816"}],"wp:term":[{"taxonomy":"product_brand","embeddable":true,"href":"https:\/\/daltec.ch\/fr\/wp-json\/wp\/v2\/product_brand?post=3816"},{"taxonomy":"product_cat","embeddable":true,"href":"https:\/\/daltec.ch\/fr\/wp-json\/wp\/v2\/product_cat?post=3816"},{"taxonomy":"product_tag","embeddable":true,"href":"https:\/\/daltec.ch\/fr\/wp-json\/wp\/v2\/product_tag?post=3816"}],"curies":[{"name":"wp","href":"https:\/\/api.w.org\/{rel}","templated":true}]}}