{"id":414,"date":"2024-05-15T05:40:25","date_gmt":"2024-05-15T05:40:25","guid":{"rendered":"https:\/\/demo.shrinkwaterindia.com\/?post_type=product&#038;p=414"},"modified":"2025-06-18T11:19:51","modified_gmt":"2025-06-18T11:19:51","slug":"lifter-fb-10","status":"publish","type":"product","link":"https:\/\/daltec.ch\/fr\/product\/lifter-fb-10","title":{"rendered":"Daltec Lifter FB 10, 3100&#215;1300 mm, 1000 Kg"},"content":{"rendered":"<p><em><strong>Prix: voir liste de prix sur page d'accueil<\/strong><\/em><\/p>\n<p>Cette remorque \u00e0 bas prix a \u00e9t\u00e9 con\u00e7ue et construite il y a plus de 10 ans par Daltec pour le transport de petites machines et de v\u00e9hicules. Le chargement, les v\u00e9hicules, les appareils, les machines ou les palettes enti\u00e8res sont pouss\u00e9s directement sur la surface de chargement et mis en position de d\u00e9placement en un seul mouvement. Un verrouillage automatique assure un d\u00e9placement en toute s\u00e9curit\u00e9. Bon march\u00e9 et facile \u00e0 utiliser !<\/p>\n<p><strong>Equipement:<\/strong><br \/>\nCh\u00e2ssis : Cadre de base galvanis\u00e9 \u00e0 chaud, soud\u00e9 et viss\u00e9, abaissable - verrouillage m\u00e9canique et automatique, dispositif d'attelage en V galvanis\u00e9 \u00e0 chaud, attelage \u00e0 boule et corde d'arrachage, pare-boue en plastique Roue jockey avant automatique Levage : pompe hydraulique manuelle Essieux : Knott - PEVA DALTEC, abaissable hydrauliquement avec verrouillage m\u00e9canique en position de marche Frein \u00e0 main Recul automatique Plate-forme de chargement : cadre galvanis\u00e9 \u00e0 chaud, plancher en aluminium Ridelles en profil\u00e9 d'aluminium 50 mm, jaune ou gris 6 anneaux d'attache Installation d'\u00e9clairage : 12V, selon les normes du code de la route, fiche 13 p\u00f4les<\/p>","protected":false},"excerpt":{"rendered":"<h5>Prix: voir liste de prix sur page d'accueil<\/h5>\n<p>Petite remorque abaissable \u00e0 un essieu - frein\u00e9e et bon march\u00e9 !<\/p>\n<h5>Sp\u00e9cifications<\/h5>\n<table class=\"table\">\n<tbody>\n<tr>\n<th>Longueur int\u00e9rieure<\/th>\n<td>3100 <small>mm<\/small><\/td>\n<\/tr>\n<tr>\n<th>Largeur int\u00e9rieure<\/th>\n<td>1300 <small>mm<\/small><\/td>\n<\/tr>\n<tr>\n<th>Hauteur int\u00e9rieure<\/th>\n<td>0 <small>mm<\/small><\/td>\n<\/tr>\n<tr>\n<th>Essieux<\/th>\n<td>1 <small><\/small><\/td>\n<\/tr>\n<tr>\n<th>Poids total<\/th>\n<td>1000 <small>kg<\/small><\/td>\n<\/tr>\n<tr>\n<th>Charge utile<\/th>\n<td>600 <small>kg<\/small><\/td>\n<\/tr>\n<tr>\n<th>Roues<\/th>\n<td>165\/70 R13\u00a0<small><\/small><\/td>\n<\/tr>\n<\/tbody>\n<\/table>\n<h6>Options<\/h6>\n<table>\n<tbody>\n<tr>\n<td>V - Barre au milieu de la surface de chargement<\/td>\n<td>160 CHF<\/td>\n<\/tr>\n<tr>\n<td>Electropompe avec bo\u00eetier et batterie<\/td>\n<td>1290 CHF<\/td>\n<\/tr>\n<tr>\n<td>Amortisseur de chocs 100 km\/h, paire<\/td>\n<td>100 CHF<\/td>\n<\/tr>\n<\/tbody>\n<\/table>","protected":false},"featured_media":1239,"comment_status":"open","ping_status":"closed","template":"","meta":{"_acf_changed":false},"product_brand":[],"product_cat":[23],"product_tag":[],"class_list":{"0":"post-414","1":"product","2":"type-product","3":"status-publish","4":"has-post-thumbnail","6":"product_cat-absenkanhaenger","8":"first","9":"instock","10":"featured","11":"shipping-taxable","12":"purchasable","13":"product-type-simple"},"acf":[],"yoast_head":"<!-- This site is optimized with the Yoast SEO plugin v27.2 - https:\/\/yoast.com\/product\/yoast-seo-wordpress\/ -->\n<title>Daltec Lifter FB 10, 3100x1300 mm, 1000 Kg - Daltec<\/title>\n<meta name=\"robots\" content=\"index, follow, max-snippet:-1, max-image-preview:large, max-video-preview:-1\" \/>\n<link rel=\"canonical\" href=\"https:\/\/daltec.ch\/fr\/product\/lifter-fb-10\/\" \/>\n<meta property=\"og:locale\" content=\"fr_FR\" \/>\n<meta property=\"og:type\" content=\"article\" \/>\n<meta property=\"og:title\" content=\"Daltec Lifter FB 10, 3100x1300 mm, 1000 Kg - Daltec\" \/>\n<meta property=\"og:description\" content=\"Preis: Siehe Preisliste auf Startseite Kleiner einachsiger Absenkanh\u00e4nger - gebremst und g\u00fcnstig! Technische Daten    L\u00e4nge 3100 mm   Breite 1300 mm   H\u00f6he 0 mm   Achsen 1    Gesamtgewicht 1000 kg   Nutzlast 600 kg   R\u00e4der 165\/70 R13\u00a0    Optionen    V - Leiste in der Mitte der Ladefl\u00e4che 160 CHF   Elektropumpe mit Kasten und Batterie 1290 CHF   Stossd\u00e4mpfer 100 km\/h, Paar 100 CHF\" \/>\n<meta property=\"og:url\" content=\"https:\/\/daltec.ch\/fr\/product\/lifter-fb-10\/\" \/>\n<meta property=\"og:site_name\" content=\"Daltec\" \/>\n<meta property=\"article:publisher\" content=\"https:\/\/www.facebook.com\/DaltecAG\" \/>\n<meta property=\"article:modified_time\" content=\"2025-06-18T11:19:51+00:00\" \/>\n<meta property=\"og:image\" content=\"https:\/\/daltec.ch\/wp-content\/uploads\/2024\/05\/lifter_von_FB10_bis_FBR18_1.jpg\" \/>\n\t<meta property=\"og:image:width\" content=\"700\" \/>\n\t<meta property=\"og:image:height\" content=\"700\" \/>\n\t<meta property=\"og:image:type\" content=\"image\/jpeg\" \/>\n<meta name=\"twitter:card\" content=\"summary_large_image\" \/>\n<meta name=\"twitter:label1\" content=\"Dur\u00e9e de lecture estim\u00e9e\" \/>\n\t<meta name=\"twitter:data1\" content=\"1 minute\" \/>\n<script type=\"application\/ld+json\" class=\"yoast-schema-graph\">{\"@context\":\"https:\/\/schema.org\",\"@graph\":[{\"@type\":\"WebPage\",\"@id\":\"https:\/\/daltec.ch\/product\/lifter-fb-10\",\"url\":\"https:\/\/daltec.ch\/product\/lifter-fb-10\",\"name\":\"Daltec Lifter FB 10, 3100x1300 mm, 1000 Kg - Daltec\",\"isPartOf\":{\"@id\":\"https:\/\/daltec.ch\/fr\/#website\"},\"primaryImageOfPage\":{\"@id\":\"https:\/\/daltec.ch\/product\/lifter-fb-10#primaryimage\"},\"image\":{\"@id\":\"https:\/\/daltec.ch\/product\/lifter-fb-10#primaryimage\"},\"thumbnailUrl\":\"https:\/\/daltec.ch\/wp-content\/uploads\/2024\/05\/lifter_von_FB10_bis_FBR18_1.jpg\",\"datePublished\":\"2024-05-15T05:40:25+00:00\",\"dateModified\":\"2025-06-18T11:19:51+00:00\",\"breadcrumb\":{\"@id\":\"https:\/\/daltec.ch\/product\/lifter-fb-10#breadcrumb\"},\"inLanguage\":\"fr-FR\",\"potentialAction\":[{\"@type\":\"ReadAction\",\"target\":[\"https:\/\/daltec.ch\/product\/lifter-fb-10\"]}]},{\"@type\":\"ImageObject\",\"inLanguage\":\"fr-FR\",\"@id\":\"https:\/\/daltec.ch\/product\/lifter-fb-10#primaryimage\",\"url\":\"https:\/\/daltec.ch\/wp-content\/uploads\/2024\/05\/lifter_von_FB10_bis_FBR18_1.jpg\",\"contentUrl\":\"https:\/\/daltec.ch\/wp-content\/uploads\/2024\/05\/lifter_von_FB10_bis_FBR18_1.jpg\",\"width\":700,\"height\":700},{\"@type\":\"BreadcrumbList\",\"@id\":\"https:\/\/daltec.ch\/product\/lifter-fb-10#breadcrumb\",\"itemListElement\":[{\"@type\":\"ListItem\",\"position\":1,\"name\":\"Startseite\",\"item\":\"https:\/\/daltec.ch\/\"},{\"@type\":\"ListItem\",\"position\":2,\"name\":\"anhaenger\",\"item\":\"https:\/\/daltec.ch\/anhaenger\"},{\"@type\":\"ListItem\",\"position\":3,\"name\":\"Daltec Lifter FB 10, 3100&#215;1300 mm, 1000 Kg\"}]},{\"@type\":\"WebSite\",\"@id\":\"https:\/\/daltec.ch\/fr\/#website\",\"url\":\"https:\/\/daltec.ch\/fr\/\",\"name\":\"Daltec Trailers\",\"description\":\"\",\"publisher\":{\"@id\":\"https:\/\/daltec.ch\/fr\/#organization\"},\"potentialAction\":[{\"@type\":\"SearchAction\",\"target\":{\"@type\":\"EntryPoint\",\"urlTemplate\":\"https:\/\/daltec.ch\/fr\/?s={search_term_string}\"},\"query-input\":{\"@type\":\"PropertyValueSpecification\",\"valueRequired\":true,\"valueName\":\"search_term_string\"}}],\"inLanguage\":\"fr-FR\"},{\"@type\":\"Organization\",\"@id\":\"https:\/\/daltec.ch\/fr\/#organization\",\"name\":\"Daltec AG\",\"url\":\"https:\/\/daltec.ch\/fr\/\",\"logo\":{\"@type\":\"ImageObject\",\"inLanguage\":\"fr-FR\",\"@id\":\"https:\/\/daltec.ch\/fr\/#\/schema\/logo\/image\/\",\"url\":\"https:\/\/daltec.ch\/wp-content\/uploads\/2025\/08\/dlteclogo.webp\",\"contentUrl\":\"https:\/\/daltec.ch\/wp-content\/uploads\/2025\/08\/dlteclogo.webp\",\"width\":500,\"height\":195,\"caption\":\"Daltec AG\"},\"image\":{\"@id\":\"https:\/\/daltec.ch\/fr\/#\/schema\/logo\/image\/\"},\"sameAs\":[\"https:\/\/www.facebook.com\/DaltecAG\"]}]}<\/script>\n<!-- \/ Yoast SEO plugin. -->","yoast_head_json":{"title":"Daltec Lifter FB 10, 3100x1300 mm, 1000 Kg - Daltec","robots":{"index":"index","follow":"follow","max-snippet":"max-snippet:-1","max-image-preview":"max-image-preview:large","max-video-preview":"max-video-preview:-1"},"canonical":"https:\/\/daltec.ch\/fr\/product\/lifter-fb-10\/","og_locale":"fr_FR","og_type":"article","og_title":"Daltec Lifter FB 10, 3100x1300 mm, 1000 Kg - Daltec","og_description":"Preis: Siehe Preisliste auf Startseite Kleiner einachsiger Absenkanh\u00e4nger - gebremst und g\u00fcnstig! Technische Daten    L\u00e4nge 3100 mm   Breite 1300 mm   H\u00f6he 0 mm   Achsen 1    Gesamtgewicht 1000 kg   Nutzlast 600 kg   R\u00e4der 165\/70 R13\u00a0    Optionen    V - Leiste in der Mitte der Ladefl\u00e4che 160 CHF   Elektropumpe mit Kasten und Batterie 1290 CHF   Stossd\u00e4mpfer 100 km\/h, Paar 100 CHF","og_url":"https:\/\/daltec.ch\/fr\/product\/lifter-fb-10\/","og_site_name":"Daltec","article_publisher":"https:\/\/www.facebook.com\/DaltecAG","article_modified_time":"2025-06-18T11:19:51+00:00","og_image":[{"width":700,"height":700,"url":"https:\/\/daltec.ch\/wp-content\/uploads\/2024\/05\/lifter_von_FB10_bis_FBR18_1.jpg","type":"image\/jpeg"}],"twitter_card":"summary_large_image","twitter_misc":{"Dur\u00e9e de lecture estim\u00e9e":"1 minute"},"schema":{"@context":"https:\/\/schema.org","@graph":[{"@type":"WebPage","@id":"https:\/\/daltec.ch\/product\/lifter-fb-10","url":"https:\/\/daltec.ch\/product\/lifter-fb-10","name":"Daltec Lifter FB 10, 3100x1300 mm, 1000 Kg - Daltec","isPartOf":{"@id":"https:\/\/daltec.ch\/fr\/#website"},"primaryImageOfPage":{"@id":"https:\/\/daltec.ch\/product\/lifter-fb-10#primaryimage"},"image":{"@id":"https:\/\/daltec.ch\/product\/lifter-fb-10#primaryimage"},"thumbnailUrl":"https:\/\/daltec.ch\/wp-content\/uploads\/2024\/05\/lifter_von_FB10_bis_FBR18_1.jpg","datePublished":"2024-05-15T05:40:25+00:00","dateModified":"2025-06-18T11:19:51+00:00","breadcrumb":{"@id":"https:\/\/daltec.ch\/product\/lifter-fb-10#breadcrumb"},"inLanguage":"fr-FR","potentialAction":[{"@type":"ReadAction","target":["https:\/\/daltec.ch\/product\/lifter-fb-10"]}]},{"@type":"ImageObject","inLanguage":"fr-FR","@id":"https:\/\/daltec.ch\/product\/lifter-fb-10#primaryimage","url":"https:\/\/daltec.ch\/wp-content\/uploads\/2024\/05\/lifter_von_FB10_bis_FBR18_1.jpg","contentUrl":"https:\/\/daltec.ch\/wp-content\/uploads\/2024\/05\/lifter_von_FB10_bis_FBR18_1.jpg","width":700,"height":700},{"@type":"BreadcrumbList","@id":"https:\/\/daltec.ch\/product\/lifter-fb-10#breadcrumb","itemListElement":[{"@type":"ListItem","position":1,"name":"Startseite","item":"https:\/\/daltec.ch\/"},{"@type":"ListItem","position":2,"name":"anhaenger","item":"https:\/\/daltec.ch\/anhaenger"},{"@type":"ListItem","position":3,"name":"Daltec Lifter FB 10, 3100&#215;1300 mm, 1000 Kg"}]},{"@type":"WebSite","@id":"https:\/\/daltec.ch\/fr\/#website","url":"https:\/\/daltec.ch\/fr\/","name":"Daltec Trailers","description":"","publisher":{"@id":"https:\/\/daltec.ch\/fr\/#organization"},"potentialAction":[{"@type":"SearchAction","target":{"@type":"EntryPoint","urlTemplate":"https:\/\/daltec.ch\/fr\/?s={search_term_string}"},"query-input":{"@type":"PropertyValueSpecification","valueRequired":true,"valueName":"search_term_string"}}],"inLanguage":"fr-FR"},{"@type":"Organization","@id":"https:\/\/daltec.ch\/fr\/#organization","name":"Daltec AG","url":"https:\/\/daltec.ch\/fr\/","logo":{"@type":"ImageObject","inLanguage":"fr-FR","@id":"https:\/\/daltec.ch\/fr\/#\/schema\/logo\/image\/","url":"https:\/\/daltec.ch\/wp-content\/uploads\/2025\/08\/dlteclogo.webp","contentUrl":"https:\/\/daltec.ch\/wp-content\/uploads\/2025\/08\/dlteclogo.webp","width":500,"height":195,"caption":"Daltec AG"},"image":{"@id":"https:\/\/daltec.ch\/fr\/#\/schema\/logo\/image\/"},"sameAs":["https:\/\/www.facebook.com\/DaltecAG"]}]}},"_links":{"self":[{"href":"https:\/\/daltec.ch\/fr\/wp-json\/wp\/v2\/product\/414","targetHints":{"allow":["GET"]}}],"collection":[{"href":"https:\/\/daltec.ch\/fr\/wp-json\/wp\/v2\/product"}],"about":[{"href":"https:\/\/daltec.ch\/fr\/wp-json\/wp\/v2\/types\/product"}],"replies":[{"embeddable":true,"href":"https:\/\/daltec.ch\/fr\/wp-json\/wp\/v2\/comments?post=414"}],"wp:featuredmedia":[{"embeddable":true,"href":"https:\/\/daltec.ch\/fr\/wp-json\/wp\/v2\/media\/1239"}],"wp:attachment":[{"href":"https:\/\/daltec.ch\/fr\/wp-json\/wp\/v2\/media?parent=414"}],"wp:term":[{"taxonomy":"product_brand","embeddable":true,"href":"https:\/\/daltec.ch\/fr\/wp-json\/wp\/v2\/product_brand?post=414"},{"taxonomy":"product_cat","embeddable":true,"href":"https:\/\/daltec.ch\/fr\/wp-json\/wp\/v2\/product_cat?post=414"},{"taxonomy":"product_tag","embeddable":true,"href":"https:\/\/daltec.ch\/fr\/wp-json\/wp\/v2\/product_tag?post=414"}],"curies":[{"name":"wp","href":"https:\/\/api.w.org\/{rel}","templated":true}]}}