{"id":456,"date":"2024-05-15T07:42:22","date_gmt":"2024-05-15T07:42:22","guid":{"rendered":"https:\/\/demo.shrinkwaterindia.com\/?post_type=product&#038;p=456"},"modified":"2025-06-18T11:05:59","modified_gmt":"2025-06-18T11:05:59","slug":"lifter-fbr-18","status":"publish","type":"product","link":"https:\/\/daltec.ch\/fr\/product\/lifter-fbr-18","title":{"rendered":"Daltec Lifter FBR 18, 3000&#215;1670 mm, 1800 Kg"},"content":{"rendered":"<p><em><strong>Prix: voir liste de prix sur page d'accueil<\/strong><\/em><\/p>\n<p>Id\u00e9al pour le transport de petites machines et de v\u00e9hicules! Pousser la charge, les v\u00e9hicules, les appareils, les machines ou des palettes enti\u00e8res directement sur la surface de chargement et les mettre en position de marche d'un mouvement. Le verrouillage automatique assure ensuite une conduite s\u00fbre. Daltec a d\u00e9velopp\u00e9 et construit la premi\u00e8re remorque abaisante bon march\u00e9 il y a 10 ans. Des milliers de nos ascenseurs circulent d\u00e9j\u00e0 dans toute l'Europe. Facile \u00e0 utiliser et renforc\u00e9 pour une plus grande charge utile!<\/p>\n<h4>Equipement:<\/h4>\n<p>Ch\u00e2ssis : cadre de base galvanis\u00e9 \u00e0 chaud, soud\u00e9 et viss\u00e9, dispositif d'attelage en V galvanis\u00e9 \u00e0 chaud, embrayage \u00e0 bille avec ligne de d\u00e9chirement, protection contre les excr\u00e9ments en plastique Roue de support avant levage automatique : pompe hydraulique manuelle Essieux : Knott \u2013 PEVA DALTEC, hydrauliquement abaissable avec d\u00e9verrouillage m\u00e9canique &amp; verrouillage automatique en position de conduite Frein manuel de recul automatique Surface de chargement : cadre galvanis\u00e9 \u00e0 chaud, plancher en plaque de s\u00e9rigraphie 18 mm, parois de forage en profil\u00e9 en aluminium 50 mm, jaune ou gris Rampe arri\u00e8re praticable, verrouill\u00e9e m\u00e9caniquement, 6 pcs anneaux de liaison Syst\u00e8me d'\u00e9clairage : 12V, selon les normes de la StVO, prise 13 p\u00f4les<\/p>","protected":false},"excerpt":{"rendered":"<h5>Prix: voir liste de prix sur page d'accueil<\/h5>\n<p>Remorque d'aissement \u00e0 1 essieu \u2013 Bon march\u00e9 !<\/p>\n<h4>Sp\u00e9cifications<\/h4>\n<table class=\"table\">\n<tbody>\n<tr>\n<th>Longueur int\u00e9rieure<\/th>\n<td>3000 <small>mm<\/small><\/td>\n<\/tr>\n<tr>\n<th>Largeur int\u00e9rieure<\/th>\n<td>1670 <small>mm<\/small><\/td>\n<\/tr>\n<tr>\n<th>Hauteur int\u00e9rieure<\/th>\n<td>0 <small>mm<\/small><\/td>\n<\/tr>\n<tr>\n<th>Essieux<\/th>\n<td>1<small><\/small><\/td>\n<\/tr>\n<tr>\n<th>Poids total<\/th>\n<td>1800 <small>kg<\/small><\/td>\n<\/tr>\n<tr>\n<th>Charge utile<\/th>\n<td>1400 <small>kg<\/small><\/td>\n<\/tr>\n<tr>\n<th>Roues<\/th>\n<td>195\/50 R 13 C\u00a0<small><\/small><\/td>\n<\/tr>\n<\/tbody>\n<\/table>\n<h6>Options<\/h6>\n<table>\n<tbody>\n<tr>\n<td>V - Barre au milieu de la surface de chargement<\/td>\n<td>160 CHF<\/td>\n<\/tr>\n<tr>\n<td>Electropompe avec bo\u00eetier et batterie<\/td>\n<td>1290 CHF<\/td>\n<\/tr>\n<tr>\n<td>Sol - profil\u00e9s en aluminium<\/td>\n<td>240 CHF<\/td>\n<\/tr>\n<tr>\n<td>Amortisseur de chocs 100 km\/h, paire<\/td>\n<td>100 CHF<\/td>\n<\/tr>\n<tr>\n<td>B\u00e2che hauteur 1800 mm<\/td>\n<td>1910 CHF<\/td>\n<\/tr>\n<\/tbody>\n<\/table>","protected":false},"featured_media":460,"comment_status":"open","ping_status":"closed","template":"","meta":{"_acf_changed":false},"product_brand":[],"product_cat":[23],"product_tag":[],"class_list":{"0":"post-456","1":"product","2":"type-product","3":"status-publish","4":"has-post-thumbnail","6":"product_cat-absenkanhaenger","8":"first","9":"instock","10":"featured","11":"shipping-taxable","12":"purchasable","13":"product-type-simple"},"acf":[],"yoast_head":"<!-- This site is optimized with the Yoast SEO plugin v27.2 - https:\/\/yoast.com\/product\/yoast-seo-wordpress\/ -->\n<title>Daltec Lifter FBR 18, 3000x1670 mm, 1800 Kg - Daltec<\/title>\n<meta name=\"robots\" content=\"index, follow, max-snippet:-1, max-image-preview:large, max-video-preview:-1\" \/>\n<link rel=\"canonical\" href=\"https:\/\/daltec.ch\/fr\/product\/lifter-fbr-18\/\" \/>\n<meta property=\"og:locale\" content=\"fr_FR\" \/>\n<meta property=\"og:type\" content=\"article\" \/>\n<meta property=\"og:title\" content=\"Daltec Lifter FBR 18, 3000x1670 mm, 1800 Kg - Daltec\" \/>\n<meta property=\"og:description\" content=\"Preis: Siehe Preisliste auf Startseite 1-achsiger Absenkanh\u00e4nger - Preisg\u00fcnstig! Technische Daten    L\u00e4nge 3000 mm   Breite 1670 mm   H\u00f6he 0 mm   Achsen 1   Gesamtgewicht 1800 kg   Nutzlast 1400 kg   R\u00e4der 195\/50 R 13 C\u00a0    Optionen    V - Leiste in der Mitte der Ladefl\u00e4che 160 CHF   Elektropumpe mit Kasten und Batterie 1290 CHF   Boden - Alu-Profile 240 CHF   Stossd\u00e4mpfer 100 km\/h, Paar 100 CHF   Plane hoch 1800 mm 1910 CHF\" \/>\n<meta property=\"og:url\" content=\"https:\/\/daltec.ch\/fr\/product\/lifter-fbr-18\/\" \/>\n<meta property=\"og:site_name\" content=\"Daltec\" \/>\n<meta property=\"article:publisher\" content=\"https:\/\/www.facebook.com\/DaltecAG\" \/>\n<meta property=\"article:modified_time\" content=\"2025-06-18T11:05:59+00:00\" \/>\n<meta property=\"og:image\" content=\"https:\/\/daltec.ch\/wp-content\/uploads\/2024\/05\/Lifter-FBR-18.png\" \/>\n\t<meta property=\"og:image:width\" content=\"780\" \/>\n\t<meta property=\"og:image:height\" content=\"780\" \/>\n\t<meta property=\"og:image:type\" content=\"image\/png\" \/>\n<meta name=\"twitter:card\" content=\"summary_large_image\" \/>\n<meta name=\"twitter:label1\" content=\"Dur\u00e9e de lecture estim\u00e9e\" \/>\n\t<meta name=\"twitter:data1\" content=\"1 minute\" \/>\n<script type=\"application\/ld+json\" class=\"yoast-schema-graph\">{\"@context\":\"https:\/\/schema.org\",\"@graph\":[{\"@type\":\"WebPage\",\"@id\":\"https:\/\/daltec.ch\/product\/lifter-fbr-18\",\"url\":\"https:\/\/daltec.ch\/product\/lifter-fbr-18\",\"name\":\"Daltec Lifter FBR 18, 3000x1670 mm, 1800 Kg - Daltec\",\"isPartOf\":{\"@id\":\"https:\/\/daltec.ch\/fr\/#website\"},\"primaryImageOfPage\":{\"@id\":\"https:\/\/daltec.ch\/product\/lifter-fbr-18#primaryimage\"},\"image\":{\"@id\":\"https:\/\/daltec.ch\/product\/lifter-fbr-18#primaryimage\"},\"thumbnailUrl\":\"https:\/\/daltec.ch\/wp-content\/uploads\/2024\/05\/Lifter-FBR-18.png\",\"datePublished\":\"2024-05-15T07:42:22+00:00\",\"dateModified\":\"2025-06-18T11:05:59+00:00\",\"breadcrumb\":{\"@id\":\"https:\/\/daltec.ch\/product\/lifter-fbr-18#breadcrumb\"},\"inLanguage\":\"fr-FR\",\"potentialAction\":[{\"@type\":\"ReadAction\",\"target\":[\"https:\/\/daltec.ch\/product\/lifter-fbr-18\"]}]},{\"@type\":\"ImageObject\",\"inLanguage\":\"fr-FR\",\"@id\":\"https:\/\/daltec.ch\/product\/lifter-fbr-18#primaryimage\",\"url\":\"https:\/\/daltec.ch\/wp-content\/uploads\/2024\/05\/Lifter-FBR-18.png\",\"contentUrl\":\"https:\/\/daltec.ch\/wp-content\/uploads\/2024\/05\/Lifter-FBR-18.png\",\"width\":780,\"height\":780},{\"@type\":\"BreadcrumbList\",\"@id\":\"https:\/\/daltec.ch\/product\/lifter-fbr-18#breadcrumb\",\"itemListElement\":[{\"@type\":\"ListItem\",\"position\":1,\"name\":\"Startseite\",\"item\":\"https:\/\/daltec.ch\/\"},{\"@type\":\"ListItem\",\"position\":2,\"name\":\"anhaenger\",\"item\":\"https:\/\/daltec.ch\/anhaenger\"},{\"@type\":\"ListItem\",\"position\":3,\"name\":\"Daltec Lifter FBR 18, 3000&#215;1670 mm, 1800 Kg\"}]},{\"@type\":\"WebSite\",\"@id\":\"https:\/\/daltec.ch\/fr\/#website\",\"url\":\"https:\/\/daltec.ch\/fr\/\",\"name\":\"Daltec Trailers\",\"description\":\"\",\"publisher\":{\"@id\":\"https:\/\/daltec.ch\/fr\/#organization\"},\"potentialAction\":[{\"@type\":\"SearchAction\",\"target\":{\"@type\":\"EntryPoint\",\"urlTemplate\":\"https:\/\/daltec.ch\/fr\/?s={search_term_string}\"},\"query-input\":{\"@type\":\"PropertyValueSpecification\",\"valueRequired\":true,\"valueName\":\"search_term_string\"}}],\"inLanguage\":\"fr-FR\"},{\"@type\":\"Organization\",\"@id\":\"https:\/\/daltec.ch\/fr\/#organization\",\"name\":\"Daltec AG\",\"url\":\"https:\/\/daltec.ch\/fr\/\",\"logo\":{\"@type\":\"ImageObject\",\"inLanguage\":\"fr-FR\",\"@id\":\"https:\/\/daltec.ch\/fr\/#\/schema\/logo\/image\/\",\"url\":\"https:\/\/daltec.ch\/wp-content\/uploads\/2025\/08\/dlteclogo.webp\",\"contentUrl\":\"https:\/\/daltec.ch\/wp-content\/uploads\/2025\/08\/dlteclogo.webp\",\"width\":500,\"height\":195,\"caption\":\"Daltec AG\"},\"image\":{\"@id\":\"https:\/\/daltec.ch\/fr\/#\/schema\/logo\/image\/\"},\"sameAs\":[\"https:\/\/www.facebook.com\/DaltecAG\"]}]}<\/script>\n<!-- \/ Yoast SEO plugin. -->","yoast_head_json":{"title":"Daltec Lifter FBR 18, 3000x1670 mm, 1800 Kg - Daltec","robots":{"index":"index","follow":"follow","max-snippet":"max-snippet:-1","max-image-preview":"max-image-preview:large","max-video-preview":"max-video-preview:-1"},"canonical":"https:\/\/daltec.ch\/fr\/product\/lifter-fbr-18\/","og_locale":"fr_FR","og_type":"article","og_title":"Daltec Lifter FBR 18, 3000x1670 mm, 1800 Kg - Daltec","og_description":"Preis: Siehe Preisliste auf Startseite 1-achsiger Absenkanh\u00e4nger - Preisg\u00fcnstig! Technische Daten    L\u00e4nge 3000 mm   Breite 1670 mm   H\u00f6he 0 mm   Achsen 1   Gesamtgewicht 1800 kg   Nutzlast 1400 kg   R\u00e4der 195\/50 R 13 C\u00a0    Optionen    V - Leiste in der Mitte der Ladefl\u00e4che 160 CHF   Elektropumpe mit Kasten und Batterie 1290 CHF   Boden - Alu-Profile 240 CHF   Stossd\u00e4mpfer 100 km\/h, Paar 100 CHF   Plane hoch 1800 mm 1910 CHF","og_url":"https:\/\/daltec.ch\/fr\/product\/lifter-fbr-18\/","og_site_name":"Daltec","article_publisher":"https:\/\/www.facebook.com\/DaltecAG","article_modified_time":"2025-06-18T11:05:59+00:00","og_image":[{"width":780,"height":780,"url":"https:\/\/daltec.ch\/wp-content\/uploads\/2024\/05\/Lifter-FBR-18.png","type":"image\/png"}],"twitter_card":"summary_large_image","twitter_misc":{"Dur\u00e9e de lecture estim\u00e9e":"1 minute"},"schema":{"@context":"https:\/\/schema.org","@graph":[{"@type":"WebPage","@id":"https:\/\/daltec.ch\/product\/lifter-fbr-18","url":"https:\/\/daltec.ch\/product\/lifter-fbr-18","name":"Daltec Lifter FBR 18, 3000x1670 mm, 1800 Kg - Daltec","isPartOf":{"@id":"https:\/\/daltec.ch\/fr\/#website"},"primaryImageOfPage":{"@id":"https:\/\/daltec.ch\/product\/lifter-fbr-18#primaryimage"},"image":{"@id":"https:\/\/daltec.ch\/product\/lifter-fbr-18#primaryimage"},"thumbnailUrl":"https:\/\/daltec.ch\/wp-content\/uploads\/2024\/05\/Lifter-FBR-18.png","datePublished":"2024-05-15T07:42:22+00:00","dateModified":"2025-06-18T11:05:59+00:00","breadcrumb":{"@id":"https:\/\/daltec.ch\/product\/lifter-fbr-18#breadcrumb"},"inLanguage":"fr-FR","potentialAction":[{"@type":"ReadAction","target":["https:\/\/daltec.ch\/product\/lifter-fbr-18"]}]},{"@type":"ImageObject","inLanguage":"fr-FR","@id":"https:\/\/daltec.ch\/product\/lifter-fbr-18#primaryimage","url":"https:\/\/daltec.ch\/wp-content\/uploads\/2024\/05\/Lifter-FBR-18.png","contentUrl":"https:\/\/daltec.ch\/wp-content\/uploads\/2024\/05\/Lifter-FBR-18.png","width":780,"height":780},{"@type":"BreadcrumbList","@id":"https:\/\/daltec.ch\/product\/lifter-fbr-18#breadcrumb","itemListElement":[{"@type":"ListItem","position":1,"name":"Startseite","item":"https:\/\/daltec.ch\/"},{"@type":"ListItem","position":2,"name":"anhaenger","item":"https:\/\/daltec.ch\/anhaenger"},{"@type":"ListItem","position":3,"name":"Daltec Lifter FBR 18, 3000&#215;1670 mm, 1800 Kg"}]},{"@type":"WebSite","@id":"https:\/\/daltec.ch\/fr\/#website","url":"https:\/\/daltec.ch\/fr\/","name":"Daltec Trailers","description":"","publisher":{"@id":"https:\/\/daltec.ch\/fr\/#organization"},"potentialAction":[{"@type":"SearchAction","target":{"@type":"EntryPoint","urlTemplate":"https:\/\/daltec.ch\/fr\/?s={search_term_string}"},"query-input":{"@type":"PropertyValueSpecification","valueRequired":true,"valueName":"search_term_string"}}],"inLanguage":"fr-FR"},{"@type":"Organization","@id":"https:\/\/daltec.ch\/fr\/#organization","name":"Daltec AG","url":"https:\/\/daltec.ch\/fr\/","logo":{"@type":"ImageObject","inLanguage":"fr-FR","@id":"https:\/\/daltec.ch\/fr\/#\/schema\/logo\/image\/","url":"https:\/\/daltec.ch\/wp-content\/uploads\/2025\/08\/dlteclogo.webp","contentUrl":"https:\/\/daltec.ch\/wp-content\/uploads\/2025\/08\/dlteclogo.webp","width":500,"height":195,"caption":"Daltec AG"},"image":{"@id":"https:\/\/daltec.ch\/fr\/#\/schema\/logo\/image\/"},"sameAs":["https:\/\/www.facebook.com\/DaltecAG"]}]}},"_links":{"self":[{"href":"https:\/\/daltec.ch\/fr\/wp-json\/wp\/v2\/product\/456","targetHints":{"allow":["GET"]}}],"collection":[{"href":"https:\/\/daltec.ch\/fr\/wp-json\/wp\/v2\/product"}],"about":[{"href":"https:\/\/daltec.ch\/fr\/wp-json\/wp\/v2\/types\/product"}],"replies":[{"embeddable":true,"href":"https:\/\/daltec.ch\/fr\/wp-json\/wp\/v2\/comments?post=456"}],"wp:featuredmedia":[{"embeddable":true,"href":"https:\/\/daltec.ch\/fr\/wp-json\/wp\/v2\/media\/460"}],"wp:attachment":[{"href":"https:\/\/daltec.ch\/fr\/wp-json\/wp\/v2\/media?parent=456"}],"wp:term":[{"taxonomy":"product_brand","embeddable":true,"href":"https:\/\/daltec.ch\/fr\/wp-json\/wp\/v2\/product_brand?post=456"},{"taxonomy":"product_cat","embeddable":true,"href":"https:\/\/daltec.ch\/fr\/wp-json\/wp\/v2\/product_cat?post=456"},{"taxonomy":"product_tag","embeddable":true,"href":"https:\/\/daltec.ch\/fr\/wp-json\/wp\/v2\/product_tag?post=456"}],"curies":[{"name":"wp","href":"https:\/\/api.w.org\/{rel}","templated":true}]}}