{"id":461,"date":"2024-05-15T07:52:23","date_gmt":"2024-05-15T07:52:23","guid":{"rendered":"https:\/\/demo.shrinkwaterindia.com\/?post_type=product&#038;p=461"},"modified":"2025-06-18T11:02:30","modified_gmt":"2025-06-18T11:02:30","slug":"lifter-fbr-25","status":"publish","type":"product","link":"https:\/\/daltec.ch\/fr\/product\/lifter-fbr-25","title":{"rendered":"Daltec Lifter FBR 25, 3700&#215;1670 mm, 2500 Kg"},"content":{"rendered":"<p><em><strong>Prix: voir liste de prix sur page d'accueil<\/strong><\/em><\/p>\n<p>Grande remorque avec de nombreuses possibilit\u00e9s d'application! Pousser la charge, les v\u00e9hicules, les appareils, les machines ou des palettes enti\u00e8res directement sur la surface de chargement et les mettre en position de marche d'un mouvement. Daltec a d\u00e9velopp\u00e9 et construit la premi\u00e8re remorque abaisante bon march\u00e9 il y a 10 ans. Des milliers de nos ascenseurs circulent d\u00e9j\u00e0 dans toute l'Europe. 2 essieux pour une charge utile plus grande! Le verrouillage automatique en position de conduite et les roues lat\u00e9rales garantissent une conduite s\u00fbre et stable. De plus, diff\u00e9rentes options sont disponibles pour concevoir votre remorque en fonction de vos besoins.<\/p>\n<p>*Les images peuvent contenir des options qui ne sont pas pr\u00e9sentes dans la version standard.<\/p>\n<h4>Equipement:<\/h4>\n<p>Ch\u00e2ssis : cadre de base galvanis\u00e9 \u00e0 chaud, soud\u00e9 et viss\u00e9, dispositif d'attelage en V galvanis\u00e9 \u00e0 chaud, embrayage \u00e0 bille avec ligne de rupture, protection contre les \u00e9cottes en plastique Roue de support avant lev\u00e9e automatique : pompe hydraulique manuelle Essieux : Knott \u2013 PEVA DALTEC, abaissable hydrauliquement avec d\u00e9verrouillage m\u00e9canique et verrouillage automatique en position de marche Frein \u00e0 main Marche arri\u00e8re automatique Surface de chargement : cadre galvanis\u00e9 \u00e0 chaud, plancher en plaque s\u00e9rigraphi\u00e9e 18 mm, parois de forage en profil\u00e9 en aluminium 50 mm, jaune ou gris Rampe arri\u00e8re praticable, verrouill\u00e9 m\u00e9caniquement 6 pcs Anneaux de liaison Syst\u00e8me d'\u00e9clairage : 12V, selon les normes du StVO, prises 13 p\u00f4les<\/p>","protected":false},"excerpt":{"rendered":"<h5>Prix: voir liste de prix sur page d'accueil<\/h5>\n<p>2 essieux pour une double charge \u2013 avec syst\u00e8me d'abaisement<\/p>\n<h4>Sp\u00e9cifications<\/h4>\n<table class=\"table\">\n<tbody>\n<tr>\n<th>Longueur int\u00e9rieure<\/th>\n<td>3700 <small>mm<\/small><\/td>\n<\/tr>\n<tr>\n<th>Largeur int\u00e9rieure<\/th>\n<td>1670 <small>mm<\/small><\/td>\n<\/tr>\n<tr>\n<th>Hauteur int\u00e9rieure<\/th>\n<td>0 <small>mm<\/small><\/td>\n<\/tr>\n<tr>\n<th>Essieux<\/th>\n<td>2<small><\/small><\/td>\n<\/tr>\n<tr>\n<th>Poids total<\/th>\n<td>2500 <small>kg<\/small><\/td>\n<\/tr>\n<tr>\n<th>Charge utile<\/th>\n<td>1830 <small>kg<\/small><\/td>\n<\/tr>\n<tr>\n<th>Roues<\/th>\n<td>195\/50 R13 C\u00a0<small><\/small><\/td>\n<\/tr>\n<\/tbody>\n<\/table>\n<h6>Options<\/h6>\n<table>\n<tbody>\n<tr>\n<td>Electropompe avec bo\u00eetier et batterie<\/td>\n<td>1290 CHF<\/td>\n<\/tr>\n<tr>\n<td>B\u00e2che hauteur 1800 mm<\/td>\n<td>1910 CHF<\/td>\n<\/tr>\n<tr>\n<td>Roue \u00e0 bascule pour motos<\/td>\n<td>110 CHF<\/td>\n<\/tr>\n<tr>\n<td>Amortisseur \u00e0 100 km\/h \u2013 2 x paire<\/td>\n<td>200 CHF<\/td>\n<\/tr>\n<tr>\n<td>Sol - profil\u00e9s en aluminium<\/td>\n<td>390 CHF<\/td>\n<\/tr>\n<tr>\n<td>Panneaux lat\u00e9raux hauts en aluminium 200 mm<\/td>\n<td>600 CHF<\/td>\n<\/tr>\n<tr>\n<td>Mallette sandwich 1800 mm de haut<\/td>\n<td>5340 CHF<\/td>\n<\/tr>\n<\/tbody>\n<\/table>","protected":false},"featured_media":465,"comment_status":"open","ping_status":"closed","template":"","meta":{"_acf_changed":false},"product_brand":[],"product_cat":[23],"product_tag":[],"class_list":{"0":"post-461","1":"product","2":"type-product","3":"status-publish","4":"has-post-thumbnail","6":"product_cat-absenkanhaenger","8":"first","9":"instock","10":"featured","11":"shipping-taxable","12":"purchasable","13":"product-type-simple"},"acf":[],"yoast_head":"<!-- This site is optimized with the Yoast SEO plugin v27.4 - https:\/\/yoast.com\/product\/yoast-seo-wordpress\/ -->\n<title>Daltec Lifter FBR 25, 3700x1670 mm, 2500 Kg - Daltec<\/title>\n<meta name=\"robots\" content=\"index, follow, max-snippet:-1, max-image-preview:large, max-video-preview:-1\" \/>\n<link rel=\"canonical\" href=\"https:\/\/daltec.ch\/fr\/product\/lifter-fbr-25\/\" \/>\n<meta property=\"og:locale\" content=\"fr_FR\" \/>\n<meta property=\"og:type\" content=\"article\" \/>\n<meta property=\"og:title\" content=\"Daltec Lifter FBR 25, 3700x1670 mm, 2500 Kg - Daltec\" \/>\n<meta property=\"og:description\" content=\"Preis: Siehe Preisliste auf Startseite 2 Achsen f\u00fcr eine doppelte Ladung - mit Absenksystem Technische Daten    L\u00e4nge 3700 mm   Breite 1670 mm   H\u00f6he 0 mm   Achsen 2   Gesamtgewicht 2500 kg   Nutzlast 1830 kg   R\u00e4der 195\/50 R13 C\u00a0    Optionen    Elektropumpe mit Kasten und Batterie 1290 CHF   Plane hoch 1800 mm 1910 CHF   Radwippe f\u00fcr Motorr\u00e4der 110 CHF   Stossd\u00e4mpfer 100 Km\/h - 2 x Paar 200 CHF   Boden - Alu-Profile 390 CHF   Hohe Seitenw\u00e4nde Alu 200 mm 600 CHF   Sandwichkoffer 1800 mm hoch 5340 CHF\" \/>\n<meta property=\"og:url\" content=\"https:\/\/daltec.ch\/fr\/product\/lifter-fbr-25\/\" \/>\n<meta property=\"og:site_name\" content=\"Daltec\" \/>\n<meta property=\"article:publisher\" content=\"https:\/\/www.facebook.com\/DaltecAG\" \/>\n<meta property=\"article:modified_time\" content=\"2025-06-18T11:02:30+00:00\" \/>\n<meta property=\"og:image\" content=\"https:\/\/daltec.ch\/wp-content\/uploads\/2024\/05\/Lifter-FBR-25.png\" \/>\n\t<meta property=\"og:image:width\" content=\"714\" \/>\n\t<meta property=\"og:image:height\" content=\"714\" \/>\n\t<meta property=\"og:image:type\" content=\"image\/png\" \/>\n<meta name=\"twitter:card\" content=\"summary_large_image\" \/>\n<meta name=\"twitter:label1\" content=\"Dur\u00e9e de lecture estim\u00e9e\" \/>\n\t<meta name=\"twitter:data1\" content=\"1 minute\" \/>\n<script type=\"application\/ld+json\" class=\"yoast-schema-graph\">{\"@context\":\"https:\\\/\\\/schema.org\",\"@graph\":[{\"@type\":\"WebPage\",\"@id\":\"https:\\\/\\\/daltec.ch\\\/product\\\/lifter-fbr-25\",\"url\":\"https:\\\/\\\/daltec.ch\\\/product\\\/lifter-fbr-25\",\"name\":\"Daltec Lifter FBR 25, 3700x1670 mm, 2500 Kg - Daltec\",\"isPartOf\":{\"@id\":\"https:\\\/\\\/daltec.ch\\\/fr\\\/#website\"},\"primaryImageOfPage\":{\"@id\":\"https:\\\/\\\/daltec.ch\\\/product\\\/lifter-fbr-25#primaryimage\"},\"image\":{\"@id\":\"https:\\\/\\\/daltec.ch\\\/product\\\/lifter-fbr-25#primaryimage\"},\"thumbnailUrl\":\"https:\\\/\\\/daltec.ch\\\/wp-content\\\/uploads\\\/2024\\\/05\\\/Lifter-FBR-25.png\",\"datePublished\":\"2024-05-15T07:52:23+00:00\",\"dateModified\":\"2025-06-18T11:02:30+00:00\",\"breadcrumb\":{\"@id\":\"https:\\\/\\\/daltec.ch\\\/product\\\/lifter-fbr-25#breadcrumb\"},\"inLanguage\":\"fr-FR\",\"potentialAction\":[{\"@type\":\"ReadAction\",\"target\":[\"https:\\\/\\\/daltec.ch\\\/product\\\/lifter-fbr-25\"]}]},{\"@type\":\"ImageObject\",\"inLanguage\":\"fr-FR\",\"@id\":\"https:\\\/\\\/daltec.ch\\\/product\\\/lifter-fbr-25#primaryimage\",\"url\":\"https:\\\/\\\/daltec.ch\\\/wp-content\\\/uploads\\\/2024\\\/05\\\/Lifter-FBR-25.png\",\"contentUrl\":\"https:\\\/\\\/daltec.ch\\\/wp-content\\\/uploads\\\/2024\\\/05\\\/Lifter-FBR-25.png\",\"width\":714,\"height\":714},{\"@type\":\"BreadcrumbList\",\"@id\":\"https:\\\/\\\/daltec.ch\\\/product\\\/lifter-fbr-25#breadcrumb\",\"itemListElement\":[{\"@type\":\"ListItem\",\"position\":1,\"name\":\"Startseite\",\"item\":\"https:\\\/\\\/daltec.ch\\\/\"},{\"@type\":\"ListItem\",\"position\":2,\"name\":\"anhaenger\",\"item\":\"https:\\\/\\\/daltec.ch\\\/anhaenger\"},{\"@type\":\"ListItem\",\"position\":3,\"name\":\"Daltec Lifter FBR 25, 3700&#215;1670 mm, 2500 Kg\"}]},{\"@type\":\"WebSite\",\"@id\":\"https:\\\/\\\/daltec.ch\\\/fr\\\/#website\",\"url\":\"https:\\\/\\\/daltec.ch\\\/fr\\\/\",\"name\":\"Daltec Trailers\",\"description\":\"\",\"publisher\":{\"@id\":\"https:\\\/\\\/daltec.ch\\\/fr\\\/#organization\"},\"potentialAction\":[{\"@type\":\"SearchAction\",\"target\":{\"@type\":\"EntryPoint\",\"urlTemplate\":\"https:\\\/\\\/daltec.ch\\\/fr\\\/?s={search_term_string}\"},\"query-input\":{\"@type\":\"PropertyValueSpecification\",\"valueRequired\":true,\"valueName\":\"search_term_string\"}}],\"inLanguage\":\"fr-FR\"},{\"@type\":\"Organization\",\"@id\":\"https:\\\/\\\/daltec.ch\\\/fr\\\/#organization\",\"name\":\"Daltec AG\",\"url\":\"https:\\\/\\\/daltec.ch\\\/fr\\\/\",\"logo\":{\"@type\":\"ImageObject\",\"inLanguage\":\"fr-FR\",\"@id\":\"https:\\\/\\\/daltec.ch\\\/fr\\\/#\\\/schema\\\/logo\\\/image\\\/\",\"url\":\"https:\\\/\\\/daltec.ch\\\/wp-content\\\/uploads\\\/2025\\\/08\\\/dlteclogo.webp\",\"contentUrl\":\"https:\\\/\\\/daltec.ch\\\/wp-content\\\/uploads\\\/2025\\\/08\\\/dlteclogo.webp\",\"width\":500,\"height\":195,\"caption\":\"Daltec AG\"},\"image\":{\"@id\":\"https:\\\/\\\/daltec.ch\\\/fr\\\/#\\\/schema\\\/logo\\\/image\\\/\"},\"sameAs\":[\"https:\\\/\\\/www.facebook.com\\\/DaltecAG\"]}]}<\/script>\n<!-- \/ Yoast SEO plugin. -->","yoast_head_json":{"title":"Daltec Lifter FBR 25, 3700x1670 mm, 2500 Kg - Daltec","robots":{"index":"index","follow":"follow","max-snippet":"max-snippet:-1","max-image-preview":"max-image-preview:large","max-video-preview":"max-video-preview:-1"},"canonical":"https:\/\/daltec.ch\/fr\/product\/lifter-fbr-25\/","og_locale":"fr_FR","og_type":"article","og_title":"Daltec Lifter FBR 25, 3700x1670 mm, 2500 Kg - Daltec","og_description":"Preis: Siehe Preisliste auf Startseite 2 Achsen f\u00fcr eine doppelte Ladung - mit Absenksystem Technische Daten    L\u00e4nge 3700 mm   Breite 1670 mm   H\u00f6he 0 mm   Achsen 2   Gesamtgewicht 2500 kg   Nutzlast 1830 kg   R\u00e4der 195\/50 R13 C\u00a0    Optionen    Elektropumpe mit Kasten und Batterie 1290 CHF   Plane hoch 1800 mm 1910 CHF   Radwippe f\u00fcr Motorr\u00e4der 110 CHF   Stossd\u00e4mpfer 100 Km\/h - 2 x Paar 200 CHF   Boden - Alu-Profile 390 CHF   Hohe Seitenw\u00e4nde Alu 200 mm 600 CHF   Sandwichkoffer 1800 mm hoch 5340 CHF","og_url":"https:\/\/daltec.ch\/fr\/product\/lifter-fbr-25\/","og_site_name":"Daltec","article_publisher":"https:\/\/www.facebook.com\/DaltecAG","article_modified_time":"2025-06-18T11:02:30+00:00","og_image":[{"width":714,"height":714,"url":"https:\/\/daltec.ch\/wp-content\/uploads\/2024\/05\/Lifter-FBR-25.png","type":"image\/png"}],"twitter_card":"summary_large_image","twitter_misc":{"Dur\u00e9e de lecture estim\u00e9e":"1 minute"},"schema":{"@context":"https:\/\/schema.org","@graph":[{"@type":"WebPage","@id":"https:\/\/daltec.ch\/product\/lifter-fbr-25","url":"https:\/\/daltec.ch\/product\/lifter-fbr-25","name":"Daltec Lifter FBR 25, 3700x1670 mm, 2500 Kg - Daltec","isPartOf":{"@id":"https:\/\/daltec.ch\/fr\/#website"},"primaryImageOfPage":{"@id":"https:\/\/daltec.ch\/product\/lifter-fbr-25#primaryimage"},"image":{"@id":"https:\/\/daltec.ch\/product\/lifter-fbr-25#primaryimage"},"thumbnailUrl":"https:\/\/daltec.ch\/wp-content\/uploads\/2024\/05\/Lifter-FBR-25.png","datePublished":"2024-05-15T07:52:23+00:00","dateModified":"2025-06-18T11:02:30+00:00","breadcrumb":{"@id":"https:\/\/daltec.ch\/product\/lifter-fbr-25#breadcrumb"},"inLanguage":"fr-FR","potentialAction":[{"@type":"ReadAction","target":["https:\/\/daltec.ch\/product\/lifter-fbr-25"]}]},{"@type":"ImageObject","inLanguage":"fr-FR","@id":"https:\/\/daltec.ch\/product\/lifter-fbr-25#primaryimage","url":"https:\/\/daltec.ch\/wp-content\/uploads\/2024\/05\/Lifter-FBR-25.png","contentUrl":"https:\/\/daltec.ch\/wp-content\/uploads\/2024\/05\/Lifter-FBR-25.png","width":714,"height":714},{"@type":"BreadcrumbList","@id":"https:\/\/daltec.ch\/product\/lifter-fbr-25#breadcrumb","itemListElement":[{"@type":"ListItem","position":1,"name":"Startseite","item":"https:\/\/daltec.ch\/"},{"@type":"ListItem","position":2,"name":"anhaenger","item":"https:\/\/daltec.ch\/anhaenger"},{"@type":"ListItem","position":3,"name":"Daltec Lifter FBR 25, 3700&#215;1670 mm, 2500 Kg"}]},{"@type":"WebSite","@id":"https:\/\/daltec.ch\/fr\/#website","url":"https:\/\/daltec.ch\/fr\/","name":"Daltec Trailers","description":"","publisher":{"@id":"https:\/\/daltec.ch\/fr\/#organization"},"potentialAction":[{"@type":"SearchAction","target":{"@type":"EntryPoint","urlTemplate":"https:\/\/daltec.ch\/fr\/?s={search_term_string}"},"query-input":{"@type":"PropertyValueSpecification","valueRequired":true,"valueName":"search_term_string"}}],"inLanguage":"fr-FR"},{"@type":"Organization","@id":"https:\/\/daltec.ch\/fr\/#organization","name":"Daltec AG","url":"https:\/\/daltec.ch\/fr\/","logo":{"@type":"ImageObject","inLanguage":"fr-FR","@id":"https:\/\/daltec.ch\/fr\/#\/schema\/logo\/image\/","url":"https:\/\/daltec.ch\/wp-content\/uploads\/2025\/08\/dlteclogo.webp","contentUrl":"https:\/\/daltec.ch\/wp-content\/uploads\/2025\/08\/dlteclogo.webp","width":500,"height":195,"caption":"Daltec AG"},"image":{"@id":"https:\/\/daltec.ch\/fr\/#\/schema\/logo\/image\/"},"sameAs":["https:\/\/www.facebook.com\/DaltecAG"]}]}},"_links":{"self":[{"href":"https:\/\/daltec.ch\/fr\/wp-json\/wp\/v2\/product\/461","targetHints":{"allow":["GET"]}}],"collection":[{"href":"https:\/\/daltec.ch\/fr\/wp-json\/wp\/v2\/product"}],"about":[{"href":"https:\/\/daltec.ch\/fr\/wp-json\/wp\/v2\/types\/product"}],"replies":[{"embeddable":true,"href":"https:\/\/daltec.ch\/fr\/wp-json\/wp\/v2\/comments?post=461"}],"wp:featuredmedia":[{"embeddable":true,"href":"https:\/\/daltec.ch\/fr\/wp-json\/wp\/v2\/media\/465"}],"wp:attachment":[{"href":"https:\/\/daltec.ch\/fr\/wp-json\/wp\/v2\/media?parent=461"}],"wp:term":[{"taxonomy":"product_brand","embeddable":true,"href":"https:\/\/daltec.ch\/fr\/wp-json\/wp\/v2\/product_brand?post=461"},{"taxonomy":"product_cat","embeddable":true,"href":"https:\/\/daltec.ch\/fr\/wp-json\/wp\/v2\/product_cat?post=461"},{"taxonomy":"product_tag","embeddable":true,"href":"https:\/\/daltec.ch\/fr\/wp-json\/wp\/v2\/product_tag?post=461"}],"curies":[{"name":"wp","href":"https:\/\/api.w.org\/{rel}","templated":true}]}}