{"id":479,"date":"2024-05-15T09:17:21","date_gmt":"2024-05-15T09:17:21","guid":{"rendered":"https:\/\/demo.shrinkwaterindia.com\/?post_type=product&#038;p=479"},"modified":"2025-06-18T10:57:28","modified_gmt":"2025-06-18T10:57:28","slug":"lifter-fr","status":"publish","type":"product","link":"https:\/\/daltec.ch\/fr\/product\/lifter-fr","title":{"rendered":"Daltec Lifter FR, 2700&#215;1300 mm, 750 Kg"},"content":{"rendered":"<p><em><strong>Prix: voir liste de prix sur page d'accueil<\/strong><\/em><\/p>\n<p>La remorque Daltec, conviviale et moderne, est \u00e9quip\u00e9e d'un syst\u00e8me d'abaissement pour un chargement facile et rapide. La partie arri\u00e8re de la surface de chargement s'abaisse sur le sol gr\u00e2ce \u00e0 une pompe hydraulique manuelle. L'angle de mont\u00e9e est ensuite tr\u00e8s faible et le chargement peut \u00eatre facilement mis en position de conduite. Ce syst\u00e8me a \u00e9t\u00e9 d\u00e9velopp\u00e9 et construit par Daltec. Le Lifter FR est facile \u00e0 man\u0153uvrer \u00e0 la main, m\u00eame lorsqu'il est charg\u00e9, et est facile \u00e0 entretenir. Il est id\u00e9al pour le transport de petites machines et de v\u00e9hicules.<\/p>\n<p>*Les images peuvent contenir des options qui ne sont pas pr\u00e9sentes dans la version standard.<\/p>\n<h4>Equipement:<\/h4>\n<p>Ch\u00e2ssis : cadre de base galvanis\u00e9 \u00e0 chaud, soud\u00e9 et viss\u00e9, dispositif d'attelage en V galvanis\u00e9 \u00e0 chaud, attelage \u00e0 boule avec cha\u00eene de s\u00e9curit\u00e9, pare-boue en plastique Roue jockey avant automatique Levage : pompe hydraulique manuelle Essieux : Knott - PEVA DALTEC, abaissement hydraulique avec verrouillage m\u00e9canique en position de marche Plate-forme de chargement : cadre galvanis\u00e9 \u00e0 chaud, plancher en panneau s\u00e9rigraphi\u00e9 18 mm Ridelles en profil\u00e9 d'aluminium 50 mm, jaune ou gris 6 anneaux d'attache Rampe arri\u00e8re carrossable, verrouillage m\u00e9canique Syst\u00e8me d'\u00e9clairage : 12V, selon normes du code de la route, fiche 13 p\u00f4les<\/p>","protected":false},"excerpt":{"rendered":"<h5>Prix: voir liste de prix sur page d'accueil<\/h5>\n<p>Remorque abaissable \u00e0 un essieu - facile \u00e0 entretenir et \u00e0 utiliser<\/p>\n<h4>Sp\u00e9cifications<\/h4>\n<table class=\"table\">\n<tbody>\n<tr>\n<th>Longueur int\u00e9rieure<\/th>\n<td>2700 <small>mm<\/small><\/td>\n<\/tr>\n<tr>\n<th>Largeur int\u00e9rieure<\/th>\n<td>1300 <small>mm<\/small><\/td>\n<\/tr>\n<tr>\n<th>Hauteur int\u00e9rieure<\/th>\n<td>0 <small>mm<\/small><\/td>\n<\/tr>\n<tr>\n<th>Essieux<\/th>\n<td>1<small><\/small><\/td>\n<\/tr>\n<tr>\n<th>Poids total<\/th>\n<td>750 <small>kg<\/small><\/td>\n<\/tr>\n<tr>\n<th>Charge utile<\/th>\n<td>500 <small>kg<\/small><\/td>\n<\/tr>\n<tr>\n<th>Roues<\/th>\n<td>165\/70 R 13\u00a0<small><\/small><\/td>\n<\/tr>\n<\/tbody>\n<\/table>\n<h6>Options<\/h6>\n<table>\n<tbody>\n<tr>\n<td>V - Barre au milieu de la surface de chargement<\/td>\n<td>160 CHF<\/td>\n<\/tr>\n<tr>\n<td>Electropompe avec bo\u00eetier et batterie<\/td>\n<td>1290 CHF<\/td>\n<\/tr>\n<tr>\n<td>Sol - profil\u00e9s en aluminium<\/td>\n<td>200 CHF<\/td>\n<\/tr>\n<tr>\n<td>Amortisseur de chocs 100 km\/h, paire<\/td>\n<td>100 CHF<\/td>\n<\/tr>\n<tr>\n<td>Panneaux lat\u00e9raux hauts en aluminium 200 mm<\/td>\n<td>600 CHF<\/td>\n<\/tr>\n<\/tbody>\n<\/table>","protected":false},"featured_media":1236,"comment_status":"open","ping_status":"closed","template":"","meta":{"_acf_changed":false},"product_brand":[],"product_cat":[23],"product_tag":[],"class_list":{"0":"post-479","1":"product","2":"type-product","3":"status-publish","4":"has-post-thumbnail","6":"product_cat-absenkanhaenger","8":"first","9":"instock","10":"featured","11":"shipping-taxable","12":"purchasable","13":"product-type-simple"},"acf":[],"yoast_head":"<!-- This site is optimized with the Yoast SEO plugin v27.4 - https:\/\/yoast.com\/product\/yoast-seo-wordpress\/ -->\n<title>Daltec Lifter FR, 2700x1300 mm, 750 Kg - Daltec<\/title>\n<meta name=\"robots\" content=\"index, follow, max-snippet:-1, max-image-preview:large, max-video-preview:-1\" \/>\n<link rel=\"canonical\" href=\"https:\/\/daltec.ch\/fr\/product\/lifter-fr\/\" \/>\n<meta property=\"og:locale\" content=\"fr_FR\" \/>\n<meta property=\"og:type\" content=\"article\" \/>\n<meta property=\"og:title\" content=\"Daltec Lifter FR, 2700x1300 mm, 750 Kg - Daltec\" \/>\n<meta property=\"og:description\" content=\"Preis: Siehe Preisliste auf Startseite Einachsiger Absenkanh\u00e4nger - einfach zu pflegen und zu bedienen Technische Daten    L\u00e4nge 2700 mm   Breite 1300 mm   H\u00f6he 0 mm   Achsen 1   Gesamtgewicht 750 kg   Nutzlast 500 kg   R\u00e4der 165\/70 R 13\u00a0    Optionen    V - Leiste in der Mitte der Ladefl\u00e4che 160 CHF   Elektropumpe mit Kasten und Batterie 1290 CHF   Boden - Alu-Profile 200 CHF   Stossd\u00e4mpfer 100 km\/h, Paar 100 CHF   Hohe Seitenw\u00e4nde Alu 200 mm 600 CHF\" \/>\n<meta property=\"og:url\" content=\"https:\/\/daltec.ch\/fr\/product\/lifter-fr\/\" \/>\n<meta property=\"og:site_name\" content=\"Daltec\" \/>\n<meta property=\"article:publisher\" content=\"https:\/\/www.facebook.com\/DaltecAG\" \/>\n<meta property=\"article:modified_time\" content=\"2025-06-18T10:57:28+00:00\" \/>\n<meta property=\"og:image\" content=\"https:\/\/daltec.ch\/wp-content\/uploads\/2024\/05\/LIFTER-FR.jpg\" \/>\n\t<meta property=\"og:image:width\" content=\"1000\" \/>\n\t<meta property=\"og:image:height\" content=\"1000\" \/>\n\t<meta property=\"og:image:type\" content=\"image\/jpeg\" \/>\n<meta name=\"twitter:card\" content=\"summary_large_image\" \/>\n<meta name=\"twitter:label1\" content=\"Dur\u00e9e de lecture estim\u00e9e\" \/>\n\t<meta name=\"twitter:data1\" content=\"1 minute\" \/>\n<script type=\"application\/ld+json\" class=\"yoast-schema-graph\">{\"@context\":\"https:\\\/\\\/schema.org\",\"@graph\":[{\"@type\":\"WebPage\",\"@id\":\"https:\\\/\\\/daltec.ch\\\/product\\\/lifter-fr\",\"url\":\"https:\\\/\\\/daltec.ch\\\/product\\\/lifter-fr\",\"name\":\"Daltec Lifter FR, 2700x1300 mm, 750 Kg - Daltec\",\"isPartOf\":{\"@id\":\"https:\\\/\\\/daltec.ch\\\/fr\\\/#website\"},\"primaryImageOfPage\":{\"@id\":\"https:\\\/\\\/daltec.ch\\\/product\\\/lifter-fr#primaryimage\"},\"image\":{\"@id\":\"https:\\\/\\\/daltec.ch\\\/product\\\/lifter-fr#primaryimage\"},\"thumbnailUrl\":\"https:\\\/\\\/daltec.ch\\\/wp-content\\\/uploads\\\/2024\\\/05\\\/LIFTER-FR.jpg\",\"datePublished\":\"2024-05-15T09:17:21+00:00\",\"dateModified\":\"2025-06-18T10:57:28+00:00\",\"breadcrumb\":{\"@id\":\"https:\\\/\\\/daltec.ch\\\/product\\\/lifter-fr#breadcrumb\"},\"inLanguage\":\"fr-FR\",\"potentialAction\":[{\"@type\":\"ReadAction\",\"target\":[\"https:\\\/\\\/daltec.ch\\\/product\\\/lifter-fr\"]}]},{\"@type\":\"ImageObject\",\"inLanguage\":\"fr-FR\",\"@id\":\"https:\\\/\\\/daltec.ch\\\/product\\\/lifter-fr#primaryimage\",\"url\":\"https:\\\/\\\/daltec.ch\\\/wp-content\\\/uploads\\\/2024\\\/05\\\/LIFTER-FR.jpg\",\"contentUrl\":\"https:\\\/\\\/daltec.ch\\\/wp-content\\\/uploads\\\/2024\\\/05\\\/LIFTER-FR.jpg\",\"width\":1000,\"height\":1000},{\"@type\":\"BreadcrumbList\",\"@id\":\"https:\\\/\\\/daltec.ch\\\/product\\\/lifter-fr#breadcrumb\",\"itemListElement\":[{\"@type\":\"ListItem\",\"position\":1,\"name\":\"Startseite\",\"item\":\"https:\\\/\\\/daltec.ch\\\/\"},{\"@type\":\"ListItem\",\"position\":2,\"name\":\"anhaenger\",\"item\":\"https:\\\/\\\/daltec.ch\\\/anhaenger\"},{\"@type\":\"ListItem\",\"position\":3,\"name\":\"Daltec Lifter FR, 2700&#215;1300 mm, 750 Kg\"}]},{\"@type\":\"WebSite\",\"@id\":\"https:\\\/\\\/daltec.ch\\\/fr\\\/#website\",\"url\":\"https:\\\/\\\/daltec.ch\\\/fr\\\/\",\"name\":\"Daltec Trailers\",\"description\":\"\",\"publisher\":{\"@id\":\"https:\\\/\\\/daltec.ch\\\/fr\\\/#organization\"},\"potentialAction\":[{\"@type\":\"SearchAction\",\"target\":{\"@type\":\"EntryPoint\",\"urlTemplate\":\"https:\\\/\\\/daltec.ch\\\/fr\\\/?s={search_term_string}\"},\"query-input\":{\"@type\":\"PropertyValueSpecification\",\"valueRequired\":true,\"valueName\":\"search_term_string\"}}],\"inLanguage\":\"fr-FR\"},{\"@type\":\"Organization\",\"@id\":\"https:\\\/\\\/daltec.ch\\\/fr\\\/#organization\",\"name\":\"Daltec AG\",\"url\":\"https:\\\/\\\/daltec.ch\\\/fr\\\/\",\"logo\":{\"@type\":\"ImageObject\",\"inLanguage\":\"fr-FR\",\"@id\":\"https:\\\/\\\/daltec.ch\\\/fr\\\/#\\\/schema\\\/logo\\\/image\\\/\",\"url\":\"https:\\\/\\\/daltec.ch\\\/wp-content\\\/uploads\\\/2025\\\/08\\\/dlteclogo.webp\",\"contentUrl\":\"https:\\\/\\\/daltec.ch\\\/wp-content\\\/uploads\\\/2025\\\/08\\\/dlteclogo.webp\",\"width\":500,\"height\":195,\"caption\":\"Daltec AG\"},\"image\":{\"@id\":\"https:\\\/\\\/daltec.ch\\\/fr\\\/#\\\/schema\\\/logo\\\/image\\\/\"},\"sameAs\":[\"https:\\\/\\\/www.facebook.com\\\/DaltecAG\"]}]}<\/script>\n<!-- \/ Yoast SEO plugin. -->","yoast_head_json":{"title":"Daltec Lifter FR, 2700x1300 mm, 750 Kg - Daltec","robots":{"index":"index","follow":"follow","max-snippet":"max-snippet:-1","max-image-preview":"max-image-preview:large","max-video-preview":"max-video-preview:-1"},"canonical":"https:\/\/daltec.ch\/fr\/product\/lifter-fr\/","og_locale":"fr_FR","og_type":"article","og_title":"Daltec Lifter FR, 2700x1300 mm, 750 Kg - Daltec","og_description":"Preis: Siehe Preisliste auf Startseite Einachsiger Absenkanh\u00e4nger - einfach zu pflegen und zu bedienen Technische Daten    L\u00e4nge 2700 mm   Breite 1300 mm   H\u00f6he 0 mm   Achsen 1   Gesamtgewicht 750 kg   Nutzlast 500 kg   R\u00e4der 165\/70 R 13\u00a0    Optionen    V - Leiste in der Mitte der Ladefl\u00e4che 160 CHF   Elektropumpe mit Kasten und Batterie 1290 CHF   Boden - Alu-Profile 200 CHF   Stossd\u00e4mpfer 100 km\/h, Paar 100 CHF   Hohe Seitenw\u00e4nde Alu 200 mm 600 CHF","og_url":"https:\/\/daltec.ch\/fr\/product\/lifter-fr\/","og_site_name":"Daltec","article_publisher":"https:\/\/www.facebook.com\/DaltecAG","article_modified_time":"2025-06-18T10:57:28+00:00","og_image":[{"width":1000,"height":1000,"url":"https:\/\/daltec.ch\/wp-content\/uploads\/2024\/05\/LIFTER-FR.jpg","type":"image\/jpeg"}],"twitter_card":"summary_large_image","twitter_misc":{"Dur\u00e9e de lecture estim\u00e9e":"1 minute"},"schema":{"@context":"https:\/\/schema.org","@graph":[{"@type":"WebPage","@id":"https:\/\/daltec.ch\/product\/lifter-fr","url":"https:\/\/daltec.ch\/product\/lifter-fr","name":"Daltec Lifter FR, 2700x1300 mm, 750 Kg - Daltec","isPartOf":{"@id":"https:\/\/daltec.ch\/fr\/#website"},"primaryImageOfPage":{"@id":"https:\/\/daltec.ch\/product\/lifter-fr#primaryimage"},"image":{"@id":"https:\/\/daltec.ch\/product\/lifter-fr#primaryimage"},"thumbnailUrl":"https:\/\/daltec.ch\/wp-content\/uploads\/2024\/05\/LIFTER-FR.jpg","datePublished":"2024-05-15T09:17:21+00:00","dateModified":"2025-06-18T10:57:28+00:00","breadcrumb":{"@id":"https:\/\/daltec.ch\/product\/lifter-fr#breadcrumb"},"inLanguage":"fr-FR","potentialAction":[{"@type":"ReadAction","target":["https:\/\/daltec.ch\/product\/lifter-fr"]}]},{"@type":"ImageObject","inLanguage":"fr-FR","@id":"https:\/\/daltec.ch\/product\/lifter-fr#primaryimage","url":"https:\/\/daltec.ch\/wp-content\/uploads\/2024\/05\/LIFTER-FR.jpg","contentUrl":"https:\/\/daltec.ch\/wp-content\/uploads\/2024\/05\/LIFTER-FR.jpg","width":1000,"height":1000},{"@type":"BreadcrumbList","@id":"https:\/\/daltec.ch\/product\/lifter-fr#breadcrumb","itemListElement":[{"@type":"ListItem","position":1,"name":"Startseite","item":"https:\/\/daltec.ch\/"},{"@type":"ListItem","position":2,"name":"anhaenger","item":"https:\/\/daltec.ch\/anhaenger"},{"@type":"ListItem","position":3,"name":"Daltec Lifter FR, 2700&#215;1300 mm, 750 Kg"}]},{"@type":"WebSite","@id":"https:\/\/daltec.ch\/fr\/#website","url":"https:\/\/daltec.ch\/fr\/","name":"Daltec Trailers","description":"","publisher":{"@id":"https:\/\/daltec.ch\/fr\/#organization"},"potentialAction":[{"@type":"SearchAction","target":{"@type":"EntryPoint","urlTemplate":"https:\/\/daltec.ch\/fr\/?s={search_term_string}"},"query-input":{"@type":"PropertyValueSpecification","valueRequired":true,"valueName":"search_term_string"}}],"inLanguage":"fr-FR"},{"@type":"Organization","@id":"https:\/\/daltec.ch\/fr\/#organization","name":"Daltec AG","url":"https:\/\/daltec.ch\/fr\/","logo":{"@type":"ImageObject","inLanguage":"fr-FR","@id":"https:\/\/daltec.ch\/fr\/#\/schema\/logo\/image\/","url":"https:\/\/daltec.ch\/wp-content\/uploads\/2025\/08\/dlteclogo.webp","contentUrl":"https:\/\/daltec.ch\/wp-content\/uploads\/2025\/08\/dlteclogo.webp","width":500,"height":195,"caption":"Daltec AG"},"image":{"@id":"https:\/\/daltec.ch\/fr\/#\/schema\/logo\/image\/"},"sameAs":["https:\/\/www.facebook.com\/DaltecAG"]}]}},"_links":{"self":[{"href":"https:\/\/daltec.ch\/fr\/wp-json\/wp\/v2\/product\/479","targetHints":{"allow":["GET"]}}],"collection":[{"href":"https:\/\/daltec.ch\/fr\/wp-json\/wp\/v2\/product"}],"about":[{"href":"https:\/\/daltec.ch\/fr\/wp-json\/wp\/v2\/types\/product"}],"replies":[{"embeddable":true,"href":"https:\/\/daltec.ch\/fr\/wp-json\/wp\/v2\/comments?post=479"}],"wp:featuredmedia":[{"embeddable":true,"href":"https:\/\/daltec.ch\/fr\/wp-json\/wp\/v2\/media\/1236"}],"wp:attachment":[{"href":"https:\/\/daltec.ch\/fr\/wp-json\/wp\/v2\/media?parent=479"}],"wp:term":[{"taxonomy":"product_brand","embeddable":true,"href":"https:\/\/daltec.ch\/fr\/wp-json\/wp\/v2\/product_brand?post=479"},{"taxonomy":"product_cat","embeddable":true,"href":"https:\/\/daltec.ch\/fr\/wp-json\/wp\/v2\/product_cat?post=479"},{"taxonomy":"product_tag","embeddable":true,"href":"https:\/\/daltec.ch\/fr\/wp-json\/wp\/v2\/product_tag?post=479"}],"curies":[{"name":"wp","href":"https:\/\/api.w.org\/{rel}","templated":true}]}}