{"id":506,"date":"2024-05-15T11:02:22","date_gmt":"2024-05-15T11:02:22","guid":{"rendered":"https:\/\/demo.shrinkwaterindia.com\/?post_type=product&#038;p=506"},"modified":"2025-06-18T12:48:14","modified_gmt":"2025-06-18T12:48:14","slug":"le-mans-35","status":"publish","type":"product","link":"https:\/\/daltec.ch\/fr\/product\/le-mans-35","title":{"rendered":"Daltec Le Mans Eco, 8000&#215;2160 mm, 3500 Kg"},"content":{"rendered":"<p><em><strong>Prix: voir liste de prix sur page d'accueil<\/strong><\/em><\/p>\n<p>Remorque l\u00e9g\u00e8re et robuste pour le transport professionnel de voitures. Charge utile \u00e9lev\u00e9e gr\u00e2ce \u00e0 la grande proportion d'aluminium. Rampes en aluminium log\u00e9es sous la surface de chargement inclin\u00e9e pour un chargement optimal. Extra-longue !<\/p>\n<h4>Equipement:<\/h4>\n<p>Ch\u00e2ssis : Cadre de base galvanis\u00e9 \u00e0 chaud, soud\u00e9 et viss\u00e9 Dispositif d'attelage en V galvanis\u00e9 \u00e0 chaud Attelage \u00e0 boule, corde d'arrachage, roue jockey \u00e0 l'avant Garde-boue en plastique Essieux : 3x essieu Al-KO\/Knott Dispositif d'inertie avec frein \u00e0 main et marche arri\u00e8re automatique Surface de chargement : Plancher en profil\u00e9 d'aluminium avec syst\u00e8me antid\u00e9rapant Rampe d'acc\u00e8s arri\u00e8re biseaut\u00e9e Oeillets d'attache Arr\u00eat de roue r\u00e9glable 2x rampes de chargement rang\u00e9es sous la surface de chargement 2500 mm Syst\u00e8me d'\u00e9clairage : Selon les normes du code de la route 12 V, fiche 13 p\u00f4les<\/p>","protected":false},"excerpt":{"rendered":"<h5>Prix: voir liste de prix sur page d'accueil<\/h5>\n<p>Porte-voiture long pour les professionnels<\/p>\n<h4>Sp\u00e9cifications<\/h4>\n<table class=\"table\">\n<tbody>\n<tr>\n<th>Longueur int\u00e9rieure<\/th>\n<td>8000<small>mm<\/small><\/td>\n<\/tr>\n<tr>\n<th>Largeur int\u00e9rieure<\/th>\n<td>2160 <small>mm<\/small><\/td>\n<\/tr>\n<tr>\n<th>Hauteur int\u00e9rieure<\/th>\n<td>0 <small>mm<\/small><\/td>\n<\/tr>\n<tr>\n<th>Essieux<\/th>\n<td>3<small><\/small><\/td>\n<\/tr>\n<tr>\n<th>Poids total<\/th>\n<td>3500 <small>kg<\/small><\/td>\n<\/tr>\n<tr>\n<th>Charge utile<\/th>\n<td>2750 <small>kg<\/small><\/td>\n<\/tr>\n<tr>\n<th>Roues<\/th>\n<td>195\/50 R 13 C<small><\/small><\/td>\n<\/tr>\n<\/tbody>\n<\/table>\n<h6>Options<\/h6>\n<table>\n<tbody>\n<tr>\n<td>Treuil manuel avec support<\/td>\n<td>640 CHF<\/td>\n<\/tr>\n<tr>\n<td>Support de treuil fixe<\/td>\n<td>350 CHF<\/td>\n<\/tr>\n<tr>\n<td>Chariot \u00e0 treuil mobile<\/td>\n<td>830 CHF<\/td>\n<\/tr>\n<tr>\n<td>Treuil el. EW- 6500 (force de traction 2950 kg)<\/td>\n<td>1150 CHF<\/td>\n<\/tr>\n<tr>\n<td>Treuil el. EW-10000 (force de traction 4985 kg)<\/td>\n<td>1950 CHF<\/td>\n<\/tr>\n<tr>\n<td>Treuil el. EW-12000 (force de traction 5440 kg)<\/td>\n<td>2250 CHF<\/td>\n<\/tr>\n<tr>\n<td>Sangles de surfa\u00e7age en 3 parties<\/td>\n<td>45 CHF<\/td>\n<\/tr>\n<\/tbody>\n<\/table>","protected":false},"featured_media":1292,"comment_status":"open","ping_status":"closed","template":"","meta":{"_acf_changed":false},"product_brand":[],"product_cat":[234],"product_tag":[],"class_list":{"0":"post-506","1":"product","2":"type-product","3":"status-publish","4":"has-post-thumbnail","6":"product_cat-autotransporter-offen","8":"first","9":"instock","10":"featured","11":"shipping-taxable","12":"purchasable","13":"product-type-simple"},"acf":[],"yoast_head":"<!-- This site is optimized with the Yoast SEO plugin v27.2 - https:\/\/yoast.com\/product\/yoast-seo-wordpress\/ -->\n<title>Daltec Le Mans Eco, 8000x2160 mm, 3500 Kg - Daltec<\/title>\n<meta name=\"robots\" content=\"index, follow, max-snippet:-1, max-image-preview:large, max-video-preview:-1\" \/>\n<link rel=\"canonical\" href=\"https:\/\/daltec.ch\/fr\/product\/le-mans-35\/\" \/>\n<meta property=\"og:locale\" content=\"fr_FR\" \/>\n<meta property=\"og:type\" content=\"article\" \/>\n<meta property=\"og:title\" content=\"Daltec Le Mans Eco, 8000x2160 mm, 3500 Kg - Daltec\" \/>\n<meta property=\"og:description\" content=\"Preis: Siehe Preisliste auf Startseite Langer Autotransporter f\u00fcr Professionelle Technische Daten    L\u00e4nge 8000mm   Breite 2160 mm   H\u00f6he 0 mm   Achsen 3   Gesamtgewicht 3500 kg   Nutzlast 2750 kg   R\u00e4der 195\/50 R 13 C    Optionen    Seilwinde manuell mit Halter 640 CHF   Windenhalterung fix 350 CHF   Windenschlitten beweglich 830 CHF   Winde el. EW- 6500 (Zugkraft 2950 Kg) 1150 CHF   Winde el. EW-10000 (Zugkraft 4985 Kg) 1950 CHF   Winde el. EW-12000 (Zugkraft 5440 Kg) 2250 CHF   \u00dcberradgurten 3-teilig 45 CHF\" \/>\n<meta property=\"og:url\" content=\"https:\/\/daltec.ch\/fr\/product\/le-mans-35\/\" \/>\n<meta property=\"og:site_name\" content=\"Daltec\" \/>\n<meta property=\"article:publisher\" content=\"https:\/\/www.facebook.com\/DaltecAG\" \/>\n<meta property=\"article:modified_time\" content=\"2025-06-18T12:48:14+00:00\" \/>\n<meta property=\"og:image\" content=\"https:\/\/daltec.ch\/wp-content\/uploads\/2024\/05\/le_mans_35_1.jpg\" \/>\n\t<meta property=\"og:image:width\" content=\"1000\" \/>\n\t<meta property=\"og:image:height\" content=\"1000\" \/>\n\t<meta property=\"og:image:type\" content=\"image\/jpeg\" \/>\n<meta name=\"twitter:card\" content=\"summary_large_image\" \/>\n<script type=\"application\/ld+json\" class=\"yoast-schema-graph\">{\"@context\":\"https:\/\/schema.org\",\"@graph\":[{\"@type\":\"WebPage\",\"@id\":\"https:\/\/daltec.ch\/product\/le-mans-35\",\"url\":\"https:\/\/daltec.ch\/product\/le-mans-35\",\"name\":\"Daltec Le Mans Eco, 8000x2160 mm, 3500 Kg - Daltec\",\"isPartOf\":{\"@id\":\"https:\/\/daltec.ch\/fr\/#website\"},\"primaryImageOfPage\":{\"@id\":\"https:\/\/daltec.ch\/product\/le-mans-35#primaryimage\"},\"image\":{\"@id\":\"https:\/\/daltec.ch\/product\/le-mans-35#primaryimage\"},\"thumbnailUrl\":\"https:\/\/daltec.ch\/wp-content\/uploads\/2024\/05\/le_mans_35_1.jpg\",\"datePublished\":\"2024-05-15T11:02:22+00:00\",\"dateModified\":\"2025-06-18T12:48:14+00:00\",\"breadcrumb\":{\"@id\":\"https:\/\/daltec.ch\/product\/le-mans-35#breadcrumb\"},\"inLanguage\":\"fr-FR\",\"potentialAction\":[{\"@type\":\"ReadAction\",\"target\":[\"https:\/\/daltec.ch\/product\/le-mans-35\"]}]},{\"@type\":\"ImageObject\",\"inLanguage\":\"fr-FR\",\"@id\":\"https:\/\/daltec.ch\/product\/le-mans-35#primaryimage\",\"url\":\"https:\/\/daltec.ch\/wp-content\/uploads\/2024\/05\/le_mans_35_1.jpg\",\"contentUrl\":\"https:\/\/daltec.ch\/wp-content\/uploads\/2024\/05\/le_mans_35_1.jpg\",\"width\":1000,\"height\":1000},{\"@type\":\"BreadcrumbList\",\"@id\":\"https:\/\/daltec.ch\/product\/le-mans-35#breadcrumb\",\"itemListElement\":[{\"@type\":\"ListItem\",\"position\":1,\"name\":\"Startseite\",\"item\":\"https:\/\/daltec.ch\/\"},{\"@type\":\"ListItem\",\"position\":2,\"name\":\"anhaenger\",\"item\":\"https:\/\/daltec.ch\/anhaenger\"},{\"@type\":\"ListItem\",\"position\":3,\"name\":\"Daltec Le Mans Eco, 8000&#215;2160 mm, 3500 Kg\"}]},{\"@type\":\"WebSite\",\"@id\":\"https:\/\/daltec.ch\/fr\/#website\",\"url\":\"https:\/\/daltec.ch\/fr\/\",\"name\":\"Daltec Trailers\",\"description\":\"\",\"publisher\":{\"@id\":\"https:\/\/daltec.ch\/fr\/#organization\"},\"potentialAction\":[{\"@type\":\"SearchAction\",\"target\":{\"@type\":\"EntryPoint\",\"urlTemplate\":\"https:\/\/daltec.ch\/fr\/?s={search_term_string}\"},\"query-input\":{\"@type\":\"PropertyValueSpecification\",\"valueRequired\":true,\"valueName\":\"search_term_string\"}}],\"inLanguage\":\"fr-FR\"},{\"@type\":\"Organization\",\"@id\":\"https:\/\/daltec.ch\/fr\/#organization\",\"name\":\"Daltec AG\",\"url\":\"https:\/\/daltec.ch\/fr\/\",\"logo\":{\"@type\":\"ImageObject\",\"inLanguage\":\"fr-FR\",\"@id\":\"https:\/\/daltec.ch\/fr\/#\/schema\/logo\/image\/\",\"url\":\"https:\/\/daltec.ch\/wp-content\/uploads\/2025\/08\/dlteclogo.webp\",\"contentUrl\":\"https:\/\/daltec.ch\/wp-content\/uploads\/2025\/08\/dlteclogo.webp\",\"width\":500,\"height\":195,\"caption\":\"Daltec AG\"},\"image\":{\"@id\":\"https:\/\/daltec.ch\/fr\/#\/schema\/logo\/image\/\"},\"sameAs\":[\"https:\/\/www.facebook.com\/DaltecAG\"]}]}<\/script>\n<!-- \/ Yoast SEO plugin. -->","yoast_head_json":{"title":"Daltec Le Mans Eco, 8000x2160 mm, 3500 Kg - Daltec","robots":{"index":"index","follow":"follow","max-snippet":"max-snippet:-1","max-image-preview":"max-image-preview:large","max-video-preview":"max-video-preview:-1"},"canonical":"https:\/\/daltec.ch\/fr\/product\/le-mans-35\/","og_locale":"fr_FR","og_type":"article","og_title":"Daltec Le Mans Eco, 8000x2160 mm, 3500 Kg - Daltec","og_description":"Preis: Siehe Preisliste auf Startseite Langer Autotransporter f\u00fcr Professionelle Technische Daten    L\u00e4nge 8000mm   Breite 2160 mm   H\u00f6he 0 mm   Achsen 3   Gesamtgewicht 3500 kg   Nutzlast 2750 kg   R\u00e4der 195\/50 R 13 C    Optionen    Seilwinde manuell mit Halter 640 CHF   Windenhalterung fix 350 CHF   Windenschlitten beweglich 830 CHF   Winde el. EW- 6500 (Zugkraft 2950 Kg) 1150 CHF   Winde el. EW-10000 (Zugkraft 4985 Kg) 1950 CHF   Winde el. EW-12000 (Zugkraft 5440 Kg) 2250 CHF   \u00dcberradgurten 3-teilig 45 CHF","og_url":"https:\/\/daltec.ch\/fr\/product\/le-mans-35\/","og_site_name":"Daltec","article_publisher":"https:\/\/www.facebook.com\/DaltecAG","article_modified_time":"2025-06-18T12:48:14+00:00","og_image":[{"width":1000,"height":1000,"url":"https:\/\/daltec.ch\/wp-content\/uploads\/2024\/05\/le_mans_35_1.jpg","type":"image\/jpeg"}],"twitter_card":"summary_large_image","schema":{"@context":"https:\/\/schema.org","@graph":[{"@type":"WebPage","@id":"https:\/\/daltec.ch\/product\/le-mans-35","url":"https:\/\/daltec.ch\/product\/le-mans-35","name":"Daltec Le Mans Eco, 8000x2160 mm, 3500 Kg - Daltec","isPartOf":{"@id":"https:\/\/daltec.ch\/fr\/#website"},"primaryImageOfPage":{"@id":"https:\/\/daltec.ch\/product\/le-mans-35#primaryimage"},"image":{"@id":"https:\/\/daltec.ch\/product\/le-mans-35#primaryimage"},"thumbnailUrl":"https:\/\/daltec.ch\/wp-content\/uploads\/2024\/05\/le_mans_35_1.jpg","datePublished":"2024-05-15T11:02:22+00:00","dateModified":"2025-06-18T12:48:14+00:00","breadcrumb":{"@id":"https:\/\/daltec.ch\/product\/le-mans-35#breadcrumb"},"inLanguage":"fr-FR","potentialAction":[{"@type":"ReadAction","target":["https:\/\/daltec.ch\/product\/le-mans-35"]}]},{"@type":"ImageObject","inLanguage":"fr-FR","@id":"https:\/\/daltec.ch\/product\/le-mans-35#primaryimage","url":"https:\/\/daltec.ch\/wp-content\/uploads\/2024\/05\/le_mans_35_1.jpg","contentUrl":"https:\/\/daltec.ch\/wp-content\/uploads\/2024\/05\/le_mans_35_1.jpg","width":1000,"height":1000},{"@type":"BreadcrumbList","@id":"https:\/\/daltec.ch\/product\/le-mans-35#breadcrumb","itemListElement":[{"@type":"ListItem","position":1,"name":"Startseite","item":"https:\/\/daltec.ch\/"},{"@type":"ListItem","position":2,"name":"anhaenger","item":"https:\/\/daltec.ch\/anhaenger"},{"@type":"ListItem","position":3,"name":"Daltec Le Mans Eco, 8000&#215;2160 mm, 3500 Kg"}]},{"@type":"WebSite","@id":"https:\/\/daltec.ch\/fr\/#website","url":"https:\/\/daltec.ch\/fr\/","name":"Daltec Trailers","description":"","publisher":{"@id":"https:\/\/daltec.ch\/fr\/#organization"},"potentialAction":[{"@type":"SearchAction","target":{"@type":"EntryPoint","urlTemplate":"https:\/\/daltec.ch\/fr\/?s={search_term_string}"},"query-input":{"@type":"PropertyValueSpecification","valueRequired":true,"valueName":"search_term_string"}}],"inLanguage":"fr-FR"},{"@type":"Organization","@id":"https:\/\/daltec.ch\/fr\/#organization","name":"Daltec AG","url":"https:\/\/daltec.ch\/fr\/","logo":{"@type":"ImageObject","inLanguage":"fr-FR","@id":"https:\/\/daltec.ch\/fr\/#\/schema\/logo\/image\/","url":"https:\/\/daltec.ch\/wp-content\/uploads\/2025\/08\/dlteclogo.webp","contentUrl":"https:\/\/daltec.ch\/wp-content\/uploads\/2025\/08\/dlteclogo.webp","width":500,"height":195,"caption":"Daltec AG"},"image":{"@id":"https:\/\/daltec.ch\/fr\/#\/schema\/logo\/image\/"},"sameAs":["https:\/\/www.facebook.com\/DaltecAG"]}]}},"_links":{"self":[{"href":"https:\/\/daltec.ch\/fr\/wp-json\/wp\/v2\/product\/506","targetHints":{"allow":["GET"]}}],"collection":[{"href":"https:\/\/daltec.ch\/fr\/wp-json\/wp\/v2\/product"}],"about":[{"href":"https:\/\/daltec.ch\/fr\/wp-json\/wp\/v2\/types\/product"}],"replies":[{"embeddable":true,"href":"https:\/\/daltec.ch\/fr\/wp-json\/wp\/v2\/comments?post=506"}],"wp:featuredmedia":[{"embeddable":true,"href":"https:\/\/daltec.ch\/fr\/wp-json\/wp\/v2\/media\/1292"}],"wp:attachment":[{"href":"https:\/\/daltec.ch\/fr\/wp-json\/wp\/v2\/media?parent=506"}],"wp:term":[{"taxonomy":"product_brand","embeddable":true,"href":"https:\/\/daltec.ch\/fr\/wp-json\/wp\/v2\/product_brand?post=506"},{"taxonomy":"product_cat","embeddable":true,"href":"https:\/\/daltec.ch\/fr\/wp-json\/wp\/v2\/product_cat?post=506"},{"taxonomy":"product_tag","embeddable":true,"href":"https:\/\/daltec.ch\/fr\/wp-json\/wp\/v2\/product_tag?post=506"}],"curies":[{"name":"wp","href":"https:\/\/api.w.org\/{rel}","templated":true}]}}