{"id":526,"date":"2024-05-15T12:16:21","date_gmt":"2024-05-15T12:16:21","guid":{"rendered":"https:\/\/demo.shrinkwaterindia.com\/?post_type=product&#038;p=526"},"modified":"2025-06-18T12:36:33","modified_gmt":"2025-06-18T12:36:33","slug":"low-rider-superlow-elektro-35","status":"publish","type":"product","link":"https:\/\/daltec.ch\/fr\/product\/low-rider-superlow-elektro-35","title":{"rendered":"Daltec Silverstone Full Alu 2 Basculante, 4550\u00d72090 mm, 3000 Kg"},"content":{"rendered":"<p><em><strong>Prix: voir liste de prix sur page d'accueil<\/strong><\/em><\/p>\n<p>Remorque l\u00e9g\u00e8re et robuste pour le transport professionnel de voitures. Charge utile \u00e9lev\u00e9e gr\u00e2ce \u00e0 la grande proportion d'aluminium. Optimal pour le transport de voitures : grande surface de chargement basculante pour un angle de chargement bas - \u00e0 partir de 5\u00b0 ! Commande \u00e9lectrique du syst\u00e8me hydraulique de basculement.<\/p>\n<p>Une pr\u00e9sentation professionnelle en toute situation !<\/p>\n<h4>Equipement:<\/h4>\n<p>Ch\u00e2ssis : Attelage en V Hydraulique de basculement avec commande \u00e9lectrique Batterie 12 V int\u00e9gr\u00e9e Attelage \u00e0 boule Ligne de d\u00e9chirement Roue jockey automatique, renforc\u00e9e Protection anti-boue en plastique Essieux : Essieu AL-KO Frein \u00e0 main Recul automatique Surface de chargement : Surface de chargement ferm\u00e9e en aluminium avec profil\u00e9s lat\u00e9raux anodis\u00e9s. Arrimage du chargement par barre transversale d'approche r\u00e9glable et barres d'arrimage lat\u00e9rales int\u00e9gr\u00e9es C\u00e2ble \u00e9lectrique large franchissable \u00e0 l'avant Syst\u00e8me de rampe : Rails de chargement dans la voie de circulation. Diff\u00e9rentes longueurs en option pour un angle de chargement \u00e0 partir de 5\u00b0 Syst\u00e8me d'\u00e9clairage : 12 V, selon les normes du code de la route Prise 13 p\u00f4les<\/p>","protected":false},"excerpt":{"rendered":"<h5>Prix: voir liste de prix sur page d'accueil<\/h5>\n<p>Pour le transport de voitures surbaiss\u00e9es<\/p>\n<h4>Sp\u00e9cifications<\/h4>\n<table class=\"table\">\n<tbody>\n<tr>\n<th>Longueur int\u00e9rieure<\/th>\n<td>4550 <small>mm<\/small><\/td>\n<\/tr>\n<tr>\n<th>Largeur int\u00e9rieure<\/th>\n<td>2090<small>mm<\/small><\/td>\n<\/tr>\n<tr>\n<th>Hauteur int\u00e9rieure<\/th>\n<td>0 <small>mm<\/small><\/td>\n<\/tr>\n<tr>\n<th>Essieux<\/th>\n<td>2<\/td>\n<\/tr>\n<tr>\n<th>Poids total<\/th>\n<td>3000 <small>kg<\/small><\/td>\n<\/tr>\n<tr>\n<th>Charge utile<\/th>\n<td>2360 <small>kg<\/small><\/td>\n<\/tr>\n<tr>\n<th>Roues<\/th>\n<td>195\/55 R 10 C<small><\/small><\/td>\n<\/tr>\n<\/tbody>\n<\/table>\n<h6>Options<\/h6>\n<table>\n<tbody>\n<tr>\n<td>Sur demande, la remorque peut \u00eatre \u00e9quip\u00e9e d'une t\u00e9l\u00e9commande radio \u00e0 4 canaux. La remorque peut ainsi \u00eatre command\u00e9e presque sans contact. Seuls le verrouillage et l'arrimage se font manuellement.<\/td>\n<td>720 CHF<\/td>\n<\/tr>\n<\/tbody>\n<\/table>","protected":false},"featured_media":3000,"comment_status":"open","ping_status":"closed","template":"","meta":{"_acf_changed":false},"product_brand":[],"product_cat":[234],"product_tag":[],"class_list":{"0":"post-526","1":"product","2":"type-product","3":"status-publish","4":"has-post-thumbnail","6":"product_cat-autotransporter-offen","8":"first","9":"instock","10":"featured","11":"shipping-taxable","12":"purchasable","13":"product-type-simple"},"acf":[],"yoast_head":"<!-- This site is optimized with the Yoast SEO plugin v27.2 - https:\/\/yoast.com\/product\/yoast-seo-wordpress\/ -->\n<title>Daltec Silverstone Full Alu 2 abkippbar, 4550x2090 mm, 3000 Kg - Daltec<\/title>\n<meta name=\"robots\" content=\"index, follow, max-snippet:-1, max-image-preview:large, max-video-preview:-1\" \/>\n<link rel=\"canonical\" href=\"https:\/\/daltec.ch\/fr\/product\/low-rider-superlow-elektro-35\/\" \/>\n<meta property=\"og:locale\" content=\"fr_FR\" \/>\n<meta property=\"og:type\" content=\"article\" \/>\n<meta property=\"og:title\" content=\"Daltec Silverstone Full Alu 2 abkippbar, 4550x2090 mm, 3000 Kg - Daltec\" \/>\n<meta property=\"og:description\" content=\"Preis: Siehe Preisliste auf Startseite F\u00fcr den Transport von tiefergelegten Autos Technische Daten    L\u00e4nge 4550 mm   Breite 2090mm   H\u00f6he 0 mm   Achsen 2   Gesamtgewicht 3000 kg   Nutzlast 2360 kg   R\u00e4der 195\/55 R 10 C    Optionen    Auf Wunsch kann der Anh\u00e4nger mit einer 4 Kanal Funkfernsteuerung ausger\u00fcstet werden. Dadurch kann der Anh\u00e4nger fast ber\u00fchrungslos bedient werden. Nur noch verriegelt und verzurrt wird von Hand 720 CHF\" \/>\n<meta property=\"og:url\" content=\"https:\/\/daltec.ch\/fr\/product\/low-rider-superlow-elektro-35\/\" \/>\n<meta property=\"og:site_name\" content=\"Daltec\" \/>\n<meta property=\"article:publisher\" content=\"https:\/\/www.facebook.com\/DaltecAG\" \/>\n<meta property=\"article:modified_time\" content=\"2025-06-18T12:36:33+00:00\" \/>\n<meta property=\"og:image\" content=\"https:\/\/daltec.ch\/wp-content\/uploads\/2024\/05\/544-Silverstone.png\" \/>\n\t<meta property=\"og:image:width\" content=\"660\" \/>\n\t<meta property=\"og:image:height\" content=\"660\" \/>\n\t<meta property=\"og:image:type\" content=\"image\/png\" \/>\n<meta name=\"twitter:card\" content=\"summary_large_image\" \/>\n<meta name=\"twitter:label1\" content=\"Dur\u00e9e de lecture estim\u00e9e\" \/>\n\t<meta name=\"twitter:data1\" content=\"1 minute\" \/>\n<script type=\"application\/ld+json\" class=\"yoast-schema-graph\">{\"@context\":\"https:\/\/schema.org\",\"@graph\":[{\"@type\":\"WebPage\",\"@id\":\"https:\/\/daltec.ch\/product\/low-rider-superlow-elektro-35\",\"url\":\"https:\/\/daltec.ch\/product\/low-rider-superlow-elektro-35\",\"name\":\"Daltec Silverstone Full Alu 2 abkippbar, 4550x2090 mm, 3000 Kg - Daltec\",\"isPartOf\":{\"@id\":\"https:\/\/daltec.ch\/fr\/#website\"},\"primaryImageOfPage\":{\"@id\":\"https:\/\/daltec.ch\/product\/low-rider-superlow-elektro-35#primaryimage\"},\"image\":{\"@id\":\"https:\/\/daltec.ch\/product\/low-rider-superlow-elektro-35#primaryimage\"},\"thumbnailUrl\":\"https:\/\/daltec.ch\/wp-content\/uploads\/2024\/05\/544-Silverstone.png\",\"datePublished\":\"2024-05-15T12:16:21+00:00\",\"dateModified\":\"2025-06-18T12:36:33+00:00\",\"breadcrumb\":{\"@id\":\"https:\/\/daltec.ch\/product\/low-rider-superlow-elektro-35#breadcrumb\"},\"inLanguage\":\"fr-FR\",\"potentialAction\":[{\"@type\":\"ReadAction\",\"target\":[\"https:\/\/daltec.ch\/product\/low-rider-superlow-elektro-35\"]}]},{\"@type\":\"ImageObject\",\"inLanguage\":\"fr-FR\",\"@id\":\"https:\/\/daltec.ch\/product\/low-rider-superlow-elektro-35#primaryimage\",\"url\":\"https:\/\/daltec.ch\/wp-content\/uploads\/2024\/05\/544-Silverstone.png\",\"contentUrl\":\"https:\/\/daltec.ch\/wp-content\/uploads\/2024\/05\/544-Silverstone.png\",\"width\":660,\"height\":660},{\"@type\":\"BreadcrumbList\",\"@id\":\"https:\/\/daltec.ch\/product\/low-rider-superlow-elektro-35#breadcrumb\",\"itemListElement\":[{\"@type\":\"ListItem\",\"position\":1,\"name\":\"Startseite\",\"item\":\"https:\/\/daltec.ch\/\"},{\"@type\":\"ListItem\",\"position\":2,\"name\":\"anhaenger\",\"item\":\"https:\/\/daltec.ch\/anhaenger\"},{\"@type\":\"ListItem\",\"position\":3,\"name\":\"Daltec Silverstone Full Alu 2 abkippbar, 4550&#215;2090 mm, 3000 Kg\"}]},{\"@type\":\"WebSite\",\"@id\":\"https:\/\/daltec.ch\/fr\/#website\",\"url\":\"https:\/\/daltec.ch\/fr\/\",\"name\":\"Daltec Trailers\",\"description\":\"\",\"publisher\":{\"@id\":\"https:\/\/daltec.ch\/fr\/#organization\"},\"potentialAction\":[{\"@type\":\"SearchAction\",\"target\":{\"@type\":\"EntryPoint\",\"urlTemplate\":\"https:\/\/daltec.ch\/fr\/?s={search_term_string}\"},\"query-input\":{\"@type\":\"PropertyValueSpecification\",\"valueRequired\":true,\"valueName\":\"search_term_string\"}}],\"inLanguage\":\"fr-FR\"},{\"@type\":\"Organization\",\"@id\":\"https:\/\/daltec.ch\/fr\/#organization\",\"name\":\"Daltec AG\",\"url\":\"https:\/\/daltec.ch\/fr\/\",\"logo\":{\"@type\":\"ImageObject\",\"inLanguage\":\"fr-FR\",\"@id\":\"https:\/\/daltec.ch\/fr\/#\/schema\/logo\/image\/\",\"url\":\"https:\/\/daltec.ch\/wp-content\/uploads\/2025\/08\/dlteclogo.webp\",\"contentUrl\":\"https:\/\/daltec.ch\/wp-content\/uploads\/2025\/08\/dlteclogo.webp\",\"width\":500,\"height\":195,\"caption\":\"Daltec AG\"},\"image\":{\"@id\":\"https:\/\/daltec.ch\/fr\/#\/schema\/logo\/image\/\"},\"sameAs\":[\"https:\/\/www.facebook.com\/DaltecAG\"]}]}<\/script>\n<!-- \/ Yoast SEO plugin. -->","yoast_head_json":{"title":"Daltec Silverstone Full Alu 2 abkippbar, 4550x2090 mm, 3000 Kg - Daltec","robots":{"index":"index","follow":"follow","max-snippet":"max-snippet:-1","max-image-preview":"max-image-preview:large","max-video-preview":"max-video-preview:-1"},"canonical":"https:\/\/daltec.ch\/fr\/product\/low-rider-superlow-elektro-35\/","og_locale":"fr_FR","og_type":"article","og_title":"Daltec Silverstone Full Alu 2 abkippbar, 4550x2090 mm, 3000 Kg - Daltec","og_description":"Preis: Siehe Preisliste auf Startseite F\u00fcr den Transport von tiefergelegten Autos Technische Daten    L\u00e4nge 4550 mm   Breite 2090mm   H\u00f6he 0 mm   Achsen 2   Gesamtgewicht 3000 kg   Nutzlast 2360 kg   R\u00e4der 195\/55 R 10 C    Optionen    Auf Wunsch kann der Anh\u00e4nger mit einer 4 Kanal Funkfernsteuerung ausger\u00fcstet werden. Dadurch kann der Anh\u00e4nger fast ber\u00fchrungslos bedient werden. Nur noch verriegelt und verzurrt wird von Hand 720 CHF","og_url":"https:\/\/daltec.ch\/fr\/product\/low-rider-superlow-elektro-35\/","og_site_name":"Daltec","article_publisher":"https:\/\/www.facebook.com\/DaltecAG","article_modified_time":"2025-06-18T12:36:33+00:00","og_image":[{"width":660,"height":660,"url":"https:\/\/daltec.ch\/wp-content\/uploads\/2024\/05\/544-Silverstone.png","type":"image\/png"}],"twitter_card":"summary_large_image","twitter_misc":{"Dur\u00e9e de lecture estim\u00e9e":"1 minute"},"schema":{"@context":"https:\/\/schema.org","@graph":[{"@type":"WebPage","@id":"https:\/\/daltec.ch\/product\/low-rider-superlow-elektro-35","url":"https:\/\/daltec.ch\/product\/low-rider-superlow-elektro-35","name":"Daltec Silverstone Full Alu 2 abkippbar, 4550x2090 mm, 3000 Kg - Daltec","isPartOf":{"@id":"https:\/\/daltec.ch\/fr\/#website"},"primaryImageOfPage":{"@id":"https:\/\/daltec.ch\/product\/low-rider-superlow-elektro-35#primaryimage"},"image":{"@id":"https:\/\/daltec.ch\/product\/low-rider-superlow-elektro-35#primaryimage"},"thumbnailUrl":"https:\/\/daltec.ch\/wp-content\/uploads\/2024\/05\/544-Silverstone.png","datePublished":"2024-05-15T12:16:21+00:00","dateModified":"2025-06-18T12:36:33+00:00","breadcrumb":{"@id":"https:\/\/daltec.ch\/product\/low-rider-superlow-elektro-35#breadcrumb"},"inLanguage":"fr-FR","potentialAction":[{"@type":"ReadAction","target":["https:\/\/daltec.ch\/product\/low-rider-superlow-elektro-35"]}]},{"@type":"ImageObject","inLanguage":"fr-FR","@id":"https:\/\/daltec.ch\/product\/low-rider-superlow-elektro-35#primaryimage","url":"https:\/\/daltec.ch\/wp-content\/uploads\/2024\/05\/544-Silverstone.png","contentUrl":"https:\/\/daltec.ch\/wp-content\/uploads\/2024\/05\/544-Silverstone.png","width":660,"height":660},{"@type":"BreadcrumbList","@id":"https:\/\/daltec.ch\/product\/low-rider-superlow-elektro-35#breadcrumb","itemListElement":[{"@type":"ListItem","position":1,"name":"Startseite","item":"https:\/\/daltec.ch\/"},{"@type":"ListItem","position":2,"name":"anhaenger","item":"https:\/\/daltec.ch\/anhaenger"},{"@type":"ListItem","position":3,"name":"Daltec Silverstone Full Alu 2 abkippbar, 4550&#215;2090 mm, 3000 Kg"}]},{"@type":"WebSite","@id":"https:\/\/daltec.ch\/fr\/#website","url":"https:\/\/daltec.ch\/fr\/","name":"Daltec Trailers","description":"","publisher":{"@id":"https:\/\/daltec.ch\/fr\/#organization"},"potentialAction":[{"@type":"SearchAction","target":{"@type":"EntryPoint","urlTemplate":"https:\/\/daltec.ch\/fr\/?s={search_term_string}"},"query-input":{"@type":"PropertyValueSpecification","valueRequired":true,"valueName":"search_term_string"}}],"inLanguage":"fr-FR"},{"@type":"Organization","@id":"https:\/\/daltec.ch\/fr\/#organization","name":"Daltec AG","url":"https:\/\/daltec.ch\/fr\/","logo":{"@type":"ImageObject","inLanguage":"fr-FR","@id":"https:\/\/daltec.ch\/fr\/#\/schema\/logo\/image\/","url":"https:\/\/daltec.ch\/wp-content\/uploads\/2025\/08\/dlteclogo.webp","contentUrl":"https:\/\/daltec.ch\/wp-content\/uploads\/2025\/08\/dlteclogo.webp","width":500,"height":195,"caption":"Daltec AG"},"image":{"@id":"https:\/\/daltec.ch\/fr\/#\/schema\/logo\/image\/"},"sameAs":["https:\/\/www.facebook.com\/DaltecAG"]}]}},"_links":{"self":[{"href":"https:\/\/daltec.ch\/fr\/wp-json\/wp\/v2\/product\/526","targetHints":{"allow":["GET"]}}],"collection":[{"href":"https:\/\/daltec.ch\/fr\/wp-json\/wp\/v2\/product"}],"about":[{"href":"https:\/\/daltec.ch\/fr\/wp-json\/wp\/v2\/types\/product"}],"replies":[{"embeddable":true,"href":"https:\/\/daltec.ch\/fr\/wp-json\/wp\/v2\/comments?post=526"}],"wp:featuredmedia":[{"embeddable":true,"href":"https:\/\/daltec.ch\/fr\/wp-json\/wp\/v2\/media\/3000"}],"wp:attachment":[{"href":"https:\/\/daltec.ch\/fr\/wp-json\/wp\/v2\/media?parent=526"}],"wp:term":[{"taxonomy":"product_brand","embeddable":true,"href":"https:\/\/daltec.ch\/fr\/wp-json\/wp\/v2\/product_brand?post=526"},{"taxonomy":"product_cat","embeddable":true,"href":"https:\/\/daltec.ch\/fr\/wp-json\/wp\/v2\/product_cat?post=526"},{"taxonomy":"product_tag","embeddable":true,"href":"https:\/\/daltec.ch\/fr\/wp-json\/wp\/v2\/product_tag?post=526"}],"curies":[{"name":"wp","href":"https:\/\/api.w.org\/{rel}","templated":true}]}}