{"id":530,"date":"2024-05-15T12:24:46","date_gmt":"2024-05-15T12:24:46","guid":{"rendered":"https:\/\/demo.shrinkwaterindia.com\/?post_type=product&#038;p=530"},"modified":"2025-07-20T19:58:42","modified_gmt":"2025-07-20T19:58:42","slug":"low-rider-wreckingstar-35","status":"publish","type":"product","link":"https:\/\/daltec.ch\/fr\/product\/low-rider-wreckingstar-35","title":{"rendered":"Daltec Low Rider Wreckingstar 35, 5200\u00d72100 mm, 3500 Kg"},"content":{"rendered":"<p><em><strong>Prix: voir liste de prix sur page d'accueil<\/strong><\/em><\/p>\n<p>Remorque l\u00e9g\u00e8re et robuste pour le transport professionnel de voitures. Charge utile \u00e9lev\u00e9e gr\u00e2ce \u00e0 la grande proportion d'aluminium. Grande surface de chargement inclinable pour un angle de chargement bas et donc un meilleur confort de chargement. La surface de chargement peut \u00eatre abaiss\u00e9e manuellement et l'angle d'acc\u00e8s n'est que de 10\u00b0, ce qui permet de charger sans probl\u00e8me m\u00eame les voitures les plus basses.<\/p>\n<h4>Equipement:<\/h4>\n<p>Ch\u00e2ssis : Soud\u00e9, viss\u00e9 Dispositif d'attelage en V Hydraulique de basculement avec commande \u00e9lectrique Batterie 12 V int\u00e9gr\u00e9e Attelage \u00e0 boule Ligne de d\u00e9chirement Roue jockey automatique, renforc\u00e9e Garde-boue en plastique Essieux : Essieu AL-KO Frein \u00e0 main Recul automatique Surface de chargement : Surface de chargement ferm\u00e9e en aluminium avec profil\u00e9s lat\u00e9raux anodis\u00e9s. Arrimage du chargement par barre transversale d'approche r\u00e9glable et barres d'arrimage lat\u00e9rales int\u00e9gr\u00e9es C\u00e2ble \u00e9lectriquewide franchissable \u00e0 l'avant Syst\u00e8me de rampe : Grande rampe, pivotant \u00e0 180\u00b0 pour les trajets \u00e0 vide Syst\u00e8me d'\u00e9clairage : 12 V, selon les normes du code de la route Prise 13 p\u00f4les<\/p>","protected":false},"excerpt":{"rendered":"<h5><em><span style=\"color: #ff6600;\">Prix: voir liste de prix sur page d'accueil<\/span><\/em><\/h5>\n<p>Remorque professionnelle - Id\u00e9ale pour les sauvetages d'accidents<\/p>\n<h4>Donn\u00e9es techniques:<\/h4>\n<table class=\"table\">\n<tbody>\n<tr>\n<th>Longueur int\u00e9rieure<\/th>\n<td>5200 <small>mm<\/small><\/td>\n<\/tr>\n<tr>\n<th>Largeur int\u00e9rieure<\/th>\n<td>2100 <small>mm<\/small><\/td>\n<\/tr>\n<tr>\n<th>Hauteur int\u00e9rieure<\/th>\n<td>0 <small>mm<\/small><\/td>\n<\/tr>\n<tr>\n<th>Essieux<\/th>\n<td>3<small><\/small><\/td>\n<\/tr>\n<tr>\n<th>Poids total<\/th>\n<td>3500 <small>kg<\/small><\/td>\n<\/tr>\n<tr>\n<th>Charge utile<\/th>\n<td>2500 <small>kg<\/small><\/td>\n<\/tr>\n<tr>\n<th>Roues<\/th>\n<td>195\/55 R 10 C<small><\/small><\/td>\n<\/tr>\n<\/tbody>\n<\/table>\n<h4>Options :<\/h4>\n<table>\n<tbody>\n<tr>\n<td>Sur demande, la remorque peut \u00eatre \u00e9quip\u00e9e d'une t\u00e9l\u00e9commande radio \u00e0 4 canaux. La remorque peut ainsi \u00eatre command\u00e9e presque sans contact. Seuls le verrouillage et l'arrimage se font manuellement.<\/td>\n<td>720 CHF<\/td>\n<\/tr>\n<\/tbody>\n<\/table>","protected":false},"featured_media":534,"comment_status":"open","ping_status":"closed","template":"","meta":{"_acf_changed":false},"product_brand":[],"product_cat":[250,234],"product_tag":[],"class_list":{"0":"post-530","1":"product","2":"type-product","3":"status-publish","4":"has-post-thumbnail","6":"product_cat-abschleppdienst","7":"product_cat-autotransporter-offen","9":"first","10":"instock","11":"featured","12":"shipping-taxable","13":"purchasable","14":"product-type-simple"},"acf":[],"yoast_head":"<!-- This site is optimized with the Yoast SEO plugin v27.4 - https:\/\/yoast.com\/product\/yoast-seo-wordpress\/ -->\n<title>Daltec Low Rider Wreckingstar 35, 5200x2100 mm, 3500 Kg - Daltec<\/title>\n<meta name=\"robots\" content=\"index, follow, max-snippet:-1, max-image-preview:large, max-video-preview:-1\" \/>\n<link rel=\"canonical\" href=\"https:\/\/daltec.ch\/fr\/product\/low-rider-wreckingstar-35\/\" \/>\n<meta property=\"og:locale\" content=\"fr_FR\" \/>\n<meta property=\"og:type\" content=\"article\" \/>\n<meta property=\"og:title\" content=\"Daltec Low Rider Wreckingstar 35, 5200x2100 mm, 3500 Kg - Daltec\" \/>\n<meta property=\"og:description\" content=\"Preis: Siehe Preisliste auf Startseite Professioneller Anh\u00e4nger - Ideal f\u00fcr Unfallbergungen Technische Daten:    L\u00e4nge 5200 mm   Breite 2100 mm   H\u00f6he 0 mm   Achsen 3   Gesamtgewicht 3500 kg   Nutzlast 2500 kg   R\u00e4der 195\/55 R 10 C    Optionen:    Auf Wunsch kann der Anh\u00e4nger mit einer 4 Kanal Funkfernsteuerung ausger\u00fcstet werden. Dadurch kann der Anh\u00e4nger fast ber\u00fchrungslos bedient werden. Nur noch verriegelt und verzurrt wird von Hand 720 CHF\" \/>\n<meta property=\"og:url\" content=\"https:\/\/daltec.ch\/fr\/product\/low-rider-wreckingstar-35\/\" \/>\n<meta property=\"og:site_name\" content=\"Daltec\" \/>\n<meta property=\"article:publisher\" content=\"https:\/\/www.facebook.com\/DaltecAG\" \/>\n<meta property=\"article:modified_time\" content=\"2025-07-20T19:58:42+00:00\" \/>\n<meta property=\"og:image\" content=\"https:\/\/daltec.ch\/wp-content\/uploads\/2024\/05\/Low-Rider-Wreckingstar-35.png\" \/>\n\t<meta property=\"og:image:width\" content=\"703\" \/>\n\t<meta property=\"og:image:height\" content=\"703\" \/>\n\t<meta property=\"og:image:type\" content=\"image\/png\" \/>\n<meta name=\"twitter:card\" content=\"summary_large_image\" \/>\n<meta name=\"twitter:label1\" content=\"Dur\u00e9e de lecture estim\u00e9e\" \/>\n\t<meta name=\"twitter:data1\" content=\"1 minute\" \/>\n<script type=\"application\/ld+json\" class=\"yoast-schema-graph\">{\"@context\":\"https:\\\/\\\/schema.org\",\"@graph\":[{\"@type\":\"WebPage\",\"@id\":\"https:\\\/\\\/daltec.ch\\\/product\\\/low-rider-wreckingstar-35\",\"url\":\"https:\\\/\\\/daltec.ch\\\/product\\\/low-rider-wreckingstar-35\",\"name\":\"Daltec Low Rider Wreckingstar 35, 5200x2100 mm, 3500 Kg - Daltec\",\"isPartOf\":{\"@id\":\"https:\\\/\\\/daltec.ch\\\/fr\\\/#website\"},\"primaryImageOfPage\":{\"@id\":\"https:\\\/\\\/daltec.ch\\\/product\\\/low-rider-wreckingstar-35#primaryimage\"},\"image\":{\"@id\":\"https:\\\/\\\/daltec.ch\\\/product\\\/low-rider-wreckingstar-35#primaryimage\"},\"thumbnailUrl\":\"https:\\\/\\\/daltec.ch\\\/wp-content\\\/uploads\\\/2024\\\/05\\\/Low-Rider-Wreckingstar-35.png\",\"datePublished\":\"2024-05-15T12:24:46+00:00\",\"dateModified\":\"2025-07-20T19:58:42+00:00\",\"breadcrumb\":{\"@id\":\"https:\\\/\\\/daltec.ch\\\/product\\\/low-rider-wreckingstar-35#breadcrumb\"},\"inLanguage\":\"fr-FR\",\"potentialAction\":[{\"@type\":\"ReadAction\",\"target\":[\"https:\\\/\\\/daltec.ch\\\/product\\\/low-rider-wreckingstar-35\"]}]},{\"@type\":\"ImageObject\",\"inLanguage\":\"fr-FR\",\"@id\":\"https:\\\/\\\/daltec.ch\\\/product\\\/low-rider-wreckingstar-35#primaryimage\",\"url\":\"https:\\\/\\\/daltec.ch\\\/wp-content\\\/uploads\\\/2024\\\/05\\\/Low-Rider-Wreckingstar-35.png\",\"contentUrl\":\"https:\\\/\\\/daltec.ch\\\/wp-content\\\/uploads\\\/2024\\\/05\\\/Low-Rider-Wreckingstar-35.png\",\"width\":703,\"height\":703},{\"@type\":\"BreadcrumbList\",\"@id\":\"https:\\\/\\\/daltec.ch\\\/product\\\/low-rider-wreckingstar-35#breadcrumb\",\"itemListElement\":[{\"@type\":\"ListItem\",\"position\":1,\"name\":\"Startseite\",\"item\":\"https:\\\/\\\/daltec.ch\\\/\"},{\"@type\":\"ListItem\",\"position\":2,\"name\":\"anhaenger\",\"item\":\"https:\\\/\\\/daltec.ch\\\/anhaenger\"},{\"@type\":\"ListItem\",\"position\":3,\"name\":\"Daltec Low Rider Wreckingstar 35, 5200&#215;2100 mm, 3500 Kg\"}]},{\"@type\":\"WebSite\",\"@id\":\"https:\\\/\\\/daltec.ch\\\/fr\\\/#website\",\"url\":\"https:\\\/\\\/daltec.ch\\\/fr\\\/\",\"name\":\"Daltec Trailers\",\"description\":\"\",\"publisher\":{\"@id\":\"https:\\\/\\\/daltec.ch\\\/fr\\\/#organization\"},\"potentialAction\":[{\"@type\":\"SearchAction\",\"target\":{\"@type\":\"EntryPoint\",\"urlTemplate\":\"https:\\\/\\\/daltec.ch\\\/fr\\\/?s={search_term_string}\"},\"query-input\":{\"@type\":\"PropertyValueSpecification\",\"valueRequired\":true,\"valueName\":\"search_term_string\"}}],\"inLanguage\":\"fr-FR\"},{\"@type\":\"Organization\",\"@id\":\"https:\\\/\\\/daltec.ch\\\/fr\\\/#organization\",\"name\":\"Daltec AG\",\"url\":\"https:\\\/\\\/daltec.ch\\\/fr\\\/\",\"logo\":{\"@type\":\"ImageObject\",\"inLanguage\":\"fr-FR\",\"@id\":\"https:\\\/\\\/daltec.ch\\\/fr\\\/#\\\/schema\\\/logo\\\/image\\\/\",\"url\":\"https:\\\/\\\/daltec.ch\\\/wp-content\\\/uploads\\\/2025\\\/08\\\/dlteclogo.webp\",\"contentUrl\":\"https:\\\/\\\/daltec.ch\\\/wp-content\\\/uploads\\\/2025\\\/08\\\/dlteclogo.webp\",\"width\":500,\"height\":195,\"caption\":\"Daltec AG\"},\"image\":{\"@id\":\"https:\\\/\\\/daltec.ch\\\/fr\\\/#\\\/schema\\\/logo\\\/image\\\/\"},\"sameAs\":[\"https:\\\/\\\/www.facebook.com\\\/DaltecAG\"]}]}<\/script>\n<!-- \/ Yoast SEO plugin. -->","yoast_head_json":{"title":"Daltec Low Rider Wreckingstar 35, 5200x2100 mm, 3500 Kg - Daltec","robots":{"index":"index","follow":"follow","max-snippet":"max-snippet:-1","max-image-preview":"max-image-preview:large","max-video-preview":"max-video-preview:-1"},"canonical":"https:\/\/daltec.ch\/fr\/product\/low-rider-wreckingstar-35\/","og_locale":"fr_FR","og_type":"article","og_title":"Daltec Low Rider Wreckingstar 35, 5200x2100 mm, 3500 Kg - Daltec","og_description":"Preis: Siehe Preisliste auf Startseite Professioneller Anh\u00e4nger - Ideal f\u00fcr Unfallbergungen Technische Daten:    L\u00e4nge 5200 mm   Breite 2100 mm   H\u00f6he 0 mm   Achsen 3   Gesamtgewicht 3500 kg   Nutzlast 2500 kg   R\u00e4der 195\/55 R 10 C    Optionen:    Auf Wunsch kann der Anh\u00e4nger mit einer 4 Kanal Funkfernsteuerung ausger\u00fcstet werden. Dadurch kann der Anh\u00e4nger fast ber\u00fchrungslos bedient werden. Nur noch verriegelt und verzurrt wird von Hand 720 CHF","og_url":"https:\/\/daltec.ch\/fr\/product\/low-rider-wreckingstar-35\/","og_site_name":"Daltec","article_publisher":"https:\/\/www.facebook.com\/DaltecAG","article_modified_time":"2025-07-20T19:58:42+00:00","og_image":[{"width":703,"height":703,"url":"https:\/\/daltec.ch\/wp-content\/uploads\/2024\/05\/Low-Rider-Wreckingstar-35.png","type":"image\/png"}],"twitter_card":"summary_large_image","twitter_misc":{"Dur\u00e9e de lecture estim\u00e9e":"1 minute"},"schema":{"@context":"https:\/\/schema.org","@graph":[{"@type":"WebPage","@id":"https:\/\/daltec.ch\/product\/low-rider-wreckingstar-35","url":"https:\/\/daltec.ch\/product\/low-rider-wreckingstar-35","name":"Daltec Low Rider Wreckingstar 35, 5200x2100 mm, 3500 Kg - Daltec","isPartOf":{"@id":"https:\/\/daltec.ch\/fr\/#website"},"primaryImageOfPage":{"@id":"https:\/\/daltec.ch\/product\/low-rider-wreckingstar-35#primaryimage"},"image":{"@id":"https:\/\/daltec.ch\/product\/low-rider-wreckingstar-35#primaryimage"},"thumbnailUrl":"https:\/\/daltec.ch\/wp-content\/uploads\/2024\/05\/Low-Rider-Wreckingstar-35.png","datePublished":"2024-05-15T12:24:46+00:00","dateModified":"2025-07-20T19:58:42+00:00","breadcrumb":{"@id":"https:\/\/daltec.ch\/product\/low-rider-wreckingstar-35#breadcrumb"},"inLanguage":"fr-FR","potentialAction":[{"@type":"ReadAction","target":["https:\/\/daltec.ch\/product\/low-rider-wreckingstar-35"]}]},{"@type":"ImageObject","inLanguage":"fr-FR","@id":"https:\/\/daltec.ch\/product\/low-rider-wreckingstar-35#primaryimage","url":"https:\/\/daltec.ch\/wp-content\/uploads\/2024\/05\/Low-Rider-Wreckingstar-35.png","contentUrl":"https:\/\/daltec.ch\/wp-content\/uploads\/2024\/05\/Low-Rider-Wreckingstar-35.png","width":703,"height":703},{"@type":"BreadcrumbList","@id":"https:\/\/daltec.ch\/product\/low-rider-wreckingstar-35#breadcrumb","itemListElement":[{"@type":"ListItem","position":1,"name":"Startseite","item":"https:\/\/daltec.ch\/"},{"@type":"ListItem","position":2,"name":"anhaenger","item":"https:\/\/daltec.ch\/anhaenger"},{"@type":"ListItem","position":3,"name":"Daltec Low Rider Wreckingstar 35, 5200&#215;2100 mm, 3500 Kg"}]},{"@type":"WebSite","@id":"https:\/\/daltec.ch\/fr\/#website","url":"https:\/\/daltec.ch\/fr\/","name":"Daltec Trailers","description":"","publisher":{"@id":"https:\/\/daltec.ch\/fr\/#organization"},"potentialAction":[{"@type":"SearchAction","target":{"@type":"EntryPoint","urlTemplate":"https:\/\/daltec.ch\/fr\/?s={search_term_string}"},"query-input":{"@type":"PropertyValueSpecification","valueRequired":true,"valueName":"search_term_string"}}],"inLanguage":"fr-FR"},{"@type":"Organization","@id":"https:\/\/daltec.ch\/fr\/#organization","name":"Daltec AG","url":"https:\/\/daltec.ch\/fr\/","logo":{"@type":"ImageObject","inLanguage":"fr-FR","@id":"https:\/\/daltec.ch\/fr\/#\/schema\/logo\/image\/","url":"https:\/\/daltec.ch\/wp-content\/uploads\/2025\/08\/dlteclogo.webp","contentUrl":"https:\/\/daltec.ch\/wp-content\/uploads\/2025\/08\/dlteclogo.webp","width":500,"height":195,"caption":"Daltec AG"},"image":{"@id":"https:\/\/daltec.ch\/fr\/#\/schema\/logo\/image\/"},"sameAs":["https:\/\/www.facebook.com\/DaltecAG"]}]}},"_links":{"self":[{"href":"https:\/\/daltec.ch\/fr\/wp-json\/wp\/v2\/product\/530","targetHints":{"allow":["GET"]}}],"collection":[{"href":"https:\/\/daltec.ch\/fr\/wp-json\/wp\/v2\/product"}],"about":[{"href":"https:\/\/daltec.ch\/fr\/wp-json\/wp\/v2\/types\/product"}],"replies":[{"embeddable":true,"href":"https:\/\/daltec.ch\/fr\/wp-json\/wp\/v2\/comments?post=530"}],"wp:featuredmedia":[{"embeddable":true,"href":"https:\/\/daltec.ch\/fr\/wp-json\/wp\/v2\/media\/534"}],"wp:attachment":[{"href":"https:\/\/daltec.ch\/fr\/wp-json\/wp\/v2\/media?parent=530"}],"wp:term":[{"taxonomy":"product_brand","embeddable":true,"href":"https:\/\/daltec.ch\/fr\/wp-json\/wp\/v2\/product_brand?post=530"},{"taxonomy":"product_cat","embeddable":true,"href":"https:\/\/daltec.ch\/fr\/wp-json\/wp\/v2\/product_cat?post=530"},{"taxonomy":"product_tag","embeddable":true,"href":"https:\/\/daltec.ch\/fr\/wp-json\/wp\/v2\/product_tag?post=530"}],"curies":[{"name":"wp","href":"https:\/\/api.w.org\/{rel}","templated":true}]}}