{"id":555,"date":"2024-05-16T04:46:59","date_gmt":"2024-05-16T04:46:59","guid":{"rendered":"https:\/\/demo.shrinkwaterindia.com\/?post_type=product&#038;p=555"},"modified":"2025-06-18T18:23:14","modified_gmt":"2025-06-18T18:23:14","slug":"bat-35-bo","status":"publish","type":"product","link":"https:\/\/daltec.ch\/fr\/product\/bat-35-bo","title":{"rendered":"Daltec VZ BAT 35 BO, 3500x1800x200 mm, 3500 Kg"},"content":{"rendered":"<p><em><strong>Prix: voir liste de prix sur page d'accueil<\/strong><\/em><\/p>\n<p>Transportez des machines de construction de toutes sortes facilement et \u00e0 un prix avantageux avec cette remorque tr\u00e8s r\u00e9sistante. Le BAT 35 Budget, avec rampes debout et mobiles, est parfaitement adapt\u00e9 au transport de machines de construction ainsi que de mat\u00e9riaux de construction.<\/p>\n<h4>Equipement:<\/h4>\n<p>Ch\u00e2ssis : Cadre de base galvanis\u00e9 \u00e0 chaud, soud\u00e9 et viss\u00e9 Dispositif d'attelage en V galvanis\u00e9 Embrayage \u00e0 bille C\u00e2ble de d\u00e9brayage Roue de support Protection contre les cottes en t\u00f4le galvanis\u00e9e Essieux : Essieu AL-KO\/Kott Frein \u00e0 main Marche arri\u00e8re automatique Arri\u00e8re automatique Surface de chargement : Parois lat\u00e9rales galvanis\u00e9es 200 mm Fond en plaques s\u00e9rigraphi\u00e9es 15\/18 mm Rampes de carrosserie r\u00e9glables et galvanis\u00e9es Anneaux de reliure encastr\u00e9es<\/p>","protected":false},"excerpt":{"rendered":"<h5>Prix: voir liste de prix sur page d'accueil<\/h5>\n<p>Transport de machines de construction \u00e0 un prix avantageux<\/p>\n<h4>Sp\u00e9cifications<\/h4>\n<table class=\"table\">\n<tbody>\n<tr>\n<th>Longueur int\u00e9rieure<\/th>\n<td>3500 <small>mm<\/small><\/td>\n<\/tr>\n<tr>\n<th>Largeur int\u00e9rieure<\/th>\n<td>1800 <small>mm<\/small><\/td>\n<\/tr>\n<tr>\n<th>Hauteur int\u00e9rieure<\/th>\n<td>200 <small>mm<\/small><\/td>\n<\/tr>\n<tr>\n<th>Essieux<\/th>\n<td>2<small><\/small><\/td>\n<\/tr>\n<tr>\n<th>Poids total<\/th>\n<td>3500 <small>kg<\/small><\/td>\n<\/tr>\n<tr>\n<th>Charge utile<\/th>\n<td>2760<small> kg<\/small><\/td>\n<\/tr>\n<tr>\n<th>Roues<\/th>\n<td>14 <small>Zoll<\/small><\/td>\n<\/tr>\n<\/tbody>\n<\/table>","protected":false},"featured_media":1460,"comment_status":"open","ping_status":"closed","template":"","meta":{"_acf_changed":false},"product_brand":[],"product_cat":[246],"product_tag":[],"class_list":{"0":"post-555","1":"product","2":"type-product","3":"status-publish","4":"has-post-thumbnail","6":"product_cat-baumaschienentransportanhaenger","8":"first","9":"instock","10":"featured","11":"shipping-taxable","12":"purchasable","13":"product-type-simple"},"acf":[],"yoast_head":"<!-- This site is optimized with the Yoast SEO plugin v27.4 - https:\/\/yoast.com\/product\/yoast-seo-wordpress\/ -->\n<title>Daltec VZ BAT 35 BO, 3500x1800x200 mm, 3500 Kg - Daltec<\/title>\n<meta name=\"robots\" content=\"index, follow, max-snippet:-1, max-image-preview:large, max-video-preview:-1\" \/>\n<link rel=\"canonical\" href=\"https:\/\/daltec.ch\/fr\/product\/bat-35-bo\/\" \/>\n<meta property=\"og:locale\" content=\"fr_FR\" \/>\n<meta property=\"og:type\" content=\"article\" \/>\n<meta property=\"og:title\" content=\"Daltec VZ BAT 35 BO, 3500x1800x200 mm, 3500 Kg - Daltec\" \/>\n<meta property=\"og:description\" content=\"Preis: Siehe Preisliste auf Startseite Baumaschinentransport zu einem g\u00fcnstigen Preis Technische Daten    L\u00e4nge 3500 mm   Breite 1800 mm   H\u00f6he 200 mm   Achsen 2   Gesamtgewicht 3500 kg   Nutzlast 2760 kg   R\u00e4der 14 Zoll\" \/>\n<meta property=\"og:url\" content=\"https:\/\/daltec.ch\/fr\/product\/bat-35-bo\/\" \/>\n<meta property=\"og:site_name\" content=\"Daltec\" \/>\n<meta property=\"article:publisher\" content=\"https:\/\/www.facebook.com\/DaltecAG\" \/>\n<meta property=\"article:modified_time\" content=\"2025-06-18T18:23:14+00:00\" \/>\n<meta property=\"og:image\" content=\"https:\/\/daltec.ch\/wp-content\/uploads\/2024\/05\/bat_30_35_budget_2-1.jpg\" \/>\n\t<meta property=\"og:image:width\" content=\"1000\" \/>\n\t<meta property=\"og:image:height\" content=\"1000\" \/>\n\t<meta property=\"og:image:type\" content=\"image\/jpeg\" \/>\n<meta name=\"twitter:card\" content=\"summary_large_image\" \/>\n<script type=\"application\/ld+json\" class=\"yoast-schema-graph\">{\"@context\":\"https:\\\/\\\/schema.org\",\"@graph\":[{\"@type\":\"WebPage\",\"@id\":\"https:\\\/\\\/daltec.ch\\\/product\\\/bat-35-bo\",\"url\":\"https:\\\/\\\/daltec.ch\\\/product\\\/bat-35-bo\",\"name\":\"Daltec VZ BAT 35 BO, 3500x1800x200 mm, 3500 Kg - Daltec\",\"isPartOf\":{\"@id\":\"https:\\\/\\\/daltec.ch\\\/fr\\\/#website\"},\"primaryImageOfPage\":{\"@id\":\"https:\\\/\\\/daltec.ch\\\/product\\\/bat-35-bo#primaryimage\"},\"image\":{\"@id\":\"https:\\\/\\\/daltec.ch\\\/product\\\/bat-35-bo#primaryimage\"},\"thumbnailUrl\":\"https:\\\/\\\/daltec.ch\\\/wp-content\\\/uploads\\\/2024\\\/05\\\/bat_30_35_budget_2-1.jpg\",\"datePublished\":\"2024-05-16T04:46:59+00:00\",\"dateModified\":\"2025-06-18T18:23:14+00:00\",\"breadcrumb\":{\"@id\":\"https:\\\/\\\/daltec.ch\\\/product\\\/bat-35-bo#breadcrumb\"},\"inLanguage\":\"fr-FR\",\"potentialAction\":[{\"@type\":\"ReadAction\",\"target\":[\"https:\\\/\\\/daltec.ch\\\/product\\\/bat-35-bo\"]}]},{\"@type\":\"ImageObject\",\"inLanguage\":\"fr-FR\",\"@id\":\"https:\\\/\\\/daltec.ch\\\/product\\\/bat-35-bo#primaryimage\",\"url\":\"https:\\\/\\\/daltec.ch\\\/wp-content\\\/uploads\\\/2024\\\/05\\\/bat_30_35_budget_2-1.jpg\",\"contentUrl\":\"https:\\\/\\\/daltec.ch\\\/wp-content\\\/uploads\\\/2024\\\/05\\\/bat_30_35_budget_2-1.jpg\",\"width\":1000,\"height\":1000},{\"@type\":\"BreadcrumbList\",\"@id\":\"https:\\\/\\\/daltec.ch\\\/product\\\/bat-35-bo#breadcrumb\",\"itemListElement\":[{\"@type\":\"ListItem\",\"position\":1,\"name\":\"Startseite\",\"item\":\"https:\\\/\\\/daltec.ch\\\/\"},{\"@type\":\"ListItem\",\"position\":2,\"name\":\"anhaenger\",\"item\":\"https:\\\/\\\/daltec.ch\\\/anhaenger\"},{\"@type\":\"ListItem\",\"position\":3,\"name\":\"Daltec VZ BAT 35 BO, 3500x1800x200 mm, 3500 Kg\"}]},{\"@type\":\"WebSite\",\"@id\":\"https:\\\/\\\/daltec.ch\\\/fr\\\/#website\",\"url\":\"https:\\\/\\\/daltec.ch\\\/fr\\\/\",\"name\":\"Daltec Trailers\",\"description\":\"\",\"publisher\":{\"@id\":\"https:\\\/\\\/daltec.ch\\\/fr\\\/#organization\"},\"potentialAction\":[{\"@type\":\"SearchAction\",\"target\":{\"@type\":\"EntryPoint\",\"urlTemplate\":\"https:\\\/\\\/daltec.ch\\\/fr\\\/?s={search_term_string}\"},\"query-input\":{\"@type\":\"PropertyValueSpecification\",\"valueRequired\":true,\"valueName\":\"search_term_string\"}}],\"inLanguage\":\"fr-FR\"},{\"@type\":\"Organization\",\"@id\":\"https:\\\/\\\/daltec.ch\\\/fr\\\/#organization\",\"name\":\"Daltec AG\",\"url\":\"https:\\\/\\\/daltec.ch\\\/fr\\\/\",\"logo\":{\"@type\":\"ImageObject\",\"inLanguage\":\"fr-FR\",\"@id\":\"https:\\\/\\\/daltec.ch\\\/fr\\\/#\\\/schema\\\/logo\\\/image\\\/\",\"url\":\"https:\\\/\\\/daltec.ch\\\/wp-content\\\/uploads\\\/2025\\\/08\\\/dlteclogo.webp\",\"contentUrl\":\"https:\\\/\\\/daltec.ch\\\/wp-content\\\/uploads\\\/2025\\\/08\\\/dlteclogo.webp\",\"width\":500,\"height\":195,\"caption\":\"Daltec AG\"},\"image\":{\"@id\":\"https:\\\/\\\/daltec.ch\\\/fr\\\/#\\\/schema\\\/logo\\\/image\\\/\"},\"sameAs\":[\"https:\\\/\\\/www.facebook.com\\\/DaltecAG\"]}]}<\/script>\n<!-- \/ Yoast SEO plugin. -->","yoast_head_json":{"title":"Daltec VZ BAT 35 BO, 3500x1800x200 mm, 3500 Kg - Daltec","robots":{"index":"index","follow":"follow","max-snippet":"max-snippet:-1","max-image-preview":"max-image-preview:large","max-video-preview":"max-video-preview:-1"},"canonical":"https:\/\/daltec.ch\/fr\/product\/bat-35-bo\/","og_locale":"fr_FR","og_type":"article","og_title":"Daltec VZ BAT 35 BO, 3500x1800x200 mm, 3500 Kg - Daltec","og_description":"Preis: Siehe Preisliste auf Startseite Baumaschinentransport zu einem g\u00fcnstigen Preis Technische Daten    L\u00e4nge 3500 mm   Breite 1800 mm   H\u00f6he 200 mm   Achsen 2   Gesamtgewicht 3500 kg   Nutzlast 2760 kg   R\u00e4der 14 Zoll","og_url":"https:\/\/daltec.ch\/fr\/product\/bat-35-bo\/","og_site_name":"Daltec","article_publisher":"https:\/\/www.facebook.com\/DaltecAG","article_modified_time":"2025-06-18T18:23:14+00:00","og_image":[{"width":1000,"height":1000,"url":"https:\/\/daltec.ch\/wp-content\/uploads\/2024\/05\/bat_30_35_budget_2-1.jpg","type":"image\/jpeg"}],"twitter_card":"summary_large_image","schema":{"@context":"https:\/\/schema.org","@graph":[{"@type":"WebPage","@id":"https:\/\/daltec.ch\/product\/bat-35-bo","url":"https:\/\/daltec.ch\/product\/bat-35-bo","name":"Daltec VZ BAT 35 BO, 3500x1800x200 mm, 3500 Kg - Daltec","isPartOf":{"@id":"https:\/\/daltec.ch\/fr\/#website"},"primaryImageOfPage":{"@id":"https:\/\/daltec.ch\/product\/bat-35-bo#primaryimage"},"image":{"@id":"https:\/\/daltec.ch\/product\/bat-35-bo#primaryimage"},"thumbnailUrl":"https:\/\/daltec.ch\/wp-content\/uploads\/2024\/05\/bat_30_35_budget_2-1.jpg","datePublished":"2024-05-16T04:46:59+00:00","dateModified":"2025-06-18T18:23:14+00:00","breadcrumb":{"@id":"https:\/\/daltec.ch\/product\/bat-35-bo#breadcrumb"},"inLanguage":"fr-FR","potentialAction":[{"@type":"ReadAction","target":["https:\/\/daltec.ch\/product\/bat-35-bo"]}]},{"@type":"ImageObject","inLanguage":"fr-FR","@id":"https:\/\/daltec.ch\/product\/bat-35-bo#primaryimage","url":"https:\/\/daltec.ch\/wp-content\/uploads\/2024\/05\/bat_30_35_budget_2-1.jpg","contentUrl":"https:\/\/daltec.ch\/wp-content\/uploads\/2024\/05\/bat_30_35_budget_2-1.jpg","width":1000,"height":1000},{"@type":"BreadcrumbList","@id":"https:\/\/daltec.ch\/product\/bat-35-bo#breadcrumb","itemListElement":[{"@type":"ListItem","position":1,"name":"Startseite","item":"https:\/\/daltec.ch\/"},{"@type":"ListItem","position":2,"name":"anhaenger","item":"https:\/\/daltec.ch\/anhaenger"},{"@type":"ListItem","position":3,"name":"Daltec VZ BAT 35 BO, 3500x1800x200 mm, 3500 Kg"}]},{"@type":"WebSite","@id":"https:\/\/daltec.ch\/fr\/#website","url":"https:\/\/daltec.ch\/fr\/","name":"Daltec Trailers","description":"","publisher":{"@id":"https:\/\/daltec.ch\/fr\/#organization"},"potentialAction":[{"@type":"SearchAction","target":{"@type":"EntryPoint","urlTemplate":"https:\/\/daltec.ch\/fr\/?s={search_term_string}"},"query-input":{"@type":"PropertyValueSpecification","valueRequired":true,"valueName":"search_term_string"}}],"inLanguage":"fr-FR"},{"@type":"Organization","@id":"https:\/\/daltec.ch\/fr\/#organization","name":"Daltec AG","url":"https:\/\/daltec.ch\/fr\/","logo":{"@type":"ImageObject","inLanguage":"fr-FR","@id":"https:\/\/daltec.ch\/fr\/#\/schema\/logo\/image\/","url":"https:\/\/daltec.ch\/wp-content\/uploads\/2025\/08\/dlteclogo.webp","contentUrl":"https:\/\/daltec.ch\/wp-content\/uploads\/2025\/08\/dlteclogo.webp","width":500,"height":195,"caption":"Daltec AG"},"image":{"@id":"https:\/\/daltec.ch\/fr\/#\/schema\/logo\/image\/"},"sameAs":["https:\/\/www.facebook.com\/DaltecAG"]}]}},"_links":{"self":[{"href":"https:\/\/daltec.ch\/fr\/wp-json\/wp\/v2\/product\/555","targetHints":{"allow":["GET"]}}],"collection":[{"href":"https:\/\/daltec.ch\/fr\/wp-json\/wp\/v2\/product"}],"about":[{"href":"https:\/\/daltec.ch\/fr\/wp-json\/wp\/v2\/types\/product"}],"replies":[{"embeddable":true,"href":"https:\/\/daltec.ch\/fr\/wp-json\/wp\/v2\/comments?post=555"}],"wp:featuredmedia":[{"embeddable":true,"href":"https:\/\/daltec.ch\/fr\/wp-json\/wp\/v2\/media\/1460"}],"wp:attachment":[{"href":"https:\/\/daltec.ch\/fr\/wp-json\/wp\/v2\/media?parent=555"}],"wp:term":[{"taxonomy":"product_brand","embeddable":true,"href":"https:\/\/daltec.ch\/fr\/wp-json\/wp\/v2\/product_brand?post=555"},{"taxonomy":"product_cat","embeddable":true,"href":"https:\/\/daltec.ch\/fr\/wp-json\/wp\/v2\/product_cat?post=555"},{"taxonomy":"product_tag","embeddable":true,"href":"https:\/\/daltec.ch\/fr\/wp-json\/wp\/v2\/product_tag?post=555"}],"curies":[{"name":"wp","href":"https:\/\/api.w.org\/{rel}","templated":true}]}}