{"id":616,"date":"2024-05-16T07:52:16","date_gmt":"2024-05-16T07:52:16","guid":{"rendered":"https:\/\/demo.shrinkwaterindia.com\/?post_type=product&#038;p=616"},"modified":"2025-06-24T08:00:51","modified_gmt":"2025-06-24T08:00:51","slug":"ibiza-markt-gross","status":"publish","type":"product","link":"https:\/\/daltec.ch\/fr\/product\/ibiza-markt-gross","title":{"rendered":"Daltec Ibiza, 10000&#215;1400 mm, 3500 Kg"},"content":{"rendered":"<p>Remorque de vente pour produits frais et r\u00e9frig\u00e9r\u00e9s !<br \/>\nVitrine r\u00e9frig\u00e9r\u00e9e professionnelle avec compresseurs et technique de r\u00e9gulation appropri\u00e9s. Surface de travail et \u00e9talage de pr\u00e9sentation en inox avec protection en verre. D'autres accessoires tels que des suspensions pour saucisses, etc. sont disponibles sur demande.<\/p>\n<h4>Equipement:<\/h4>\n<p>Ch\u00e2ssis : Attelage en V galvanis\u00e9 \u00e0 chaud Attelage \u00e0 boule, roue jockey Ligne de d\u00e9chirement ou cha\u00eene 4 b\u00e9quilles \u00e0 manivelle pour stabiliser la remorque Essieux : Essieu AL-KO\/Knott avec frein \u00e0 inertie Frein \u00e0 main Recul automatique Plancher : Plaque s\u00e9rigraphi\u00e9e recouverte de PVC Installation d'\u00e9clairage : Selon normes du code de la route, 12 V, fiche 13 p\u00f4les Carrosserie : En panneaux sandwich blancs isol\u00e9s ext\u00e9rieur lisse Profil\u00e9s d'angle en aluminium 1 porte de service verrouillable avec marchepied au-dessus du timon 2 c\u00f4t\u00e9s rabattables, verrouillables Equipement : Surface de travail sur 3 c\u00f4t\u00e9s Vitrine de vente lat\u00e9rale avec armoires inf\u00e9rieures et fen\u00eatre de contr\u00f4le En haut, rangement au-dessus de la surface de vente. Armoire encastr\u00e9e en hauteur. Installation d'eau avec chauffe-eau instantan\u00e9, bidons mobiles et double lavabo avec mitigeur dans un meuble s\u00e9par\u00e9. Rangement des sacs c\u00f4t\u00e9 client. Vitrine r\u00e9frig\u00e9r\u00e9e en inox avec compresseur frigorifique professionnel pour des temp\u00e9ratures jusqu'\u00e0 -6 degr\u00e9s. Installation d'eau et plan de travail en inox. Installation \u00e9lectrique : 240 V avec alimentation ext\u00e9rieure, bo\u00eete \u00e0 fusibles, 5 prises de courant Eclairage int\u00e9rieur avec interrupteur<\/p>","protected":false},"excerpt":{"rendered":"<h5><span style=\"color: #ff0000;\"><em><strong>Prix: voir liste de prix sur page d'accueil<\/strong><\/em><\/span><\/h5>\n<p>Remorque de vente de haute qualit\u00e9 avec syst\u00e8me de refroidissement !<\/p>\n<h4>Donn\u00e9es techniques:<\/h4>\n<table class=\"table\">\n<tbody>\n<tr>\n<th>Longueur int\u00e9rieure<\/th>\n<td>10000 <small>mm<\/small><\/td>\n<\/tr>\n<tr>\n<th>Largeur int\u00e9rieure<\/th>\n<td>1400 <small>mm<\/small><\/td>\n<\/tr>\n<tr>\n<th>Hauteur int\u00e9rieure<\/th>\n<td>0 <small>mm<\/small><\/td>\n<\/tr>\n<tr>\n<th>Essieux<\/th>\n<td>2<small><\/small><\/td>\n<\/tr>\n<tr>\n<th>Poids total<\/th>\n<td>3500 Kg<\/td>\n<\/tr>\n<tr>\n<th>Charge utile<\/th>\n<td>1350 Kg<\/td>\n<\/tr>\n<tr>\n<th>Roues<\/th>\n<td>195 R 14 C<\/td>\n<\/tr>\n<\/tbody>\n<\/table>","protected":false},"featured_media":3072,"comment_status":"open","ping_status":"closed","template":"","meta":{"_acf_changed":false},"product_brand":[],"product_cat":[226,31],"product_tag":[],"class_list":{"0":"post-616","1":"product","2":"type-product","3":"status-publish","4":"has-post-thumbnail","6":"product_cat-marktanhaenger","7":"product_cat-verkaufsfanhaenger","9":"first","10":"instock","11":"featured","12":"shipping-taxable","13":"purchasable","14":"product-type-simple"},"acf":[],"yoast_head":"<!-- This site is optimized with the Yoast SEO plugin v27.2 - https:\/\/yoast.com\/product\/yoast-seo-wordpress\/ -->\n<title>Daltec Ibiza, 10000x1400 mm, 3500 Kg - Daltec<\/title>\n<meta name=\"robots\" content=\"index, follow, max-snippet:-1, max-image-preview:large, max-video-preview:-1\" \/>\n<link rel=\"canonical\" href=\"https:\/\/daltec.ch\/fr\/product\/ibiza-markt-gross\/\" \/>\n<meta property=\"og:locale\" content=\"fr_FR\" \/>\n<meta property=\"og:type\" content=\"article\" \/>\n<meta property=\"og:title\" content=\"Daltec Ibiza, 10000x1400 mm, 3500 Kg - Daltec\" \/>\n<meta property=\"og:description\" content=\"Preis: Siehe Preisliste auf Startseite Hochwertiger Verkaufsanh\u00e4nger mit K\u00fchlsystem! Technische Daten:    L\u00e4nge 10000 mm   Breite 1400 mm   H\u00f6he 0 mm   Achsen 2   Gesamtgewicht 3500 Kg   Nutzlast 1350 Kg   R\u00e4der 195 R 14 C\" \/>\n<meta property=\"og:url\" content=\"https:\/\/daltec.ch\/fr\/product\/ibiza-markt-gross\/\" \/>\n<meta property=\"og:site_name\" content=\"Daltec\" \/>\n<meta property=\"article:publisher\" content=\"https:\/\/www.facebook.com\/DaltecAG\" \/>\n<meta property=\"article:modified_time\" content=\"2025-06-24T08:00:51+00:00\" \/>\n<meta property=\"og:image\" content=\"https:\/\/daltec.ch\/wp-content\/uploads\/2024\/05\/ibiza-2.png\" \/>\n\t<meta property=\"og:image:width\" content=\"800\" \/>\n\t<meta property=\"og:image:height\" content=\"600\" \/>\n\t<meta property=\"og:image:type\" content=\"image\/png\" \/>\n<meta name=\"twitter:card\" content=\"summary_large_image\" \/>\n<meta name=\"twitter:label1\" content=\"Dur\u00e9e de lecture estim\u00e9e\" \/>\n\t<meta name=\"twitter:data1\" content=\"1 minute\" \/>\n<script type=\"application\/ld+json\" class=\"yoast-schema-graph\">{\"@context\":\"https:\/\/schema.org\",\"@graph\":[{\"@type\":\"WebPage\",\"@id\":\"https:\/\/daltec.ch\/product\/ibiza-markt-gross\",\"url\":\"https:\/\/daltec.ch\/product\/ibiza-markt-gross\",\"name\":\"Daltec Ibiza, 10000x1400 mm, 3500 Kg - Daltec\",\"isPartOf\":{\"@id\":\"https:\/\/daltec.ch\/fr\/#website\"},\"primaryImageOfPage\":{\"@id\":\"https:\/\/daltec.ch\/product\/ibiza-markt-gross#primaryimage\"},\"image\":{\"@id\":\"https:\/\/daltec.ch\/product\/ibiza-markt-gross#primaryimage\"},\"thumbnailUrl\":\"https:\/\/daltec.ch\/wp-content\/uploads\/2024\/05\/ibiza-2.png\",\"datePublished\":\"2024-05-16T07:52:16+00:00\",\"dateModified\":\"2025-06-24T08:00:51+00:00\",\"breadcrumb\":{\"@id\":\"https:\/\/daltec.ch\/product\/ibiza-markt-gross#breadcrumb\"},\"inLanguage\":\"fr-FR\",\"potentialAction\":[{\"@type\":\"ReadAction\",\"target\":[\"https:\/\/daltec.ch\/product\/ibiza-markt-gross\"]}]},{\"@type\":\"ImageObject\",\"inLanguage\":\"fr-FR\",\"@id\":\"https:\/\/daltec.ch\/product\/ibiza-markt-gross#primaryimage\",\"url\":\"https:\/\/daltec.ch\/wp-content\/uploads\/2024\/05\/ibiza-2.png\",\"contentUrl\":\"https:\/\/daltec.ch\/wp-content\/uploads\/2024\/05\/ibiza-2.png\",\"width\":800,\"height\":600},{\"@type\":\"BreadcrumbList\",\"@id\":\"https:\/\/daltec.ch\/product\/ibiza-markt-gross#breadcrumb\",\"itemListElement\":[{\"@type\":\"ListItem\",\"position\":1,\"name\":\"Startseite\",\"item\":\"https:\/\/daltec.ch\/\"},{\"@type\":\"ListItem\",\"position\":2,\"name\":\"anhaenger\",\"item\":\"https:\/\/daltec.ch\/anhaenger\"},{\"@type\":\"ListItem\",\"position\":3,\"name\":\"Daltec Ibiza, 10000&#215;1400 mm, 3500 Kg\"}]},{\"@type\":\"WebSite\",\"@id\":\"https:\/\/daltec.ch\/fr\/#website\",\"url\":\"https:\/\/daltec.ch\/fr\/\",\"name\":\"Daltec Trailers\",\"description\":\"\",\"publisher\":{\"@id\":\"https:\/\/daltec.ch\/fr\/#organization\"},\"potentialAction\":[{\"@type\":\"SearchAction\",\"target\":{\"@type\":\"EntryPoint\",\"urlTemplate\":\"https:\/\/daltec.ch\/fr\/?s={search_term_string}\"},\"query-input\":{\"@type\":\"PropertyValueSpecification\",\"valueRequired\":true,\"valueName\":\"search_term_string\"}}],\"inLanguage\":\"fr-FR\"},{\"@type\":\"Organization\",\"@id\":\"https:\/\/daltec.ch\/fr\/#organization\",\"name\":\"Daltec AG\",\"url\":\"https:\/\/daltec.ch\/fr\/\",\"logo\":{\"@type\":\"ImageObject\",\"inLanguage\":\"fr-FR\",\"@id\":\"https:\/\/daltec.ch\/fr\/#\/schema\/logo\/image\/\",\"url\":\"https:\/\/daltec.ch\/wp-content\/uploads\/2025\/08\/dlteclogo.webp\",\"contentUrl\":\"https:\/\/daltec.ch\/wp-content\/uploads\/2025\/08\/dlteclogo.webp\",\"width\":500,\"height\":195,\"caption\":\"Daltec AG\"},\"image\":{\"@id\":\"https:\/\/daltec.ch\/fr\/#\/schema\/logo\/image\/\"},\"sameAs\":[\"https:\/\/www.facebook.com\/DaltecAG\"]}]}<\/script>\n<!-- \/ Yoast SEO plugin. -->","yoast_head_json":{"title":"Daltec Ibiza, 10000x1400 mm, 3500 Kg - Daltec","robots":{"index":"index","follow":"follow","max-snippet":"max-snippet:-1","max-image-preview":"max-image-preview:large","max-video-preview":"max-video-preview:-1"},"canonical":"https:\/\/daltec.ch\/fr\/product\/ibiza-markt-gross\/","og_locale":"fr_FR","og_type":"article","og_title":"Daltec Ibiza, 10000x1400 mm, 3500 Kg - Daltec","og_description":"Preis: Siehe Preisliste auf Startseite Hochwertiger Verkaufsanh\u00e4nger mit K\u00fchlsystem! Technische Daten:    L\u00e4nge 10000 mm   Breite 1400 mm   H\u00f6he 0 mm   Achsen 2   Gesamtgewicht 3500 Kg   Nutzlast 1350 Kg   R\u00e4der 195 R 14 C","og_url":"https:\/\/daltec.ch\/fr\/product\/ibiza-markt-gross\/","og_site_name":"Daltec","article_publisher":"https:\/\/www.facebook.com\/DaltecAG","article_modified_time":"2025-06-24T08:00:51+00:00","og_image":[{"width":800,"height":600,"url":"https:\/\/daltec.ch\/wp-content\/uploads\/2024\/05\/ibiza-2.png","type":"image\/png"}],"twitter_card":"summary_large_image","twitter_misc":{"Dur\u00e9e de lecture estim\u00e9e":"1 minute"},"schema":{"@context":"https:\/\/schema.org","@graph":[{"@type":"WebPage","@id":"https:\/\/daltec.ch\/product\/ibiza-markt-gross","url":"https:\/\/daltec.ch\/product\/ibiza-markt-gross","name":"Daltec Ibiza, 10000x1400 mm, 3500 Kg - Daltec","isPartOf":{"@id":"https:\/\/daltec.ch\/fr\/#website"},"primaryImageOfPage":{"@id":"https:\/\/daltec.ch\/product\/ibiza-markt-gross#primaryimage"},"image":{"@id":"https:\/\/daltec.ch\/product\/ibiza-markt-gross#primaryimage"},"thumbnailUrl":"https:\/\/daltec.ch\/wp-content\/uploads\/2024\/05\/ibiza-2.png","datePublished":"2024-05-16T07:52:16+00:00","dateModified":"2025-06-24T08:00:51+00:00","breadcrumb":{"@id":"https:\/\/daltec.ch\/product\/ibiza-markt-gross#breadcrumb"},"inLanguage":"fr-FR","potentialAction":[{"@type":"ReadAction","target":["https:\/\/daltec.ch\/product\/ibiza-markt-gross"]}]},{"@type":"ImageObject","inLanguage":"fr-FR","@id":"https:\/\/daltec.ch\/product\/ibiza-markt-gross#primaryimage","url":"https:\/\/daltec.ch\/wp-content\/uploads\/2024\/05\/ibiza-2.png","contentUrl":"https:\/\/daltec.ch\/wp-content\/uploads\/2024\/05\/ibiza-2.png","width":800,"height":600},{"@type":"BreadcrumbList","@id":"https:\/\/daltec.ch\/product\/ibiza-markt-gross#breadcrumb","itemListElement":[{"@type":"ListItem","position":1,"name":"Startseite","item":"https:\/\/daltec.ch\/"},{"@type":"ListItem","position":2,"name":"anhaenger","item":"https:\/\/daltec.ch\/anhaenger"},{"@type":"ListItem","position":3,"name":"Daltec Ibiza, 10000&#215;1400 mm, 3500 Kg"}]},{"@type":"WebSite","@id":"https:\/\/daltec.ch\/fr\/#website","url":"https:\/\/daltec.ch\/fr\/","name":"Daltec Trailers","description":"","publisher":{"@id":"https:\/\/daltec.ch\/fr\/#organization"},"potentialAction":[{"@type":"SearchAction","target":{"@type":"EntryPoint","urlTemplate":"https:\/\/daltec.ch\/fr\/?s={search_term_string}"},"query-input":{"@type":"PropertyValueSpecification","valueRequired":true,"valueName":"search_term_string"}}],"inLanguage":"fr-FR"},{"@type":"Organization","@id":"https:\/\/daltec.ch\/fr\/#organization","name":"Daltec AG","url":"https:\/\/daltec.ch\/fr\/","logo":{"@type":"ImageObject","inLanguage":"fr-FR","@id":"https:\/\/daltec.ch\/fr\/#\/schema\/logo\/image\/","url":"https:\/\/daltec.ch\/wp-content\/uploads\/2025\/08\/dlteclogo.webp","contentUrl":"https:\/\/daltec.ch\/wp-content\/uploads\/2025\/08\/dlteclogo.webp","width":500,"height":195,"caption":"Daltec AG"},"image":{"@id":"https:\/\/daltec.ch\/fr\/#\/schema\/logo\/image\/"},"sameAs":["https:\/\/www.facebook.com\/DaltecAG"]}]}},"_links":{"self":[{"href":"https:\/\/daltec.ch\/fr\/wp-json\/wp\/v2\/product\/616","targetHints":{"allow":["GET"]}}],"collection":[{"href":"https:\/\/daltec.ch\/fr\/wp-json\/wp\/v2\/product"}],"about":[{"href":"https:\/\/daltec.ch\/fr\/wp-json\/wp\/v2\/types\/product"}],"replies":[{"embeddable":true,"href":"https:\/\/daltec.ch\/fr\/wp-json\/wp\/v2\/comments?post=616"}],"wp:featuredmedia":[{"embeddable":true,"href":"https:\/\/daltec.ch\/fr\/wp-json\/wp\/v2\/media\/3072"}],"wp:attachment":[{"href":"https:\/\/daltec.ch\/fr\/wp-json\/wp\/v2\/media?parent=616"}],"wp:term":[{"taxonomy":"product_brand","embeddable":true,"href":"https:\/\/daltec.ch\/fr\/wp-json\/wp\/v2\/product_brand?post=616"},{"taxonomy":"product_cat","embeddable":true,"href":"https:\/\/daltec.ch\/fr\/wp-json\/wp\/v2\/product_cat?post=616"},{"taxonomy":"product_tag","embeddable":true,"href":"https:\/\/daltec.ch\/fr\/wp-json\/wp\/v2\/product_tag?post=616"}],"curies":[{"name":"wp","href":"https:\/\/api.w.org\/{rel}","templated":true}]}}