{"id":647,"date":"2024-05-16T10:49:34","date_gmt":"2024-05-16T10:49:34","guid":{"rendered":"https:\/\/demo.shrinkwaterindia.com\/?post_type=product&#038;p=647"},"modified":"2026-01-27T11:08:39","modified_gmt":"2026-01-27T11:08:39","slug":"x-force-event-anhaenger","status":"publish","type":"product","link":"https:\/\/daltec.ch\/fr\/product\/x-force-event-anhaenger","title":{"rendered":"Event Anh\u00e4nger \/ Roadshow Fahrzeuge"},"content":{"rendered":"<p>Gr\u00e2ce \u00e0 nos spectaculaires remorques de pr\u00e9sentation, vous pouvez appara\u00eetre sous les feux de la rampe. Compactes, s\u00fbres sur la route et impressionnantes sur place, elles sont dot\u00e9es d'innombrables innovations techniques. Laissez vos produits agir sur le public. Chaque v\u00e9hicule est fabriqu\u00e9 sur mesure.<br \/>\nVerlangen Sie ein Angebot. Preis auf Anfrage.<\/p>\n<p>Bj. 2004<\/p>","protected":false},"excerpt":{"rendered":"<h4>Donn\u00e9es techniques:<\/h4>\n<table class=\"table\">\n<tbody>\n<tr>\n<th>Longueur int\u00e9rieure<\/th>\n<td>0 <small>mm<\/small><\/td>\n<\/tr>\n<tr>\n<th>Largeur int\u00e9rieure<\/th>\n<td>0<small>mm<\/small><\/td>\n<\/tr>\n<tr>\n<th>Hauteur int\u00e9rieure<\/th>\n<td>2215 <small>mm<\/small><\/td>\n<\/tr>\n<tr>\n<th>Essieux<\/th>\n<td>0 <small><\/small><\/td>\n<\/tr>\n<tr>\n<th>Poids total<\/th>\n<td>0 <small>kg<\/small><\/td>\n<\/tr>\n<tr>\n<th>Charge utile<\/th>\n<td>0 <small> kg<\/small><\/td>\n<\/tr>\n<tr>\n<th>Roues<\/th>\n<td>0<\/td>\n<\/tr>\n<\/tbody>\n<\/table>","protected":false},"featured_media":4292,"comment_status":"open","ping_status":"closed","template":"","meta":{"_acf_changed":false},"product_brand":[],"product_cat":[33,37],"product_tag":[],"class_list":{"0":"post-647","1":"product","2":"type-product","3":"status-publish","4":"has-post-thumbnail","6":"product_cat-eventanhaenger","7":"product_cat-occasionen-anhaenger","9":"first","10":"instock","11":"featured","12":"shipping-taxable","13":"product-type-simple"},"acf":[],"yoast_head":"<!-- This site is optimized with the Yoast SEO plugin v27.2 - https:\/\/yoast.com\/product\/yoast-seo-wordpress\/ -->\n<title>Event Anh\u00e4nger \/ Roadshow Fahrzeuge - Daltec<\/title>\n<meta name=\"robots\" content=\"index, follow, max-snippet:-1, max-image-preview:large, max-video-preview:-1\" \/>\n<link rel=\"canonical\" href=\"https:\/\/daltec.ch\/fr\/product\/x-force-event-anhaenger\/\" \/>\n<meta property=\"og:locale\" content=\"fr_FR\" \/>\n<meta property=\"og:type\" content=\"article\" \/>\n<meta property=\"og:title\" content=\"Event Anh\u00e4nger \/ Roadshow Fahrzeuge - Daltec\" \/>\n<meta property=\"og:description\" content=\"Technische Daten:    L\u00e4nge 0 mm   Breite 0mm   H\u00f6he 2215 mm   Achsen 0    Gesamtgewicht 0 kg   Nutzlast 0 kg   R\u00e4der 0\" \/>\n<meta property=\"og:url\" content=\"https:\/\/daltec.ch\/fr\/product\/x-force-event-anhaenger\/\" \/>\n<meta property=\"og:site_name\" content=\"Daltec\" \/>\n<meta property=\"article:publisher\" content=\"https:\/\/www.facebook.com\/DaltecAG\" \/>\n<meta property=\"article:modified_time\" content=\"2026-01-27T11:08:39+00:00\" \/>\n<meta property=\"og:image\" content=\"https:\/\/daltec.ch\/wp-content\/uploads\/2024\/05\/EVENTANHaenger-12.jpeg\" \/>\n\t<meta property=\"og:image:width\" content=\"1600\" \/>\n\t<meta property=\"og:image:height\" content=\"1200\" \/>\n\t<meta property=\"og:image:type\" content=\"image\/jpeg\" \/>\n<meta name=\"twitter:card\" content=\"summary_large_image\" \/>\n<meta name=\"twitter:label1\" content=\"Dur\u00e9e de lecture estim\u00e9e\" \/>\n\t<meta name=\"twitter:data1\" content=\"1 minute\" \/>\n<script type=\"application\/ld+json\" class=\"yoast-schema-graph\">{\"@context\":\"https:\/\/schema.org\",\"@graph\":[{\"@type\":\"WebPage\",\"@id\":\"https:\/\/daltec.ch\/product\/x-force-event-anhaenger\",\"url\":\"https:\/\/daltec.ch\/product\/x-force-event-anhaenger\",\"name\":\"Event Anh\u00e4nger \/ Roadshow Fahrzeuge - Daltec\",\"isPartOf\":{\"@id\":\"https:\/\/daltec.ch\/fr\/#website\"},\"primaryImageOfPage\":{\"@id\":\"https:\/\/daltec.ch\/product\/x-force-event-anhaenger#primaryimage\"},\"image\":{\"@id\":\"https:\/\/daltec.ch\/product\/x-force-event-anhaenger#primaryimage\"},\"thumbnailUrl\":\"https:\/\/daltec.ch\/wp-content\/uploads\/2024\/05\/EVENTANHaenger-12.jpeg\",\"datePublished\":\"2024-05-16T10:49:34+00:00\",\"dateModified\":\"2026-01-27T11:08:39+00:00\",\"breadcrumb\":{\"@id\":\"https:\/\/daltec.ch\/product\/x-force-event-anhaenger#breadcrumb\"},\"inLanguage\":\"fr-FR\",\"potentialAction\":[{\"@type\":\"ReadAction\",\"target\":[\"https:\/\/daltec.ch\/product\/x-force-event-anhaenger\"]}]},{\"@type\":\"ImageObject\",\"inLanguage\":\"fr-FR\",\"@id\":\"https:\/\/daltec.ch\/product\/x-force-event-anhaenger#primaryimage\",\"url\":\"https:\/\/daltec.ch\/wp-content\/uploads\/2024\/05\/EVENTANHaenger-12.jpeg\",\"contentUrl\":\"https:\/\/daltec.ch\/wp-content\/uploads\/2024\/05\/EVENTANHaenger-12.jpeg\",\"width\":1600,\"height\":1200},{\"@type\":\"BreadcrumbList\",\"@id\":\"https:\/\/daltec.ch\/product\/x-force-event-anhaenger#breadcrumb\",\"itemListElement\":[{\"@type\":\"ListItem\",\"position\":1,\"name\":\"Startseite\",\"item\":\"https:\/\/daltec.ch\/\"},{\"@type\":\"ListItem\",\"position\":2,\"name\":\"anhaenger\",\"item\":\"https:\/\/daltec.ch\/anhaenger\"},{\"@type\":\"ListItem\",\"position\":3,\"name\":\"Event Anh\u00e4nger \/ Roadshow Fahrzeuge\"}]},{\"@type\":\"WebSite\",\"@id\":\"https:\/\/daltec.ch\/fr\/#website\",\"url\":\"https:\/\/daltec.ch\/fr\/\",\"name\":\"Daltec Trailers\",\"description\":\"\",\"publisher\":{\"@id\":\"https:\/\/daltec.ch\/fr\/#organization\"},\"potentialAction\":[{\"@type\":\"SearchAction\",\"target\":{\"@type\":\"EntryPoint\",\"urlTemplate\":\"https:\/\/daltec.ch\/fr\/?s={search_term_string}\"},\"query-input\":{\"@type\":\"PropertyValueSpecification\",\"valueRequired\":true,\"valueName\":\"search_term_string\"}}],\"inLanguage\":\"fr-FR\"},{\"@type\":\"Organization\",\"@id\":\"https:\/\/daltec.ch\/fr\/#organization\",\"name\":\"Daltec AG\",\"url\":\"https:\/\/daltec.ch\/fr\/\",\"logo\":{\"@type\":\"ImageObject\",\"inLanguage\":\"fr-FR\",\"@id\":\"https:\/\/daltec.ch\/fr\/#\/schema\/logo\/image\/\",\"url\":\"https:\/\/daltec.ch\/wp-content\/uploads\/2025\/08\/dlteclogo.webp\",\"contentUrl\":\"https:\/\/daltec.ch\/wp-content\/uploads\/2025\/08\/dlteclogo.webp\",\"width\":500,\"height\":195,\"caption\":\"Daltec AG\"},\"image\":{\"@id\":\"https:\/\/daltec.ch\/fr\/#\/schema\/logo\/image\/\"},\"sameAs\":[\"https:\/\/www.facebook.com\/DaltecAG\"]}]}<\/script>\n<!-- \/ Yoast SEO plugin. -->","yoast_head_json":{"title":"Event Anh\u00e4nger \/ Roadshow Fahrzeuge - Daltec","robots":{"index":"index","follow":"follow","max-snippet":"max-snippet:-1","max-image-preview":"max-image-preview:large","max-video-preview":"max-video-preview:-1"},"canonical":"https:\/\/daltec.ch\/fr\/product\/x-force-event-anhaenger\/","og_locale":"fr_FR","og_type":"article","og_title":"Event Anh\u00e4nger \/ Roadshow Fahrzeuge - Daltec","og_description":"Technische Daten:    L\u00e4nge 0 mm   Breite 0mm   H\u00f6he 2215 mm   Achsen 0    Gesamtgewicht 0 kg   Nutzlast 0 kg   R\u00e4der 0","og_url":"https:\/\/daltec.ch\/fr\/product\/x-force-event-anhaenger\/","og_site_name":"Daltec","article_publisher":"https:\/\/www.facebook.com\/DaltecAG","article_modified_time":"2026-01-27T11:08:39+00:00","og_image":[{"width":1600,"height":1200,"url":"https:\/\/daltec.ch\/wp-content\/uploads\/2024\/05\/EVENTANHaenger-12.jpeg","type":"image\/jpeg"}],"twitter_card":"summary_large_image","twitter_misc":{"Dur\u00e9e de lecture estim\u00e9e":"1 minute"},"schema":{"@context":"https:\/\/schema.org","@graph":[{"@type":"WebPage","@id":"https:\/\/daltec.ch\/product\/x-force-event-anhaenger","url":"https:\/\/daltec.ch\/product\/x-force-event-anhaenger","name":"Event Anh\u00e4nger \/ Roadshow Fahrzeuge - Daltec","isPartOf":{"@id":"https:\/\/daltec.ch\/fr\/#website"},"primaryImageOfPage":{"@id":"https:\/\/daltec.ch\/product\/x-force-event-anhaenger#primaryimage"},"image":{"@id":"https:\/\/daltec.ch\/product\/x-force-event-anhaenger#primaryimage"},"thumbnailUrl":"https:\/\/daltec.ch\/wp-content\/uploads\/2024\/05\/EVENTANHaenger-12.jpeg","datePublished":"2024-05-16T10:49:34+00:00","dateModified":"2026-01-27T11:08:39+00:00","breadcrumb":{"@id":"https:\/\/daltec.ch\/product\/x-force-event-anhaenger#breadcrumb"},"inLanguage":"fr-FR","potentialAction":[{"@type":"ReadAction","target":["https:\/\/daltec.ch\/product\/x-force-event-anhaenger"]}]},{"@type":"ImageObject","inLanguage":"fr-FR","@id":"https:\/\/daltec.ch\/product\/x-force-event-anhaenger#primaryimage","url":"https:\/\/daltec.ch\/wp-content\/uploads\/2024\/05\/EVENTANHaenger-12.jpeg","contentUrl":"https:\/\/daltec.ch\/wp-content\/uploads\/2024\/05\/EVENTANHaenger-12.jpeg","width":1600,"height":1200},{"@type":"BreadcrumbList","@id":"https:\/\/daltec.ch\/product\/x-force-event-anhaenger#breadcrumb","itemListElement":[{"@type":"ListItem","position":1,"name":"Startseite","item":"https:\/\/daltec.ch\/"},{"@type":"ListItem","position":2,"name":"anhaenger","item":"https:\/\/daltec.ch\/anhaenger"},{"@type":"ListItem","position":3,"name":"Event Anh\u00e4nger \/ Roadshow Fahrzeuge"}]},{"@type":"WebSite","@id":"https:\/\/daltec.ch\/fr\/#website","url":"https:\/\/daltec.ch\/fr\/","name":"Daltec Trailers","description":"","publisher":{"@id":"https:\/\/daltec.ch\/fr\/#organization"},"potentialAction":[{"@type":"SearchAction","target":{"@type":"EntryPoint","urlTemplate":"https:\/\/daltec.ch\/fr\/?s={search_term_string}"},"query-input":{"@type":"PropertyValueSpecification","valueRequired":true,"valueName":"search_term_string"}}],"inLanguage":"fr-FR"},{"@type":"Organization","@id":"https:\/\/daltec.ch\/fr\/#organization","name":"Daltec AG","url":"https:\/\/daltec.ch\/fr\/","logo":{"@type":"ImageObject","inLanguage":"fr-FR","@id":"https:\/\/daltec.ch\/fr\/#\/schema\/logo\/image\/","url":"https:\/\/daltec.ch\/wp-content\/uploads\/2025\/08\/dlteclogo.webp","contentUrl":"https:\/\/daltec.ch\/wp-content\/uploads\/2025\/08\/dlteclogo.webp","width":500,"height":195,"caption":"Daltec AG"},"image":{"@id":"https:\/\/daltec.ch\/fr\/#\/schema\/logo\/image\/"},"sameAs":["https:\/\/www.facebook.com\/DaltecAG"]}]}},"_links":{"self":[{"href":"https:\/\/daltec.ch\/fr\/wp-json\/wp\/v2\/product\/647","targetHints":{"allow":["GET"]}}],"collection":[{"href":"https:\/\/daltec.ch\/fr\/wp-json\/wp\/v2\/product"}],"about":[{"href":"https:\/\/daltec.ch\/fr\/wp-json\/wp\/v2\/types\/product"}],"replies":[{"embeddable":true,"href":"https:\/\/daltec.ch\/fr\/wp-json\/wp\/v2\/comments?post=647"}],"wp:featuredmedia":[{"embeddable":true,"href":"https:\/\/daltec.ch\/fr\/wp-json\/wp\/v2\/media\/4292"}],"wp:attachment":[{"href":"https:\/\/daltec.ch\/fr\/wp-json\/wp\/v2\/media?parent=647"}],"wp:term":[{"taxonomy":"product_brand","embeddable":true,"href":"https:\/\/daltec.ch\/fr\/wp-json\/wp\/v2\/product_brand?post=647"},{"taxonomy":"product_cat","embeddable":true,"href":"https:\/\/daltec.ch\/fr\/wp-json\/wp\/v2\/product_cat?post=647"},{"taxonomy":"product_tag","embeddable":true,"href":"https:\/\/daltec.ch\/fr\/wp-json\/wp\/v2\/product_tag?post=647"}],"curies":[{"name":"wp","href":"https:\/\/api.w.org\/{rel}","templated":true}]}}