{"id":914,"date":"2024-06-19T07:19:17","date_gmt":"2024-06-19T07:19:17","guid":{"rendered":"https:\/\/demo.shrinkwaterindia.com\/?post_type=product&#038;p=914"},"modified":"2025-06-18T09:35:58","modified_gmt":"2025-06-18T09:35:58","slug":"cargo-35-l-city-trailer","status":"publish","type":"product","link":"https:\/\/daltec.ch\/fr\/product\/cargo-35-l-city-trailer","title":{"rendered":"Daltec Cargo 35 L Bo\u00eete de remorque de la ville, 4150x2100x2300 mm, 3500 Kg"},"content":{"rendered":"<p><em><strong>Prix: voir liste de prix sur page d'accueil<\/strong><\/em><\/p>\n<p>La gamme Cargo TP a \u00e9t\u00e9 sp\u00e9cialement con\u00e7ue pour une utilisation professionnelle dans les entreprises de transport - une construction robuste pour une longue dur\u00e9e de vie. Le Cargo City Trailer est construit en tant que remorque sur\u00e9lev\u00e9e et est d\u00e9j\u00e0 \u00e9quip\u00e9 d'une b\u00e2che et d'une plate-forme \u00e9l\u00e9vatrice hydraulique. Le chargement et le d\u00e9chargement de charges lourdes est ainsi tr\u00e8s simple - pour faciliter le quotidien !<\/p>\n<p><strong>Equipement:<\/strong><\/p>\n<p>Ch\u00e2ssis : Cadre de base soud\u00e9, galvanis\u00e9 et viss\u00e9 Attelage en V Attelage \u00e0 boule Ligne d'arrachage Garde-boue en plastique Roue jockey automatique renforc\u00e9e Essieu : Al-Ko\/Knott Frein \u00e0 inertie avec frein \u00e0 main Retour automatique Structure du pont galvanis\u00e9e : Cadre galvanis\u00e9 \u00e0 chaud B\u00e2che haute avec ch\u00e2ssis solide Pont \u00e9l\u00e9vateur hydraulique 750 kg Plaque de fond : Fond en plaque s\u00e9rigraphi\u00e9e Syst\u00e8me d'\u00e9clairage : Selon les normes du code de la route 12 V, fiche 13 p\u00f4les<\/p>","protected":false},"excerpt":{"rendered":"<h5>Prix: voir liste de prix sur page d'accueil<\/h5>\n<p>Avec b\u00e2che et hayon \u00e9l\u00e9vateur - la remorque cargo par excellence<\/p>\n<h4>Sp\u00e9cifications<\/h4>\n<table class=\"table\">\n<tbody>\n<tr>\n<th>Longueur int\u00e9rieure<\/th>\n<td><small>4150 mm<\/small><\/td>\n<\/tr>\n<tr>\n<th>Largeur int\u00e9rieure<\/th>\n<td><small>2100 mm<\/small><\/td>\n<\/tr>\n<tr>\n<th>Hauteur int\u00e9rieure<\/th>\n<td>2300 <small>mm<\/small><\/td>\n<\/tr>\n<tr>\n<th>Essieux<\/th>\n<td>2<small><\/small><\/td>\n<\/tr>\n<tr>\n<th>Poids total<\/th>\n<td>3500 <small>kg<\/small><\/td>\n<\/tr>\n<tr>\n<th>Charge utile<\/th>\n<td><small>2160 kg<\/small><\/td>\n<\/tr>\n<tr>\n<th>Roues<\/th>\n<td>195 R 14 C<\/td>\n<\/tr>\n<\/tbody>\n<\/table>\n<h6>Options<\/h6>\n<table>\n<tbody>\n<tr>\n<td>Timon r\u00e9glable en hauteur<\/td>\n<td>2 800 CHF<\/td>\n<\/tr>\n<tr>\n<td>Pont recouvert d'une t\u00f4le alu stri\u00e9 \/ m2<br \/>\n<strong>Prix 130.00 CHF \/ m2<\/strong><\/td>\n<td>130 CHF<\/td>\n<\/tr>\n<tr>\n<td>Transbordement alu 1800 mm<\/td>\n<td>1 690 CHF<\/td>\n<\/tr>\n<tr>\n<td>Echelle<\/td>\n<td>400 CHF<\/td>\n<\/tr>\n<tr>\n<td>Transbordement inox 600 mm<\/td>\n<td>960 CHF<\/td>\n<\/tr>\n<tr>\n<td>Pied d'appui Simol 500 Kg, la paire<br \/>\n<strong>Avec support<\/strong><\/td>\n<td>380 CHF<\/td>\n<\/tr>\n<tr>\n<td>B\u00e2che angle cass\u00e9 \u0155 l'avant<\/td>\n<td>450 CHF<\/td>\n<\/tr>\n<tr>\n<td>Roue 195\/50 R 13 C<\/td>\n<td>90 CHF<\/td>\n<\/tr>\n<tr>\n<td>Roue 195\/55 R 10<\/td>\n<td>70 CHF<\/td>\n<\/tr>\n<tr>\n<td>B\u00e2che coulissante<\/td>\n<td>0 CHF<\/td>\n<\/tr>\n<tr>\n<td>Coffre pour batterie avec batterie incluse<\/td>\n<td>530 CHF<\/td>\n<\/tr>\n<tr>\n<td>Supports hydrauliques<\/td>\n<td>1 450 CHF<\/td>\n<\/tr>\n<\/tbody>\n<\/table>","protected":false},"featured_media":2811,"comment_status":"open","ping_status":"closed","template":"","meta":{"_acf_changed":false},"product_brand":[],"product_cat":[21],"product_tag":[],"class_list":{"0":"post-914","1":"product","2":"type-product","3":"status-publish","4":"has-post-thumbnail","6":"product_cat-hochlader-anhaenger","8":"first","9":"instock","10":"shipping-taxable","11":"purchasable","12":"product-type-simple"},"acf":[],"yoast_head":"<!-- This site is optimized with the Yoast SEO plugin v27.2 - https:\/\/yoast.com\/product\/yoast-seo-wordpress\/ -->\n<title>Daltec Cargo 35 L City Trailer Kasten, 4150x2100x2300 mm, 3500 Kg - Daltec<\/title>\n<meta name=\"robots\" content=\"index, follow, max-snippet:-1, max-image-preview:large, max-video-preview:-1\" \/>\n<link rel=\"canonical\" href=\"https:\/\/daltec.ch\/fr\/product\/cargo-35-l-city-trailer\/\" \/>\n<meta property=\"og:locale\" content=\"fr_FR\" \/>\n<meta property=\"og:type\" content=\"article\" \/>\n<meta property=\"og:title\" content=\"Daltec Cargo 35 L City Trailer Kasten, 4150x2100x2300 mm, 3500 Kg - Daltec\" \/>\n<meta property=\"og:description\" content=\"Preis: Siehe Preisliste auf Startseite Mit Plane und Hebeb\u00fchne - Der ultimativer Cargo- Anh\u00e4nger Technische Daten    L\u00e4nge 4150 mm   Breite 2100 mm   H\u00f6he 2300 mm   Achsen 2   Gesamtgewicht 3500 kg   Nutzlast 2160 kg   R\u00e4der 195 R 14 C    Optionen    H\u00f6henverstellbare Deichsel ab 2 T 2 800 CHF   Boden mit Riffelblech belegt \/ m2 Preis 130.00 CHF \/ m2 130 CHF   Durchladesystem Alu 1800 mm 1 690 CHF   Leitergestell 400 CHF   Durchladesystem Inox 600 mm 960 CHF   Simol St\u00fctzfuss 500 Kg, Paar mit Halter 380 CHF   Plane abgeschr\u00e4gt vorne 450 CHF   Rad 195\/50 R 13 C 90 CHF   Rad 195\/55 R 10 70 CHF   Schiebeplane 0 CHF   Batteriekasten inkl. Batterie 530 CHF   Hydraulische St\u00fctzen 1 450 CHF\" \/>\n<meta property=\"og:url\" content=\"https:\/\/daltec.ch\/fr\/product\/cargo-35-l-city-trailer\/\" \/>\n<meta property=\"og:site_name\" content=\"Daltec\" \/>\n<meta property=\"article:publisher\" content=\"https:\/\/www.facebook.com\/DaltecAG\" \/>\n<meta property=\"article:modified_time\" content=\"2025-06-18T09:35:58+00:00\" \/>\n<meta property=\"og:image\" content=\"https:\/\/daltec.ch\/wp-content\/uploads\/2024\/06\/cargo-35-Kasten.png\" \/>\n\t<meta property=\"og:image:width\" content=\"642\" \/>\n\t<meta property=\"og:image:height\" content=\"600\" \/>\n\t<meta property=\"og:image:type\" content=\"image\/png\" \/>\n<meta name=\"twitter:card\" content=\"summary_large_image\" \/>\n<meta name=\"twitter:label1\" content=\"Dur\u00e9e de lecture estim\u00e9e\" \/>\n\t<meta name=\"twitter:data1\" content=\"1 minute\" \/>\n<script type=\"application\/ld+json\" class=\"yoast-schema-graph\">{\"@context\":\"https:\/\/schema.org\",\"@graph\":[{\"@type\":\"WebPage\",\"@id\":\"https:\/\/daltec.ch\/product\/cargo-35-l-city-trailer\",\"url\":\"https:\/\/daltec.ch\/product\/cargo-35-l-city-trailer\",\"name\":\"Daltec Cargo 35 L City Trailer Kasten, 4150x2100x2300 mm, 3500 Kg - Daltec\",\"isPartOf\":{\"@id\":\"https:\/\/daltec.ch\/fr\/#website\"},\"primaryImageOfPage\":{\"@id\":\"https:\/\/daltec.ch\/product\/cargo-35-l-city-trailer#primaryimage\"},\"image\":{\"@id\":\"https:\/\/daltec.ch\/product\/cargo-35-l-city-trailer#primaryimage\"},\"thumbnailUrl\":\"https:\/\/daltec.ch\/wp-content\/uploads\/2024\/06\/cargo-35-Kasten.png\",\"datePublished\":\"2024-06-19T07:19:17+00:00\",\"dateModified\":\"2025-06-18T09:35:58+00:00\",\"breadcrumb\":{\"@id\":\"https:\/\/daltec.ch\/product\/cargo-35-l-city-trailer#breadcrumb\"},\"inLanguage\":\"fr-FR\",\"potentialAction\":[{\"@type\":\"ReadAction\",\"target\":[\"https:\/\/daltec.ch\/product\/cargo-35-l-city-trailer\"]}]},{\"@type\":\"ImageObject\",\"inLanguage\":\"fr-FR\",\"@id\":\"https:\/\/daltec.ch\/product\/cargo-35-l-city-trailer#primaryimage\",\"url\":\"https:\/\/daltec.ch\/wp-content\/uploads\/2024\/06\/cargo-35-Kasten.png\",\"contentUrl\":\"https:\/\/daltec.ch\/wp-content\/uploads\/2024\/06\/cargo-35-Kasten.png\",\"width\":642,\"height\":600},{\"@type\":\"BreadcrumbList\",\"@id\":\"https:\/\/daltec.ch\/product\/cargo-35-l-city-trailer#breadcrumb\",\"itemListElement\":[{\"@type\":\"ListItem\",\"position\":1,\"name\":\"Startseite\",\"item\":\"https:\/\/daltec.ch\/\"},{\"@type\":\"ListItem\",\"position\":2,\"name\":\"anhaenger\",\"item\":\"https:\/\/daltec.ch\/anhaenger\"},{\"@type\":\"ListItem\",\"position\":3,\"name\":\"Daltec Cargo 35 L City Trailer Kasten, 4150x2100x2300 mm, 3500 Kg\"}]},{\"@type\":\"WebSite\",\"@id\":\"https:\/\/daltec.ch\/fr\/#website\",\"url\":\"https:\/\/daltec.ch\/fr\/\",\"name\":\"Daltec Trailers\",\"description\":\"\",\"publisher\":{\"@id\":\"https:\/\/daltec.ch\/fr\/#organization\"},\"potentialAction\":[{\"@type\":\"SearchAction\",\"target\":{\"@type\":\"EntryPoint\",\"urlTemplate\":\"https:\/\/daltec.ch\/fr\/?s={search_term_string}\"},\"query-input\":{\"@type\":\"PropertyValueSpecification\",\"valueRequired\":true,\"valueName\":\"search_term_string\"}}],\"inLanguage\":\"fr-FR\"},{\"@type\":\"Organization\",\"@id\":\"https:\/\/daltec.ch\/fr\/#organization\",\"name\":\"Daltec AG\",\"url\":\"https:\/\/daltec.ch\/fr\/\",\"logo\":{\"@type\":\"ImageObject\",\"inLanguage\":\"fr-FR\",\"@id\":\"https:\/\/daltec.ch\/fr\/#\/schema\/logo\/image\/\",\"url\":\"https:\/\/daltec.ch\/wp-content\/uploads\/2025\/08\/dlteclogo.webp\",\"contentUrl\":\"https:\/\/daltec.ch\/wp-content\/uploads\/2025\/08\/dlteclogo.webp\",\"width\":500,\"height\":195,\"caption\":\"Daltec AG\"},\"image\":{\"@id\":\"https:\/\/daltec.ch\/fr\/#\/schema\/logo\/image\/\"},\"sameAs\":[\"https:\/\/www.facebook.com\/DaltecAG\"]}]}<\/script>\n<!-- \/ Yoast SEO plugin. -->","yoast_head_json":{"title":"Daltec Cargo 35 L City Trailer Kasten, 4150x2100x2300 mm, 3500 Kg - Daltec","robots":{"index":"index","follow":"follow","max-snippet":"max-snippet:-1","max-image-preview":"max-image-preview:large","max-video-preview":"max-video-preview:-1"},"canonical":"https:\/\/daltec.ch\/fr\/product\/cargo-35-l-city-trailer\/","og_locale":"fr_FR","og_type":"article","og_title":"Daltec Cargo 35 L City Trailer Kasten, 4150x2100x2300 mm, 3500 Kg - Daltec","og_description":"Preis: Siehe Preisliste auf Startseite Mit Plane und Hebeb\u00fchne - Der ultimativer Cargo- Anh\u00e4nger Technische Daten    L\u00e4nge 4150 mm   Breite 2100 mm   H\u00f6he 2300 mm   Achsen 2   Gesamtgewicht 3500 kg   Nutzlast 2160 kg   R\u00e4der 195 R 14 C    Optionen    H\u00f6henverstellbare Deichsel ab 2 T 2 800 CHF   Boden mit Riffelblech belegt \/ m2 Preis 130.00 CHF \/ m2 130 CHF   Durchladesystem Alu 1800 mm 1 690 CHF   Leitergestell 400 CHF   Durchladesystem Inox 600 mm 960 CHF   Simol St\u00fctzfuss 500 Kg, Paar mit Halter 380 CHF   Plane abgeschr\u00e4gt vorne 450 CHF   Rad 195\/50 R 13 C 90 CHF   Rad 195\/55 R 10 70 CHF   Schiebeplane 0 CHF   Batteriekasten inkl. Batterie 530 CHF   Hydraulische St\u00fctzen 1 450 CHF","og_url":"https:\/\/daltec.ch\/fr\/product\/cargo-35-l-city-trailer\/","og_site_name":"Daltec","article_publisher":"https:\/\/www.facebook.com\/DaltecAG","article_modified_time":"2025-06-18T09:35:58+00:00","og_image":[{"width":642,"height":600,"url":"https:\/\/daltec.ch\/wp-content\/uploads\/2024\/06\/cargo-35-Kasten.png","type":"image\/png"}],"twitter_card":"summary_large_image","twitter_misc":{"Dur\u00e9e de lecture estim\u00e9e":"1 minute"},"schema":{"@context":"https:\/\/schema.org","@graph":[{"@type":"WebPage","@id":"https:\/\/daltec.ch\/product\/cargo-35-l-city-trailer","url":"https:\/\/daltec.ch\/product\/cargo-35-l-city-trailer","name":"Daltec Cargo 35 L City Trailer Kasten, 4150x2100x2300 mm, 3500 Kg - Daltec","isPartOf":{"@id":"https:\/\/daltec.ch\/fr\/#website"},"primaryImageOfPage":{"@id":"https:\/\/daltec.ch\/product\/cargo-35-l-city-trailer#primaryimage"},"image":{"@id":"https:\/\/daltec.ch\/product\/cargo-35-l-city-trailer#primaryimage"},"thumbnailUrl":"https:\/\/daltec.ch\/wp-content\/uploads\/2024\/06\/cargo-35-Kasten.png","datePublished":"2024-06-19T07:19:17+00:00","dateModified":"2025-06-18T09:35:58+00:00","breadcrumb":{"@id":"https:\/\/daltec.ch\/product\/cargo-35-l-city-trailer#breadcrumb"},"inLanguage":"fr-FR","potentialAction":[{"@type":"ReadAction","target":["https:\/\/daltec.ch\/product\/cargo-35-l-city-trailer"]}]},{"@type":"ImageObject","inLanguage":"fr-FR","@id":"https:\/\/daltec.ch\/product\/cargo-35-l-city-trailer#primaryimage","url":"https:\/\/daltec.ch\/wp-content\/uploads\/2024\/06\/cargo-35-Kasten.png","contentUrl":"https:\/\/daltec.ch\/wp-content\/uploads\/2024\/06\/cargo-35-Kasten.png","width":642,"height":600},{"@type":"BreadcrumbList","@id":"https:\/\/daltec.ch\/product\/cargo-35-l-city-trailer#breadcrumb","itemListElement":[{"@type":"ListItem","position":1,"name":"Startseite","item":"https:\/\/daltec.ch\/"},{"@type":"ListItem","position":2,"name":"anhaenger","item":"https:\/\/daltec.ch\/anhaenger"},{"@type":"ListItem","position":3,"name":"Daltec Cargo 35 L City Trailer Kasten, 4150x2100x2300 mm, 3500 Kg"}]},{"@type":"WebSite","@id":"https:\/\/daltec.ch\/fr\/#website","url":"https:\/\/daltec.ch\/fr\/","name":"Daltec Trailers","description":"","publisher":{"@id":"https:\/\/daltec.ch\/fr\/#organization"},"potentialAction":[{"@type":"SearchAction","target":{"@type":"EntryPoint","urlTemplate":"https:\/\/daltec.ch\/fr\/?s={search_term_string}"},"query-input":{"@type":"PropertyValueSpecification","valueRequired":true,"valueName":"search_term_string"}}],"inLanguage":"fr-FR"},{"@type":"Organization","@id":"https:\/\/daltec.ch\/fr\/#organization","name":"Daltec AG","url":"https:\/\/daltec.ch\/fr\/","logo":{"@type":"ImageObject","inLanguage":"fr-FR","@id":"https:\/\/daltec.ch\/fr\/#\/schema\/logo\/image\/","url":"https:\/\/daltec.ch\/wp-content\/uploads\/2025\/08\/dlteclogo.webp","contentUrl":"https:\/\/daltec.ch\/wp-content\/uploads\/2025\/08\/dlteclogo.webp","width":500,"height":195,"caption":"Daltec AG"},"image":{"@id":"https:\/\/daltec.ch\/fr\/#\/schema\/logo\/image\/"},"sameAs":["https:\/\/www.facebook.com\/DaltecAG"]}]}},"_links":{"self":[{"href":"https:\/\/daltec.ch\/fr\/wp-json\/wp\/v2\/product\/914","targetHints":{"allow":["GET"]}}],"collection":[{"href":"https:\/\/daltec.ch\/fr\/wp-json\/wp\/v2\/product"}],"about":[{"href":"https:\/\/daltec.ch\/fr\/wp-json\/wp\/v2\/types\/product"}],"replies":[{"embeddable":true,"href":"https:\/\/daltec.ch\/fr\/wp-json\/wp\/v2\/comments?post=914"}],"wp:featuredmedia":[{"embeddable":true,"href":"https:\/\/daltec.ch\/fr\/wp-json\/wp\/v2\/media\/2811"}],"wp:attachment":[{"href":"https:\/\/daltec.ch\/fr\/wp-json\/wp\/v2\/media?parent=914"}],"wp:term":[{"taxonomy":"product_brand","embeddable":true,"href":"https:\/\/daltec.ch\/fr\/wp-json\/wp\/v2\/product_brand?post=914"},{"taxonomy":"product_cat","embeddable":true,"href":"https:\/\/daltec.ch\/fr\/wp-json\/wp\/v2\/product_cat?post=914"},{"taxonomy":"product_tag","embeddable":true,"href":"https:\/\/daltec.ch\/fr\/wp-json\/wp\/v2\/product_tag?post=914"}],"curies":[{"name":"wp","href":"https:\/\/api.w.org\/{rel}","templated":true}]}}