{"id":945,"date":"2024-06-19T10:54:04","date_gmt":"2024-06-19T10:54:04","guid":{"rendered":"https:\/\/demo.shrinkwaterindia.com\/?post_type=product&#038;p=945"},"modified":"2025-09-25T19:54:07","modified_gmt":"2025-09-25T19:54:07","slug":"ka-1500-lux","status":"publish","type":"product","link":"https:\/\/daltec.ch\/fr\/product\/ka-1500-lux","title":{"rendered":"Daltec KA 3500 LUX, 3600x1800x350 mm, 3500 Kg"},"content":{"rendered":"<p>Benne basculante arri\u00e8re de haute qualit\u00e9 pour le transport de tous types de gravats. La pompe \u00e9lectrique permet une utilisation pratique au quotidien. La construction robuste garantit une longue dur\u00e9e de vie. Les montants d'angle et les parois lat\u00e9rales sont amovibles pour transformer la remorque en plateforme. Pour que travailler soit un plaisir !<br \/>\n<strong>Equipement:<\/strong><br \/>\nCh\u00e2ssis : Cadre de base galvanis\u00e9 \u00e0 chaud, soud\u00e9 et viss\u00e9, dispositif d'attelage solide en V, corde de d\u00e9chirement, attelage \u00e0 boule, roue jockey automatique renforc\u00e9e, pompe \u00e9lectrique avec batterie Essieu : Essieu robuste Knott, frein \u00e0 inertie avec frein \u00e0 main et marche arri\u00e8re automatique Carrosserie : Cadre galvanis\u00e9, ridelles en alu 300 mm et montants d'angle amovibles, 3 c\u00f4t\u00e9s rabattables - Avant fixe Plancher Multiplex renforc\u00e9 par une t\u00f4le d'acier Ch\u00e2ssis en H et anneaux d'arrimage Installation d'\u00e9clairage : Eclairage prot\u00e9g\u00e9 \u00e0 l'avant et \u00e0 l'arri\u00e8re, 12 V, Selon les normes du code de la route, fiche 13 p\u00f4les<\/p>","protected":false},"excerpt":{"rendered":"<h5>Prix: voir liste de prix sur page d'accueil<\/h5>\n<p>Basculeur arri\u00e8re de haute qualit\u00e9 - Longue dur\u00e9e de vie !<\/p>\n<h4>Donn\u00e9es techniques:<\/h4>\n<table class=\"table\">\n<tbody>\n<tr>\n<th>Longueur int\u00e9rieure<\/th>\n<td>3600 <small>mm<\/small><\/td>\n<\/tr>\n<tr>\n<th>Largeur int\u00e9rieure<\/th>\n<td>1800 <small>mm<\/small><\/td>\n<\/tr>\n<tr>\n<th>H\u00f6h<\/th>\n<td>350 <small>mm<\/small><\/td>\n<\/tr>\n<tr>\n<th>Essieux<\/th>\n<td>1 <small><\/small><\/td>\n<\/tr>\n<tr>\n<th>Gesamtgewich<\/th>\n<td>3500 <small>kg<\/small><\/td>\n<\/tr>\n<tr>\n<th>Charge utile<\/th>\n<td>2700 <small>kg<\/small><\/td>\n<\/tr>\n<tr>\n<th>Roues<\/th>\n<td>195\/70 R 13 C<\/td>\n<\/tr>\n<\/tbody>\n<\/table>\n<h4><strong>Options :<\/strong><\/h4>\n<table>\n<tbody>\n<tr>\n<td>Sur\u00e9l\u00e9vation de la rive<\/td>\n<td>750 CHF<\/td>\n<\/tr>\n<tr>\n<td>Flachplane<\/td>\n<td>170 CHF<\/td>\n<\/tr>\n<tr>\n<td>Rehausse de grille 600 mm<\/td>\n<td>750 CHF<\/td>\n<\/tr>\n<tr>\n<td>Pieds de support (paire)<\/td>\n<td>220 CHF<\/td>\n<\/tr>\n<\/tbody>\n<\/table>","protected":false},"featured_media":3663,"comment_status":"open","ping_status":"closed","template":"","meta":{"_acf_changed":false},"product_brand":[],"product_cat":[245,29],"product_tag":[],"class_list":{"0":"post-945","1":"product","2":"type-product","3":"status-publish","4":"has-post-thumbnail","6":"product_cat-dreiseitenkipper","7":"product_cat-kipper-anhaenger","9":"first","10":"instock","11":"featured","12":"shipping-taxable","13":"purchasable","14":"product-type-simple"},"acf":[],"yoast_head":"<!-- This site is optimized with the Yoast SEO plugin v27.4 - https:\/\/yoast.com\/product\/yoast-seo-wordpress\/ -->\n<title>Daltec KA 3500 LUX, 3600x1800x350 mm, 3500 Kg - Daltec<\/title>\n<meta name=\"robots\" content=\"index, follow, max-snippet:-1, max-image-preview:large, max-video-preview:-1\" \/>\n<link rel=\"canonical\" href=\"https:\/\/daltec.ch\/fr\/product\/ka-1500-lux\/\" \/>\n<meta property=\"og:locale\" content=\"fr_FR\" \/>\n<meta property=\"og:type\" content=\"article\" \/>\n<meta property=\"og:title\" content=\"Daltec KA 3500 LUX, 3600x1800x350 mm, 3500 Kg - Daltec\" \/>\n<meta property=\"og:description\" content=\"Preis: Siehe Preisliste auf Startseite Hochwertiger R\u00fcckw\u00e4rtskipper - Lange Lebensdauer! Technische Daten:    L\u00e4nge 3600 mm   Breite 1800 mm   H\u00f6h 350 mm   Achsen 1    Gesamtgewich 3500 kg   Nutzlast 2700 kg   R\u00e4der 195\/70 R 13 C    Optionen:    Bordwanderh\u00f6hung 750 CHF   Flachplane 170 CHF   Gitteraufsatz 600 mm 750 CHF   St\u00fctzf\u00fcsse (Paar) 220 CHF\" \/>\n<meta property=\"og:url\" content=\"https:\/\/daltec.ch\/fr\/product\/ka-1500-lux\/\" \/>\n<meta property=\"og:site_name\" content=\"Daltec\" \/>\n<meta property=\"article:publisher\" content=\"https:\/\/www.facebook.com\/DaltecAG\" \/>\n<meta property=\"article:modified_time\" content=\"2025-09-25T19:54:07+00:00\" \/>\n<meta property=\"og:image\" content=\"https:\/\/daltec.ch\/wp-content\/uploads\/2024\/06\/20220617092249-ac6b0f5a-xx-e1758830030649.jpg\" \/>\n\t<meta property=\"og:image:width\" content=\"600\" \/>\n\t<meta property=\"og:image:height\" content=\"282\" \/>\n\t<meta property=\"og:image:type\" content=\"image\/jpeg\" \/>\n<meta name=\"twitter:card\" content=\"summary_large_image\" \/>\n<meta name=\"twitter:label1\" content=\"Dur\u00e9e de lecture estim\u00e9e\" \/>\n\t<meta name=\"twitter:data1\" content=\"1 minute\" \/>\n<script type=\"application\/ld+json\" class=\"yoast-schema-graph\">{\"@context\":\"https:\\\/\\\/schema.org\",\"@graph\":[{\"@type\":\"WebPage\",\"@id\":\"https:\\\/\\\/daltec.ch\\\/product\\\/ka-1500-lux\",\"url\":\"https:\\\/\\\/daltec.ch\\\/product\\\/ka-1500-lux\",\"name\":\"Daltec KA 3500 LUX, 3600x1800x350 mm, 3500 Kg - Daltec\",\"isPartOf\":{\"@id\":\"https:\\\/\\\/daltec.ch\\\/fr\\\/#website\"},\"primaryImageOfPage\":{\"@id\":\"https:\\\/\\\/daltec.ch\\\/product\\\/ka-1500-lux#primaryimage\"},\"image\":{\"@id\":\"https:\\\/\\\/daltec.ch\\\/product\\\/ka-1500-lux#primaryimage\"},\"thumbnailUrl\":\"https:\\\/\\\/daltec.ch\\\/wp-content\\\/uploads\\\/2024\\\/06\\\/20220617092249-ac6b0f5a-xx-e1758830030649.jpg\",\"datePublished\":\"2024-06-19T10:54:04+00:00\",\"dateModified\":\"2025-09-25T19:54:07+00:00\",\"breadcrumb\":{\"@id\":\"https:\\\/\\\/daltec.ch\\\/product\\\/ka-1500-lux#breadcrumb\"},\"inLanguage\":\"fr-FR\",\"potentialAction\":[{\"@type\":\"ReadAction\",\"target\":[\"https:\\\/\\\/daltec.ch\\\/product\\\/ka-1500-lux\"]}]},{\"@type\":\"ImageObject\",\"inLanguage\":\"fr-FR\",\"@id\":\"https:\\\/\\\/daltec.ch\\\/product\\\/ka-1500-lux#primaryimage\",\"url\":\"https:\\\/\\\/daltec.ch\\\/wp-content\\\/uploads\\\/2024\\\/06\\\/20220617092249-ac6b0f5a-xx-e1758830030649.jpg\",\"contentUrl\":\"https:\\\/\\\/daltec.ch\\\/wp-content\\\/uploads\\\/2024\\\/06\\\/20220617092249-ac6b0f5a-xx-e1758830030649.jpg\",\"width\":600,\"height\":282},{\"@type\":\"BreadcrumbList\",\"@id\":\"https:\\\/\\\/daltec.ch\\\/product\\\/ka-1500-lux#breadcrumb\",\"itemListElement\":[{\"@type\":\"ListItem\",\"position\":1,\"name\":\"Startseite\",\"item\":\"https:\\\/\\\/daltec.ch\\\/\"},{\"@type\":\"ListItem\",\"position\":2,\"name\":\"anhaenger\",\"item\":\"https:\\\/\\\/daltec.ch\\\/anhaenger\"},{\"@type\":\"ListItem\",\"position\":3,\"name\":\"Daltec KA 3500 LUX, 3600x1800x350 mm, 3500 Kg\"}]},{\"@type\":\"WebSite\",\"@id\":\"https:\\\/\\\/daltec.ch\\\/fr\\\/#website\",\"url\":\"https:\\\/\\\/daltec.ch\\\/fr\\\/\",\"name\":\"Daltec Trailers\",\"description\":\"\",\"publisher\":{\"@id\":\"https:\\\/\\\/daltec.ch\\\/fr\\\/#organization\"},\"potentialAction\":[{\"@type\":\"SearchAction\",\"target\":{\"@type\":\"EntryPoint\",\"urlTemplate\":\"https:\\\/\\\/daltec.ch\\\/fr\\\/?s={search_term_string}\"},\"query-input\":{\"@type\":\"PropertyValueSpecification\",\"valueRequired\":true,\"valueName\":\"search_term_string\"}}],\"inLanguage\":\"fr-FR\"},{\"@type\":\"Organization\",\"@id\":\"https:\\\/\\\/daltec.ch\\\/fr\\\/#organization\",\"name\":\"Daltec AG\",\"url\":\"https:\\\/\\\/daltec.ch\\\/fr\\\/\",\"logo\":{\"@type\":\"ImageObject\",\"inLanguage\":\"fr-FR\",\"@id\":\"https:\\\/\\\/daltec.ch\\\/fr\\\/#\\\/schema\\\/logo\\\/image\\\/\",\"url\":\"https:\\\/\\\/daltec.ch\\\/wp-content\\\/uploads\\\/2025\\\/08\\\/dlteclogo.webp\",\"contentUrl\":\"https:\\\/\\\/daltec.ch\\\/wp-content\\\/uploads\\\/2025\\\/08\\\/dlteclogo.webp\",\"width\":500,\"height\":195,\"caption\":\"Daltec AG\"},\"image\":{\"@id\":\"https:\\\/\\\/daltec.ch\\\/fr\\\/#\\\/schema\\\/logo\\\/image\\\/\"},\"sameAs\":[\"https:\\\/\\\/www.facebook.com\\\/DaltecAG\"]}]}<\/script>\n<!-- \/ Yoast SEO plugin. -->","yoast_head_json":{"title":"Daltec KA 3500 LUX, 3600x1800x350 mm, 3500 Kg - Daltec","robots":{"index":"index","follow":"follow","max-snippet":"max-snippet:-1","max-image-preview":"max-image-preview:large","max-video-preview":"max-video-preview:-1"},"canonical":"https:\/\/daltec.ch\/fr\/product\/ka-1500-lux\/","og_locale":"fr_FR","og_type":"article","og_title":"Daltec KA 3500 LUX, 3600x1800x350 mm, 3500 Kg - Daltec","og_description":"Preis: Siehe Preisliste auf Startseite Hochwertiger R\u00fcckw\u00e4rtskipper - Lange Lebensdauer! Technische Daten:    L\u00e4nge 3600 mm   Breite 1800 mm   H\u00f6h 350 mm   Achsen 1    Gesamtgewich 3500 kg   Nutzlast 2700 kg   R\u00e4der 195\/70 R 13 C    Optionen:    Bordwanderh\u00f6hung 750 CHF   Flachplane 170 CHF   Gitteraufsatz 600 mm 750 CHF   St\u00fctzf\u00fcsse (Paar) 220 CHF","og_url":"https:\/\/daltec.ch\/fr\/product\/ka-1500-lux\/","og_site_name":"Daltec","article_publisher":"https:\/\/www.facebook.com\/DaltecAG","article_modified_time":"2025-09-25T19:54:07+00:00","og_image":[{"width":600,"height":282,"url":"https:\/\/daltec.ch\/wp-content\/uploads\/2024\/06\/20220617092249-ac6b0f5a-xx-e1758830030649.jpg","type":"image\/jpeg"}],"twitter_card":"summary_large_image","twitter_misc":{"Dur\u00e9e de lecture estim\u00e9e":"1 minute"},"schema":{"@context":"https:\/\/schema.org","@graph":[{"@type":"WebPage","@id":"https:\/\/daltec.ch\/product\/ka-1500-lux","url":"https:\/\/daltec.ch\/product\/ka-1500-lux","name":"Daltec KA 3500 LUX, 3600x1800x350 mm, 3500 Kg - Daltec","isPartOf":{"@id":"https:\/\/daltec.ch\/fr\/#website"},"primaryImageOfPage":{"@id":"https:\/\/daltec.ch\/product\/ka-1500-lux#primaryimage"},"image":{"@id":"https:\/\/daltec.ch\/product\/ka-1500-lux#primaryimage"},"thumbnailUrl":"https:\/\/daltec.ch\/wp-content\/uploads\/2024\/06\/20220617092249-ac6b0f5a-xx-e1758830030649.jpg","datePublished":"2024-06-19T10:54:04+00:00","dateModified":"2025-09-25T19:54:07+00:00","breadcrumb":{"@id":"https:\/\/daltec.ch\/product\/ka-1500-lux#breadcrumb"},"inLanguage":"fr-FR","potentialAction":[{"@type":"ReadAction","target":["https:\/\/daltec.ch\/product\/ka-1500-lux"]}]},{"@type":"ImageObject","inLanguage":"fr-FR","@id":"https:\/\/daltec.ch\/product\/ka-1500-lux#primaryimage","url":"https:\/\/daltec.ch\/wp-content\/uploads\/2024\/06\/20220617092249-ac6b0f5a-xx-e1758830030649.jpg","contentUrl":"https:\/\/daltec.ch\/wp-content\/uploads\/2024\/06\/20220617092249-ac6b0f5a-xx-e1758830030649.jpg","width":600,"height":282},{"@type":"BreadcrumbList","@id":"https:\/\/daltec.ch\/product\/ka-1500-lux#breadcrumb","itemListElement":[{"@type":"ListItem","position":1,"name":"Startseite","item":"https:\/\/daltec.ch\/"},{"@type":"ListItem","position":2,"name":"anhaenger","item":"https:\/\/daltec.ch\/anhaenger"},{"@type":"ListItem","position":3,"name":"Daltec KA 3500 LUX, 3600x1800x350 mm, 3500 Kg"}]},{"@type":"WebSite","@id":"https:\/\/daltec.ch\/fr\/#website","url":"https:\/\/daltec.ch\/fr\/","name":"Daltec Trailers","description":"","publisher":{"@id":"https:\/\/daltec.ch\/fr\/#organization"},"potentialAction":[{"@type":"SearchAction","target":{"@type":"EntryPoint","urlTemplate":"https:\/\/daltec.ch\/fr\/?s={search_term_string}"},"query-input":{"@type":"PropertyValueSpecification","valueRequired":true,"valueName":"search_term_string"}}],"inLanguage":"fr-FR"},{"@type":"Organization","@id":"https:\/\/daltec.ch\/fr\/#organization","name":"Daltec AG","url":"https:\/\/daltec.ch\/fr\/","logo":{"@type":"ImageObject","inLanguage":"fr-FR","@id":"https:\/\/daltec.ch\/fr\/#\/schema\/logo\/image\/","url":"https:\/\/daltec.ch\/wp-content\/uploads\/2025\/08\/dlteclogo.webp","contentUrl":"https:\/\/daltec.ch\/wp-content\/uploads\/2025\/08\/dlteclogo.webp","width":500,"height":195,"caption":"Daltec AG"},"image":{"@id":"https:\/\/daltec.ch\/fr\/#\/schema\/logo\/image\/"},"sameAs":["https:\/\/www.facebook.com\/DaltecAG"]}]}},"_links":{"self":[{"href":"https:\/\/daltec.ch\/fr\/wp-json\/wp\/v2\/product\/945","targetHints":{"allow":["GET"]}}],"collection":[{"href":"https:\/\/daltec.ch\/fr\/wp-json\/wp\/v2\/product"}],"about":[{"href":"https:\/\/daltec.ch\/fr\/wp-json\/wp\/v2\/types\/product"}],"replies":[{"embeddable":true,"href":"https:\/\/daltec.ch\/fr\/wp-json\/wp\/v2\/comments?post=945"}],"wp:featuredmedia":[{"embeddable":true,"href":"https:\/\/daltec.ch\/fr\/wp-json\/wp\/v2\/media\/3663"}],"wp:attachment":[{"href":"https:\/\/daltec.ch\/fr\/wp-json\/wp\/v2\/media?parent=945"}],"wp:term":[{"taxonomy":"product_brand","embeddable":true,"href":"https:\/\/daltec.ch\/fr\/wp-json\/wp\/v2\/product_brand?post=945"},{"taxonomy":"product_cat","embeddable":true,"href":"https:\/\/daltec.ch\/fr\/wp-json\/wp\/v2\/product_cat?post=945"},{"taxonomy":"product_tag","embeddable":true,"href":"https:\/\/daltec.ch\/fr\/wp-json\/wp\/v2\/product_tag?post=945"}],"curies":[{"name":"wp","href":"https:\/\/api.w.org\/{rel}","templated":true}]}}