{"id":961,"date":"2024-06-19T11:35:37","date_gmt":"2024-06-19T11:35:37","guid":{"rendered":"https:\/\/demo.shrinkwaterindia.com\/?post_type=product&#038;p=961"},"modified":"2025-07-28T08:56:36","modified_gmt":"2025-07-28T08:56:36","slug":"ka-3500-lux","status":"publish","type":"product","link":"https:\/\/daltec.ch\/fr\/product\/ka-3500-lux","title":{"rendered":"Daltec KA 1500 LUX, 2500x1600x300 mm, 1500 Kg"},"content":{"rendered":"<p><em><strong>Prix: voir liste de prix sur page d'accueil<\/strong><\/em><\/p>\n<p>Benne basculante \u00e0 trois c\u00f4t\u00e9s de haute qualit\u00e9 pour le transport de toutes sortes de gravats. La pompe \u00e9lectrique et la rampe d'acc\u00e8s int\u00e9gr\u00e9e permettent une utilisation pratique au quotidien. La construction robuste garantit une longue dur\u00e9e de vie. Les montants d'angle et les ridelles sont amovibles pour transformer la remorque en plateforme. La ridelle avant est \u00e9quip\u00e9e d'un ch\u00e2ssis en H et est fixe, mais peut \u00eatre retir\u00e9e avec les montants d'angle. Le plancher est mont\u00e9 avec une plaque en acier galvanis\u00e9 pour am\u00e9liorer encore la stabilit\u00e9. Pour que travailler soit un plaisir !<br \/>\n<strong>Equipement:<\/strong><br \/>\nCh\u00e2ssis : Cadre de base galvanis\u00e9 \u00e0 chaud, soud\u00e9 et viss\u00e9, dispositif d'attelage solide en V, corde d'arrachage, attelage \u00e0 boule, roue jockey automatique renforc\u00e9e, pompe \u00e9lectrique avec batterie Essieu : 2x essieu robuste Knott, frein \u00e0 inertie avec frein \u00e0 main et marche arri\u00e8re automatique Carrosserie : Cadre galvanis\u00e9, ridelles alu 300 mm et poteaux d'angle amovibles, 3 c\u00f4t\u00e9s rabattables - Avant fixe Plancher Multiplex renforc\u00e9 par une plaque en acier galvanis\u00e9 mont\u00e9e, puits de rampe pr\u00e9par\u00e9, ch\u00e2ssis en H en acier galvanis\u00e9 amovible Installation d'\u00e9clairage : Eclairage prot\u00e9g\u00e9 \u00e0 l'avant et \u00e0 l'arri\u00e8re, 12 V, Selon les normes du code de la route, fiche 13 p\u00f4les<\/p>","protected":false},"excerpt":{"rendered":"<h5>Prix: voir liste de prix sur page d'accueil<\/h5>\n<p>Triple benne basculante de haute qualit\u00e9 - Assure confort et s\u00e9curit\u00e9<\/p>\n<h4>Sp\u00e9cifications<\/h4>\n<table class=\"table\">\n<tbody>\n<tr>\n<th>Longueur int\u00e9rieure<\/th>\n<td>2500 <small>mm<\/small><\/td>\n<\/tr>\n<tr>\n<th>Largeur int\u00e9rieure<\/th>\n<td>1600 <small>mm<\/small><\/td>\n<\/tr>\n<tr>\n<th>Hauteur int\u00e9rieure<\/th>\n<td>300 <small>mm<\/small><\/td>\n<\/tr>\n<tr>\n<th>Essieux<\/th>\n<td>2 <small><\/small><\/td>\n<\/tr>\n<tr>\n<th>Gesamtgewich<\/th>\n<td>1500 <small>kg<\/small><\/td>\n<\/tr>\n<tr>\n<th>Charge utile<\/th>\n<td>1040 <small>kg<\/small><\/td>\n<\/tr>\n<tr>\n<th>Roues<\/th>\n<td>185 R14 C<\/td>\n<\/tr>\n<\/tbody>\n<\/table>\n<h6>Options<\/h6>\n<table>\n<tbody>\n<tr>\n<td>Flachplane<\/td>\n<td>250 CHF<\/td>\n<\/tr>\n<tr>\n<td>Pieds de support (paire)<\/td>\n<td>220 CHF<\/td>\n<\/tr>\n<tr>\n<td>Rehausse de grille 600 mm<\/td>\n<td>950 CHF<\/td>\n<\/tr>\n<tr>\n<td>Plate-forme de randonn\u00e9e en aluminium<\/td>\n<td>940 CHF<\/td>\n<\/tr>\n<tr>\n<td>Rampe de chargement en aluminium 3T (250 x 30 x 10 cm)<\/td>\n<td>990 CHF<\/td>\n<\/tr>\n<\/tbody>\n<\/table>","protected":false},"featured_media":1398,"comment_status":"open","ping_status":"closed","template":"","meta":{"_acf_changed":false},"product_brand":[],"product_cat":[29,244],"product_tag":[],"class_list":{"0":"post-961","1":"product","2":"type-product","3":"status-publish","4":"has-post-thumbnail","6":"product_cat-kipper-anhaenger","7":"product_cat-rueckwaertskipper","9":"first","10":"instock","11":"featured","12":"shipping-taxable","13":"purchasable","14":"product-type-simple"},"acf":[],"yoast_head":"<!-- This site is optimized with the Yoast SEO plugin v27.4 - https:\/\/yoast.com\/product\/yoast-seo-wordpress\/ -->\n<title>Daltec KA 1500 LUX, 2500x1600x300 mm, 1500 Kg - Daltec<\/title>\n<meta name=\"robots\" content=\"index, follow, max-snippet:-1, max-image-preview:large, max-video-preview:-1\" \/>\n<link rel=\"canonical\" href=\"https:\/\/daltec.ch\/fr\/product\/ka-3500-lux\/\" \/>\n<meta property=\"og:locale\" content=\"fr_FR\" \/>\n<meta property=\"og:type\" content=\"article\" \/>\n<meta property=\"og:title\" content=\"Daltec KA 1500 LUX, 2500x1600x300 mm, 1500 Kg - Daltec\" \/>\n<meta property=\"og:description\" content=\"Preis: Siehe Preisliste auf Startseite Hochwertiger Dreiseitenkipper - Sorgt f\u00fcr Komfort und Sicherheit Technische Daten    L\u00e4nge 2500 mm   Breite 1600 mm   H\u00f6he 300 mm   Achsen 2    Gesamtgewich 1500 kg   Nutzlast 1040 kg   R\u00e4der 185 R14 C    Optionen    Flachplane 250 CHF   St\u00fctzf\u00fcsse (Paar) 220 CHF   Gittteraufsatz 600 mm 950 CHF   Bordwanderh\u00f6hng Alu 940 CHF   Laderampe Alu Paar 3T (250 x 30 x 10 cm) 990 CHF\" \/>\n<meta property=\"og:url\" content=\"https:\/\/daltec.ch\/fr\/product\/ka-3500-lux\/\" \/>\n<meta property=\"og:site_name\" content=\"Daltec\" \/>\n<meta property=\"article:publisher\" content=\"https:\/\/www.facebook.com\/DaltecAG\" \/>\n<meta property=\"article:modified_time\" content=\"2025-07-28T08:56:36+00:00\" \/>\n<meta property=\"og:image\" content=\"https:\/\/daltec.ch\/wp-content\/uploads\/2024\/06\/KA-3500-LUX-mit-Gitteraufsatz-1.jpg\" \/>\n\t<meta property=\"og:image:width\" content=\"600\" \/>\n\t<meta property=\"og:image:height\" content=\"600\" \/>\n\t<meta property=\"og:image:type\" content=\"image\/jpeg\" \/>\n<meta name=\"twitter:card\" content=\"summary_large_image\" \/>\n<meta name=\"twitter:label1\" content=\"Dur\u00e9e de lecture estim\u00e9e\" \/>\n\t<meta name=\"twitter:data1\" content=\"1 minute\" \/>\n<script type=\"application\/ld+json\" class=\"yoast-schema-graph\">{\"@context\":\"https:\\\/\\\/schema.org\",\"@graph\":[{\"@type\":\"WebPage\",\"@id\":\"https:\\\/\\\/daltec.ch\\\/product\\\/ka-3500-lux\",\"url\":\"https:\\\/\\\/daltec.ch\\\/product\\\/ka-3500-lux\",\"name\":\"Daltec KA 1500 LUX, 2500x1600x300 mm, 1500 Kg - Daltec\",\"isPartOf\":{\"@id\":\"https:\\\/\\\/daltec.ch\\\/fr\\\/#website\"},\"primaryImageOfPage\":{\"@id\":\"https:\\\/\\\/daltec.ch\\\/product\\\/ka-3500-lux#primaryimage\"},\"image\":{\"@id\":\"https:\\\/\\\/daltec.ch\\\/product\\\/ka-3500-lux#primaryimage\"},\"thumbnailUrl\":\"https:\\\/\\\/daltec.ch\\\/wp-content\\\/uploads\\\/2024\\\/06\\\/KA-3500-LUX-mit-Gitteraufsatz-1.jpg\",\"datePublished\":\"2024-06-19T11:35:37+00:00\",\"dateModified\":\"2025-07-28T08:56:36+00:00\",\"breadcrumb\":{\"@id\":\"https:\\\/\\\/daltec.ch\\\/product\\\/ka-3500-lux#breadcrumb\"},\"inLanguage\":\"fr-FR\",\"potentialAction\":[{\"@type\":\"ReadAction\",\"target\":[\"https:\\\/\\\/daltec.ch\\\/product\\\/ka-3500-lux\"]}]},{\"@type\":\"ImageObject\",\"inLanguage\":\"fr-FR\",\"@id\":\"https:\\\/\\\/daltec.ch\\\/product\\\/ka-3500-lux#primaryimage\",\"url\":\"https:\\\/\\\/daltec.ch\\\/wp-content\\\/uploads\\\/2024\\\/06\\\/KA-3500-LUX-mit-Gitteraufsatz-1.jpg\",\"contentUrl\":\"https:\\\/\\\/daltec.ch\\\/wp-content\\\/uploads\\\/2024\\\/06\\\/KA-3500-LUX-mit-Gitteraufsatz-1.jpg\",\"width\":600,\"height\":600},{\"@type\":\"BreadcrumbList\",\"@id\":\"https:\\\/\\\/daltec.ch\\\/product\\\/ka-3500-lux#breadcrumb\",\"itemListElement\":[{\"@type\":\"ListItem\",\"position\":1,\"name\":\"Startseite\",\"item\":\"https:\\\/\\\/daltec.ch\\\/\"},{\"@type\":\"ListItem\",\"position\":2,\"name\":\"anhaenger\",\"item\":\"https:\\\/\\\/daltec.ch\\\/anhaenger\"},{\"@type\":\"ListItem\",\"position\":3,\"name\":\"Daltec KA 1500 LUX, 2500x1600x300 mm, 1500 Kg\"}]},{\"@type\":\"WebSite\",\"@id\":\"https:\\\/\\\/daltec.ch\\\/fr\\\/#website\",\"url\":\"https:\\\/\\\/daltec.ch\\\/fr\\\/\",\"name\":\"Daltec Trailers\",\"description\":\"\",\"publisher\":{\"@id\":\"https:\\\/\\\/daltec.ch\\\/fr\\\/#organization\"},\"potentialAction\":[{\"@type\":\"SearchAction\",\"target\":{\"@type\":\"EntryPoint\",\"urlTemplate\":\"https:\\\/\\\/daltec.ch\\\/fr\\\/?s={search_term_string}\"},\"query-input\":{\"@type\":\"PropertyValueSpecification\",\"valueRequired\":true,\"valueName\":\"search_term_string\"}}],\"inLanguage\":\"fr-FR\"},{\"@type\":\"Organization\",\"@id\":\"https:\\\/\\\/daltec.ch\\\/fr\\\/#organization\",\"name\":\"Daltec AG\",\"url\":\"https:\\\/\\\/daltec.ch\\\/fr\\\/\",\"logo\":{\"@type\":\"ImageObject\",\"inLanguage\":\"fr-FR\",\"@id\":\"https:\\\/\\\/daltec.ch\\\/fr\\\/#\\\/schema\\\/logo\\\/image\\\/\",\"url\":\"https:\\\/\\\/daltec.ch\\\/wp-content\\\/uploads\\\/2025\\\/08\\\/dlteclogo.webp\",\"contentUrl\":\"https:\\\/\\\/daltec.ch\\\/wp-content\\\/uploads\\\/2025\\\/08\\\/dlteclogo.webp\",\"width\":500,\"height\":195,\"caption\":\"Daltec AG\"},\"image\":{\"@id\":\"https:\\\/\\\/daltec.ch\\\/fr\\\/#\\\/schema\\\/logo\\\/image\\\/\"},\"sameAs\":[\"https:\\\/\\\/www.facebook.com\\\/DaltecAG\"]}]}<\/script>\n<!-- \/ Yoast SEO plugin. -->","yoast_head_json":{"title":"Daltec KA 1500 LUX, 2500x1600x300 mm, 1500 Kg - Daltec","robots":{"index":"index","follow":"follow","max-snippet":"max-snippet:-1","max-image-preview":"max-image-preview:large","max-video-preview":"max-video-preview:-1"},"canonical":"https:\/\/daltec.ch\/fr\/product\/ka-3500-lux\/","og_locale":"fr_FR","og_type":"article","og_title":"Daltec KA 1500 LUX, 2500x1600x300 mm, 1500 Kg - Daltec","og_description":"Preis: Siehe Preisliste auf Startseite Hochwertiger Dreiseitenkipper - Sorgt f\u00fcr Komfort und Sicherheit Technische Daten    L\u00e4nge 2500 mm   Breite 1600 mm   H\u00f6he 300 mm   Achsen 2    Gesamtgewich 1500 kg   Nutzlast 1040 kg   R\u00e4der 185 R14 C    Optionen    Flachplane 250 CHF   St\u00fctzf\u00fcsse (Paar) 220 CHF   Gittteraufsatz 600 mm 950 CHF   Bordwanderh\u00f6hng Alu 940 CHF   Laderampe Alu Paar 3T (250 x 30 x 10 cm) 990 CHF","og_url":"https:\/\/daltec.ch\/fr\/product\/ka-3500-lux\/","og_site_name":"Daltec","article_publisher":"https:\/\/www.facebook.com\/DaltecAG","article_modified_time":"2025-07-28T08:56:36+00:00","og_image":[{"width":600,"height":600,"url":"https:\/\/daltec.ch\/wp-content\/uploads\/2024\/06\/KA-3500-LUX-mit-Gitteraufsatz-1.jpg","type":"image\/jpeg"}],"twitter_card":"summary_large_image","twitter_misc":{"Dur\u00e9e de lecture estim\u00e9e":"1 minute"},"schema":{"@context":"https:\/\/schema.org","@graph":[{"@type":"WebPage","@id":"https:\/\/daltec.ch\/product\/ka-3500-lux","url":"https:\/\/daltec.ch\/product\/ka-3500-lux","name":"Daltec KA 1500 LUX, 2500x1600x300 mm, 1500 Kg - Daltec","isPartOf":{"@id":"https:\/\/daltec.ch\/fr\/#website"},"primaryImageOfPage":{"@id":"https:\/\/daltec.ch\/product\/ka-3500-lux#primaryimage"},"image":{"@id":"https:\/\/daltec.ch\/product\/ka-3500-lux#primaryimage"},"thumbnailUrl":"https:\/\/daltec.ch\/wp-content\/uploads\/2024\/06\/KA-3500-LUX-mit-Gitteraufsatz-1.jpg","datePublished":"2024-06-19T11:35:37+00:00","dateModified":"2025-07-28T08:56:36+00:00","breadcrumb":{"@id":"https:\/\/daltec.ch\/product\/ka-3500-lux#breadcrumb"},"inLanguage":"fr-FR","potentialAction":[{"@type":"ReadAction","target":["https:\/\/daltec.ch\/product\/ka-3500-lux"]}]},{"@type":"ImageObject","inLanguage":"fr-FR","@id":"https:\/\/daltec.ch\/product\/ka-3500-lux#primaryimage","url":"https:\/\/daltec.ch\/wp-content\/uploads\/2024\/06\/KA-3500-LUX-mit-Gitteraufsatz-1.jpg","contentUrl":"https:\/\/daltec.ch\/wp-content\/uploads\/2024\/06\/KA-3500-LUX-mit-Gitteraufsatz-1.jpg","width":600,"height":600},{"@type":"BreadcrumbList","@id":"https:\/\/daltec.ch\/product\/ka-3500-lux#breadcrumb","itemListElement":[{"@type":"ListItem","position":1,"name":"Startseite","item":"https:\/\/daltec.ch\/"},{"@type":"ListItem","position":2,"name":"anhaenger","item":"https:\/\/daltec.ch\/anhaenger"},{"@type":"ListItem","position":3,"name":"Daltec KA 1500 LUX, 2500x1600x300 mm, 1500 Kg"}]},{"@type":"WebSite","@id":"https:\/\/daltec.ch\/fr\/#website","url":"https:\/\/daltec.ch\/fr\/","name":"Daltec Trailers","description":"","publisher":{"@id":"https:\/\/daltec.ch\/fr\/#organization"},"potentialAction":[{"@type":"SearchAction","target":{"@type":"EntryPoint","urlTemplate":"https:\/\/daltec.ch\/fr\/?s={search_term_string}"},"query-input":{"@type":"PropertyValueSpecification","valueRequired":true,"valueName":"search_term_string"}}],"inLanguage":"fr-FR"},{"@type":"Organization","@id":"https:\/\/daltec.ch\/fr\/#organization","name":"Daltec AG","url":"https:\/\/daltec.ch\/fr\/","logo":{"@type":"ImageObject","inLanguage":"fr-FR","@id":"https:\/\/daltec.ch\/fr\/#\/schema\/logo\/image\/","url":"https:\/\/daltec.ch\/wp-content\/uploads\/2025\/08\/dlteclogo.webp","contentUrl":"https:\/\/daltec.ch\/wp-content\/uploads\/2025\/08\/dlteclogo.webp","width":500,"height":195,"caption":"Daltec AG"},"image":{"@id":"https:\/\/daltec.ch\/fr\/#\/schema\/logo\/image\/"},"sameAs":["https:\/\/www.facebook.com\/DaltecAG"]}]}},"_links":{"self":[{"href":"https:\/\/daltec.ch\/fr\/wp-json\/wp\/v2\/product\/961","targetHints":{"allow":["GET"]}}],"collection":[{"href":"https:\/\/daltec.ch\/fr\/wp-json\/wp\/v2\/product"}],"about":[{"href":"https:\/\/daltec.ch\/fr\/wp-json\/wp\/v2\/types\/product"}],"replies":[{"embeddable":true,"href":"https:\/\/daltec.ch\/fr\/wp-json\/wp\/v2\/comments?post=961"}],"wp:featuredmedia":[{"embeddable":true,"href":"https:\/\/daltec.ch\/fr\/wp-json\/wp\/v2\/media\/1398"}],"wp:attachment":[{"href":"https:\/\/daltec.ch\/fr\/wp-json\/wp\/v2\/media?parent=961"}],"wp:term":[{"taxonomy":"product_brand","embeddable":true,"href":"https:\/\/daltec.ch\/fr\/wp-json\/wp\/v2\/product_brand?post=961"},{"taxonomy":"product_cat","embeddable":true,"href":"https:\/\/daltec.ch\/fr\/wp-json\/wp\/v2\/product_cat?post=961"},{"taxonomy":"product_tag","embeddable":true,"href":"https:\/\/daltec.ch\/fr\/wp-json\/wp\/v2\/product_tag?post=961"}],"curies":[{"name":"wp","href":"https:\/\/api.w.org\/{rel}","templated":true}]}}