{"id":968,"date":"2024-06-20T05:50:30","date_gmt":"2024-06-20T05:50:30","guid":{"rendered":"https:\/\/demo.shrinkwaterindia.com\/?post_type=product&#038;p=968"},"modified":"2025-06-17T21:16:46","modified_gmt":"2025-06-17T21:16:46","slug":"vz-18-econo-b","status":"publish","type":"product","link":"https:\/\/daltec.ch\/fr\/product\/vz-18-econo-b","title":{"rendered":"Daltec VZ 18 Econo B, 1770x1100x400 mm, 750 Kg"},"content":{"rendered":"<p><em><strong>Prix: voir liste de prix sur page d'accueil<\/strong><\/em><\/p>\n<p>Remorque classique pour voitures pour des chargements l\u00e9gers. \u00c9quip\u00e9e de freins pour une plus grande s\u00e9curit\u00e9, une conduite sans probl\u00e8me en montagne et une protection \u00e0 long terme pour le v\u00e9hicule tracteur. Les parois en t\u00f4le et la construction simple et robuste garantissent une longue dur\u00e9e de vie. Conduite stable et facile gr\u00e2ce au centre de gravit\u00e9 bas. Diff\u00e9rentes options, comme une b\u00e2che plate ou haute, sont disponibles.-<\/p>\n<p>*Les images peuvent contenir des options qui ne sont pas pr\u00e9sentes dans la version standard.<\/p>\n<p><strong>Equipement:<\/strong><\/p>\n<p>Ch\u00e2ssis : Cadre de base soud\u00e9, galvanis\u00e9 et viss\u00e9, dispositif d'attelage en V, attelage \u00e0 boule, corde d'arrachage, pare-boue en plastique, roue jockey r\u00e9glable en hauteur Essieu : Essieu \u00e0 ressort de torsion AL-KO\/Knott, frein \u00e0 main, marche arri\u00e8re automatique Carrosserie : Ridelles en t\u00f4le, galvanis\u00e9es \u00e0 chaud, hauteur 400 mm Plancher : Plaque s\u00e9rigraphi\u00e9e 15 mm, 4 anneaux de fixation pour s\u00e9curiser le chargement Syst\u00e8me d'\u00e9clairage : Selon les normes du code de la route ; 12V, prise 13 p\u00f4les<\/p>","protected":false},"excerpt":{"rendered":"<h5>Prix: voir liste de prix sur page d'accueil<\/h5>\n<p>Transporteur de bagages frein\u00e9 pour les particuliers - Prix avantageux<\/p>\n<h5>Sp\u00e9cifications<\/h5>\n<table class=\"table\">\n<tbody>\n<tr>\n<th>Longueur int\u00e9rieure<\/th>\n<td>1770 <small>mm<\/small><\/td>\n<\/tr>\n<tr>\n<th>Largeur int\u00e9rieure<\/th>\n<td>1100 <small>mm<\/small><\/td>\n<\/tr>\n<tr>\n<th>Hauteur int\u00e9rieure<\/th>\n<td>400 <small>mm<\/small><\/td>\n<\/tr>\n<tr>\n<th>Essieux<\/th>\n<td>1 <small><\/small><\/td>\n<\/tr>\n<tr>\n<th>Poids total<\/th>\n<td>750 <small>kg<\/small><\/td>\n<\/tr>\n<tr>\n<th>Charge utile<\/th>\n<td>579 <small>kg<\/small><\/td>\n<\/tr>\n<tr>\n<th>Roues<\/th>\n<td>165\/70 R 13 <small><\/small><\/td>\n<\/tr>\n<\/tbody>\n<\/table>\n<h6>Options<\/h6>\n<table>\n<tbody>\n<tr>\n<td>Rehaussement de la paroi lat\u00e9rale 400 mm<\/td>\n<td>380 CHF<\/td>\n<\/tr>\n<tr>\n<td>B\u00e2che plate avec \u00e9lastique<br \/>\n<strong>Pour VZ 18<\/strong><\/td>\n<td>260 CHF<\/td>\n<\/tr>\n<tr>\n<td>B\u00e2che haute (H. 1350 mm)<br \/>\n<strong>Pour VZ 18<\/strong><\/td>\n<td>590 CHF<\/td>\n<\/tr>\n<tr>\n<td>Pied de support avec support (paire)<\/td>\n<td>100 CHF<\/td>\n<\/tr>\n<\/tbody>\n<\/table>","protected":false},"featured_media":1442,"comment_status":"open","ping_status":"closed","template":"","meta":{"_acf_changed":false},"product_brand":[],"product_cat":[15],"product_tag":[],"class_list":{"0":"post-968","1":"product","2":"type-product","3":"status-publish","4":"has-post-thumbnail","6":"product_cat-tieflader-anhaenger","8":"first","9":"instock","10":"featured","11":"shipping-taxable","12":"purchasable","13":"product-type-simple"},"acf":[],"yoast_head":"<!-- This site is optimized with the Yoast SEO plugin v27.4 - https:\/\/yoast.com\/product\/yoast-seo-wordpress\/ -->\n<title>Daltec VZ 18 Econo B, 1770x1100x400 mm, 750 Kg - Daltec<\/title>\n<meta name=\"robots\" content=\"index, follow, max-snippet:-1, max-image-preview:large, max-video-preview:-1\" \/>\n<link rel=\"canonical\" href=\"https:\/\/daltec.ch\/fr\/product\/vz-18-econo-b\/\" \/>\n<meta property=\"og:locale\" content=\"fr_FR\" \/>\n<meta property=\"og:type\" content=\"article\" \/>\n<meta property=\"og:title\" content=\"Daltec VZ 18 Econo B, 1770x1100x400 mm, 750 Kg - Daltec\" \/>\n<meta property=\"og:description\" content=\"Preis: Siehe Preisliste auf Startseite Gebremster Gep\u00e4cktransporter f\u00fcr Privatpersonen - Preisg\u00fcnstig Technische Daten    L\u00e4nge 1770 mm   Breite 1100 mm   H\u00f6he 400 mm   Achsen 1    Gesamtgewicht 750 kg   Nutzlast 579 kg   R\u00e4der 165\/70 R 13     Optionen    Bordwanderh\u00f6hung 400 mm 380 CHF   Flachplane mit Gummizug F\u00fcr VZ 18 260 CHF   Plane hoch (H. 1350 mm) F\u00fcr VZ 18 590 CHF   St\u00fctzfuss mit Halter (Paar) 100 CHF\" \/>\n<meta property=\"og:url\" content=\"https:\/\/daltec.ch\/fr\/product\/vz-18-econo-b\/\" \/>\n<meta property=\"og:site_name\" content=\"Daltec\" \/>\n<meta property=\"article:publisher\" content=\"https:\/\/www.facebook.com\/DaltecAG\" \/>\n<meta property=\"article:modified_time\" content=\"2025-06-17T21:16:46+00:00\" \/>\n<meta property=\"og:image\" content=\"https:\/\/daltec.ch\/wp-content\/uploads\/2024\/06\/vz_18_econo_b_1-1.jpg\" \/>\n\t<meta property=\"og:image:width\" content=\"1000\" \/>\n\t<meta property=\"og:image:height\" content=\"1000\" \/>\n\t<meta property=\"og:image:type\" content=\"image\/jpeg\" \/>\n<meta name=\"twitter:card\" content=\"summary_large_image\" \/>\n<meta name=\"twitter:label1\" content=\"Dur\u00e9e de lecture estim\u00e9e\" \/>\n\t<meta name=\"twitter:data1\" content=\"1 minute\" \/>\n<script type=\"application\/ld+json\" class=\"yoast-schema-graph\">{\"@context\":\"https:\\\/\\\/schema.org\",\"@graph\":[{\"@type\":\"WebPage\",\"@id\":\"https:\\\/\\\/daltec.ch\\\/product\\\/vz-18-econo-b\",\"url\":\"https:\\\/\\\/daltec.ch\\\/product\\\/vz-18-econo-b\",\"name\":\"Daltec VZ 18 Econo B, 1770x1100x400 mm, 750 Kg - Daltec\",\"isPartOf\":{\"@id\":\"https:\\\/\\\/daltec.ch\\\/fr\\\/#website\"},\"primaryImageOfPage\":{\"@id\":\"https:\\\/\\\/daltec.ch\\\/product\\\/vz-18-econo-b#primaryimage\"},\"image\":{\"@id\":\"https:\\\/\\\/daltec.ch\\\/product\\\/vz-18-econo-b#primaryimage\"},\"thumbnailUrl\":\"https:\\\/\\\/daltec.ch\\\/wp-content\\\/uploads\\\/2024\\\/06\\\/vz_18_econo_b_1-1.jpg\",\"datePublished\":\"2024-06-20T05:50:30+00:00\",\"dateModified\":\"2025-06-17T21:16:46+00:00\",\"breadcrumb\":{\"@id\":\"https:\\\/\\\/daltec.ch\\\/product\\\/vz-18-econo-b#breadcrumb\"},\"inLanguage\":\"fr-FR\",\"potentialAction\":[{\"@type\":\"ReadAction\",\"target\":[\"https:\\\/\\\/daltec.ch\\\/product\\\/vz-18-econo-b\"]}]},{\"@type\":\"ImageObject\",\"inLanguage\":\"fr-FR\",\"@id\":\"https:\\\/\\\/daltec.ch\\\/product\\\/vz-18-econo-b#primaryimage\",\"url\":\"https:\\\/\\\/daltec.ch\\\/wp-content\\\/uploads\\\/2024\\\/06\\\/vz_18_econo_b_1-1.jpg\",\"contentUrl\":\"https:\\\/\\\/daltec.ch\\\/wp-content\\\/uploads\\\/2024\\\/06\\\/vz_18_econo_b_1-1.jpg\",\"width\":1000,\"height\":1000},{\"@type\":\"BreadcrumbList\",\"@id\":\"https:\\\/\\\/daltec.ch\\\/product\\\/vz-18-econo-b#breadcrumb\",\"itemListElement\":[{\"@type\":\"ListItem\",\"position\":1,\"name\":\"Startseite\",\"item\":\"https:\\\/\\\/daltec.ch\\\/\"},{\"@type\":\"ListItem\",\"position\":2,\"name\":\"anhaenger\",\"item\":\"https:\\\/\\\/daltec.ch\\\/anhaenger\"},{\"@type\":\"ListItem\",\"position\":3,\"name\":\"Daltec VZ 18 Econo B, 1770x1100x400 mm, 750 Kg\"}]},{\"@type\":\"WebSite\",\"@id\":\"https:\\\/\\\/daltec.ch\\\/fr\\\/#website\",\"url\":\"https:\\\/\\\/daltec.ch\\\/fr\\\/\",\"name\":\"Daltec Trailers\",\"description\":\"\",\"publisher\":{\"@id\":\"https:\\\/\\\/daltec.ch\\\/fr\\\/#organization\"},\"potentialAction\":[{\"@type\":\"SearchAction\",\"target\":{\"@type\":\"EntryPoint\",\"urlTemplate\":\"https:\\\/\\\/daltec.ch\\\/fr\\\/?s={search_term_string}\"},\"query-input\":{\"@type\":\"PropertyValueSpecification\",\"valueRequired\":true,\"valueName\":\"search_term_string\"}}],\"inLanguage\":\"fr-FR\"},{\"@type\":\"Organization\",\"@id\":\"https:\\\/\\\/daltec.ch\\\/fr\\\/#organization\",\"name\":\"Daltec AG\",\"url\":\"https:\\\/\\\/daltec.ch\\\/fr\\\/\",\"logo\":{\"@type\":\"ImageObject\",\"inLanguage\":\"fr-FR\",\"@id\":\"https:\\\/\\\/daltec.ch\\\/fr\\\/#\\\/schema\\\/logo\\\/image\\\/\",\"url\":\"https:\\\/\\\/daltec.ch\\\/wp-content\\\/uploads\\\/2025\\\/08\\\/dlteclogo.webp\",\"contentUrl\":\"https:\\\/\\\/daltec.ch\\\/wp-content\\\/uploads\\\/2025\\\/08\\\/dlteclogo.webp\",\"width\":500,\"height\":195,\"caption\":\"Daltec AG\"},\"image\":{\"@id\":\"https:\\\/\\\/daltec.ch\\\/fr\\\/#\\\/schema\\\/logo\\\/image\\\/\"},\"sameAs\":[\"https:\\\/\\\/www.facebook.com\\\/DaltecAG\"]}]}<\/script>\n<!-- \/ Yoast SEO plugin. -->","yoast_head_json":{"title":"Daltec VZ 18 Econo B, 1770x1100x400 mm, 750 Kg - Daltec","robots":{"index":"index","follow":"follow","max-snippet":"max-snippet:-1","max-image-preview":"max-image-preview:large","max-video-preview":"max-video-preview:-1"},"canonical":"https:\/\/daltec.ch\/fr\/product\/vz-18-econo-b\/","og_locale":"fr_FR","og_type":"article","og_title":"Daltec VZ 18 Econo B, 1770x1100x400 mm, 750 Kg - Daltec","og_description":"Preis: Siehe Preisliste auf Startseite Gebremster Gep\u00e4cktransporter f\u00fcr Privatpersonen - Preisg\u00fcnstig Technische Daten    L\u00e4nge 1770 mm   Breite 1100 mm   H\u00f6he 400 mm   Achsen 1    Gesamtgewicht 750 kg   Nutzlast 579 kg   R\u00e4der 165\/70 R 13     Optionen    Bordwanderh\u00f6hung 400 mm 380 CHF   Flachplane mit Gummizug F\u00fcr VZ 18 260 CHF   Plane hoch (H. 1350 mm) F\u00fcr VZ 18 590 CHF   St\u00fctzfuss mit Halter (Paar) 100 CHF","og_url":"https:\/\/daltec.ch\/fr\/product\/vz-18-econo-b\/","og_site_name":"Daltec","article_publisher":"https:\/\/www.facebook.com\/DaltecAG","article_modified_time":"2025-06-17T21:16:46+00:00","og_image":[{"width":1000,"height":1000,"url":"https:\/\/daltec.ch\/wp-content\/uploads\/2024\/06\/vz_18_econo_b_1-1.jpg","type":"image\/jpeg"}],"twitter_card":"summary_large_image","twitter_misc":{"Dur\u00e9e de lecture estim\u00e9e":"1 minute"},"schema":{"@context":"https:\/\/schema.org","@graph":[{"@type":"WebPage","@id":"https:\/\/daltec.ch\/product\/vz-18-econo-b","url":"https:\/\/daltec.ch\/product\/vz-18-econo-b","name":"Daltec VZ 18 Econo B, 1770x1100x400 mm, 750 Kg - Daltec","isPartOf":{"@id":"https:\/\/daltec.ch\/fr\/#website"},"primaryImageOfPage":{"@id":"https:\/\/daltec.ch\/product\/vz-18-econo-b#primaryimage"},"image":{"@id":"https:\/\/daltec.ch\/product\/vz-18-econo-b#primaryimage"},"thumbnailUrl":"https:\/\/daltec.ch\/wp-content\/uploads\/2024\/06\/vz_18_econo_b_1-1.jpg","datePublished":"2024-06-20T05:50:30+00:00","dateModified":"2025-06-17T21:16:46+00:00","breadcrumb":{"@id":"https:\/\/daltec.ch\/product\/vz-18-econo-b#breadcrumb"},"inLanguage":"fr-FR","potentialAction":[{"@type":"ReadAction","target":["https:\/\/daltec.ch\/product\/vz-18-econo-b"]}]},{"@type":"ImageObject","inLanguage":"fr-FR","@id":"https:\/\/daltec.ch\/product\/vz-18-econo-b#primaryimage","url":"https:\/\/daltec.ch\/wp-content\/uploads\/2024\/06\/vz_18_econo_b_1-1.jpg","contentUrl":"https:\/\/daltec.ch\/wp-content\/uploads\/2024\/06\/vz_18_econo_b_1-1.jpg","width":1000,"height":1000},{"@type":"BreadcrumbList","@id":"https:\/\/daltec.ch\/product\/vz-18-econo-b#breadcrumb","itemListElement":[{"@type":"ListItem","position":1,"name":"Startseite","item":"https:\/\/daltec.ch\/"},{"@type":"ListItem","position":2,"name":"anhaenger","item":"https:\/\/daltec.ch\/anhaenger"},{"@type":"ListItem","position":3,"name":"Daltec VZ 18 Econo B, 1770x1100x400 mm, 750 Kg"}]},{"@type":"WebSite","@id":"https:\/\/daltec.ch\/fr\/#website","url":"https:\/\/daltec.ch\/fr\/","name":"Daltec Trailers","description":"","publisher":{"@id":"https:\/\/daltec.ch\/fr\/#organization"},"potentialAction":[{"@type":"SearchAction","target":{"@type":"EntryPoint","urlTemplate":"https:\/\/daltec.ch\/fr\/?s={search_term_string}"},"query-input":{"@type":"PropertyValueSpecification","valueRequired":true,"valueName":"search_term_string"}}],"inLanguage":"fr-FR"},{"@type":"Organization","@id":"https:\/\/daltec.ch\/fr\/#organization","name":"Daltec AG","url":"https:\/\/daltec.ch\/fr\/","logo":{"@type":"ImageObject","inLanguage":"fr-FR","@id":"https:\/\/daltec.ch\/fr\/#\/schema\/logo\/image\/","url":"https:\/\/daltec.ch\/wp-content\/uploads\/2025\/08\/dlteclogo.webp","contentUrl":"https:\/\/daltec.ch\/wp-content\/uploads\/2025\/08\/dlteclogo.webp","width":500,"height":195,"caption":"Daltec AG"},"image":{"@id":"https:\/\/daltec.ch\/fr\/#\/schema\/logo\/image\/"},"sameAs":["https:\/\/www.facebook.com\/DaltecAG"]}]}},"_links":{"self":[{"href":"https:\/\/daltec.ch\/fr\/wp-json\/wp\/v2\/product\/968","targetHints":{"allow":["GET"]}}],"collection":[{"href":"https:\/\/daltec.ch\/fr\/wp-json\/wp\/v2\/product"}],"about":[{"href":"https:\/\/daltec.ch\/fr\/wp-json\/wp\/v2\/types\/product"}],"replies":[{"embeddable":true,"href":"https:\/\/daltec.ch\/fr\/wp-json\/wp\/v2\/comments?post=968"}],"wp:featuredmedia":[{"embeddable":true,"href":"https:\/\/daltec.ch\/fr\/wp-json\/wp\/v2\/media\/1442"}],"wp:attachment":[{"href":"https:\/\/daltec.ch\/fr\/wp-json\/wp\/v2\/media?parent=968"}],"wp:term":[{"taxonomy":"product_brand","embeddable":true,"href":"https:\/\/daltec.ch\/fr\/wp-json\/wp\/v2\/product_brand?post=968"},{"taxonomy":"product_cat","embeddable":true,"href":"https:\/\/daltec.ch\/fr\/wp-json\/wp\/v2\/product_cat?post=968"},{"taxonomy":"product_tag","embeddable":true,"href":"https:\/\/daltec.ch\/fr\/wp-json\/wp\/v2\/product_tag?post=968"}],"curies":[{"name":"wp","href":"https:\/\/api.w.org\/{rel}","templated":true}]}}